{"id":5194,"date":"2021-05-12T14:12:53","date_gmt":"2021-05-12T18:12:53","guid":{"rendered":"http:\/\/www.apls.ca\/?page_id=5194"},"modified":"2021-05-12T14:17:02","modified_gmt":"2021-05-12T18:17:02","slug":"nous-joindre","status":"publish","type":"page","link":"https:\/\/www.apls.ca\/en\/inscriptions\/nous-joindre","title":{"rendered":"Nous Joindre"},"content":{"rendered":"\n<p><strong>Association des Propri\u00e9taires du Lac Simon<\/strong><\/p>\n\n\n\n<p><strong>par notre adresse postale: <\/strong><\/p>\n\n\n\n<p>C.P. 3571<br \/>Lac-Simon, Ch\u00e9n\u00e9ville, QC<br \/>J0V 1E0<\/p>\n\n\n\n<p><strong>Vous pouvez nous rejoindre par courriel:<\/strong><br \/>assoc.proprietaireslacsimon@gmail.com<\/p>\n\n\n\n<p><strong>Facebook:<\/strong><br \/><a href=\"https:\/\/www.facebook.com\/AssociationProprietairesLacSimon\">https:\/\/www.facebook.com\/AssociationProprietairesLacSimon<\/a><\/p>\n\n<!-- FB Like Button Starbit IT Solutions BEGIN -->\n<div class=\"fb-like\" data-href=\"https:\/\/www.apls.ca\/en\/inscriptions\/nous-joindre\" data-layout=\"standard\" data-action=\"like\" data-show-faces=\"true\" data-size=\"small\" data-width=\"450\" data-share=\"1\" ><\/div>\n<!-- FB Like Button Starbit IT Solutions END -->\n","protected":false},"excerpt":{"rendered":"<p>Association des Propri\u00e9taires du Lac Simon par notre adresse postale: C.P. 3571Lac-Simon, Ch\u00e9n\u00e9ville, QCJ0V 1E0 Vous pouvez nous rejoindre par courriel:assoc.proprietaireslacsimon@gmail.com Facebook:https:\/\/www.facebook.com\/AssociationProprietairesLacSimon<\/p>\n","protected":false},"author":73,"featured_media":0,"parent":164,"menu_order":0,"comment_status":"closed","ping_status":"closed","template":"","meta":{"footnotes":""},"class_list":["post-5194","page","type-page","status-publish","hentry"],"_links":{"self":[{"href":"https:\/\/www.apls.ca\/en\/wp-json\/wp\/v2\/pages\/5194","targetHints":{"allow":["GET"]}}],"collection":[{"href":"https:\/\/www.apls.ca\/en\/wp-json\/wp\/v2\/pages"}],"about":[{"href":"https:\/\/www.apls.ca\/en\/wp-json\/wp\/v2\/types\/page"}],"author":[{"embeddable":true,"href":"https:\/\/www.apls.ca\/en\/wp-json\/wp\/v2\/users\/73"}],"replies":[{"embeddable":true,"href":"https:\/\/www.apls.ca\/en\/wp-json\/wp\/v2\/comments?post=5194"}],"version-history":[{"count":2,"href":"https:\/\/www.apls.ca\/en\/wp-json\/wp\/v2\/pages\/5194\/revisions"}],"predecessor-version":[{"id":5196,"href":"https:\/\/www.apls.ca\/en\/wp-json\/wp\/v2\/pages\/5194\/revisions\/5196"}],"up":[{"embeddable":true,"href":"https:\/\/www.apls.ca\/en\/wp-json\/wp\/v2\/pages\/164"}],"wp:attachment":[{"href":"https:\/\/www.apls.ca\/en\/wp-json\/wp\/v2\/media?parent=5194"}],"curies":[{"name":"wp","href":"https:\/\/api.w.org\/{rel}","templated":true}]}}