{"id":5179,"date":"2021-05-12T13:05:44","date_gmt":"2021-05-12T17:05:44","guid":{"rendered":"http:\/\/www.apls.ca\/?page_id=5179"},"modified":"2026-05-17T09:01:03","modified_gmt":"2026-05-17T13:01:03","slug":"bibliotheques","status":"publish","type":"page","link":"https:\/\/www.apls.ca\/en\/documents\/cartes-loisirs-sports\/bibliotheques","title":{"rendered":"Biblioth\u00e8ques"},"content":{"rendered":"\n<p><strong>Biblioth\u00e8que de Ch\u00e9n\u00e9ville &amp; Lac-Simon<\/strong><\/p>\n\n\n\n<p><a href=\"https:\/\/www.reseaubibliooutaouais.qc.ca\/fr\/trouver-ma-bibliotheque\/b46\/cheneville-lac-simon\">https:\/\/www.reseaubibliooutaouais.qc.ca\/fr\/trouver-ma-bibliotheque\/b46\/cheneville-lac-simon<\/a><\/p>\n\n\n\n<p><strong>Ch\u00e9n\u00e9ville et Lac-Simon<\/strong><br \/>77, rue H\u00f4tel-de-Ville<br \/>Ch\u00e9n\u00e9ville, Qu\u00e9bec J0V 1E0<\/p>\n\n\n\n<p>T\u00e9l\u00e9phone : 819-428-3583 p. 1255<br \/>T\u00e9l\u00e9copieur : 819-428-4838<\/p>\n\n\n\n<p>Courriel :\u00a0<a href=\"mailto:biblio@ville-cheneville.com\" target=\"_blank\" rel=\"noreferrer noopener\">biblio@ville-cheneville.com<\/a><br \/>Site Web :\u00a0<a href=\"https:\/\/www.ville-cheneville.com\/bibliotheque\" target=\"_blank\" rel=\"noreferrer noopener\">https:\/\/www.ville-cheneville.com\/bibliotheque<\/a><\/p>\n\n\n<div class=\"wp-block-image\">\n<figure class=\"alignleft size-large\"><img loading=\"lazy\" decoding=\"async\" width=\"1024\" height=\"683\" src=\"http:\/\/www.apls.ca\/wp-content\/uploads\/2021\/05\/Biblioteque-1.jpg\" alt=\"\" class=\"wp-image-5180\" srcset=\"https:\/\/www.apls.ca\/wp-content\/uploads\/2021\/05\/Biblioteque-1.jpg 1024w, https:\/\/www.apls.ca\/wp-content\/uploads\/2021\/05\/Biblioteque-1-300x200.jpg 300w, https:\/\/www.apls.ca\/wp-content\/uploads\/2021\/05\/Biblioteque-1-768x512.jpg 768w\" sizes=\"auto, (max-width: 1024px) 100vw, 1024px\" \/><\/figure>\n<\/div>\n\n\n<p><strong>Biblioth\u00e8que de Duhamel<\/strong><\/p>\n\n\n\n<p><a href=\"https:\/\/www.reseaubibliooutaouais.qc.ca\/fr\/trouver-ma-bibliotheque\/b72\/duhamel\">https:\/\/www.reseaubibliooutaouais.qc.ca\/fr\/trouver-ma-bibliotheque\/b72\/duhamel<\/a><\/p>\n\n\n\n<p><strong>Duhamel<\/strong><br \/>1899, rue Principale, C.P. 22<br \/>Duhamel, Qu\u00e9bec J0V 1G0<\/p>\n\n\n\n<p>T\u00e9l\u00e9phone : 819-428-7100 p. 1655<br \/>T\u00e9l\u00e9copieur : 819-428-1941<\/p>\n\n\n\n<p>Courriel :&nbsp;<a rel=\"noreferrer noopener\" href=\"mailto:admduhamel@crsbpo.qc.ca\" target=\"_blank\">admduhamel@crsbpo.qc.ca<\/a><br \/>Site Web :&nbsp;<a rel=\"noreferrer noopener\" href=\"http:\/\/www.municipalite.duhamel.qc.ca\/bibliotheque\/\" target=\"_blank\">http:\/\/www.municipalite.duhamel.qc.ca\/bibliotheque\/<\/a><\/p>\n\n\n<div class=\"wp-block-image\">\n<figure class=\"alignleft size-large is-resized\"><img loading=\"lazy\" decoding=\"async\" width=\"500\" height=\"300\" src=\"http:\/\/www.apls.ca\/wp-content\/uploads\/2021\/05\/Biblioteque-Duhamel.jpg\" alt=\"\" class=\"wp-image-5182\" style=\"width:587px;height:352px\" srcset=\"https:\/\/www.apls.ca\/wp-content\/uploads\/2021\/05\/Biblioteque-Duhamel.jpg 500w, https:\/\/www.apls.ca\/wp-content\/uploads\/2021\/05\/Biblioteque-Duhamel-300x180.jpg 300w\" sizes=\"auto, (max-width: 500px) 100vw, 500px\" \/><\/figure>\n<\/div>","protected":false},"excerpt":{"rendered":"<p>Biblioth\u00e8que de Ch\u00e9n\u00e9ville &amp; Lac-Simon https:\/\/www.reseaubibliooutaouais.qc.ca\/fr\/trouver-ma-bibliotheque\/b46\/cheneville-lac-simon Ch\u00e9n\u00e9ville et Lac-Simon77, rue H\u00f4tel-de-VilleCh\u00e9n\u00e9ville, Qu\u00e9bec J0V 1E0 T\u00e9l\u00e9phone : 819-428-3583 p. 1255T\u00e9l\u00e9copieur : 819-428-4838 Courriel :\u00a0biblio@ville-cheneville.comSite Web :\u00a0https:\/\/www.ville-cheneville.com\/bibliotheque Biblioth\u00e8que de Duhamel https:\/\/www.reseaubibliooutaouais.qc.ca\/fr\/trouver-ma-bibliotheque\/b72\/duhamel Duhamel1899, rue Principale, C.P. 22Duhamel, Qu\u00e9bec J0V 1G0 T\u00e9l\u00e9phone : 819-428-7100 &hellip; <a href=\"https:\/\/www.apls.ca\/en\/documents\/cartes-loisirs-sports\/bibliotheques\">Continue reading <span class=\"meta-nav\">&rarr;<\/span><\/a><\/p>\n","protected":false},"author":73,"featured_media":0,"parent":2867,"menu_order":1,"comment_status":"closed","ping_status":"closed","template":"","meta":{"footnotes":""},"class_list":["post-5179","page","type-page","status-publish","hentry"],"_links":{"self":[{"href":"https:\/\/www.apls.ca\/en\/wp-json\/wp\/v2\/pages\/5179","targetHints":{"allow":["GET"]}}],"collection":[{"href":"https:\/\/www.apls.ca\/en\/wp-json\/wp\/v2\/pages"}],"about":[{"href":"https:\/\/www.apls.ca\/en\/wp-json\/wp\/v2\/types\/page"}],"author":[{"embeddable":true,"href":"https:\/\/www.apls.ca\/en\/wp-json\/wp\/v2\/users\/73"}],"replies":[{"embeddable":true,"href":"https:\/\/www.apls.ca\/en\/wp-json\/wp\/v2\/comments?post=5179"}],"version-history":[{"count":3,"href":"https:\/\/www.apls.ca\/en\/wp-json\/wp\/v2\/pages\/5179\/revisions"}],"predecessor-version":[{"id":6643,"href":"https:\/\/www.apls.ca\/en\/wp-json\/wp\/v2\/pages\/5179\/revisions\/6643"}],"up":[{"embeddable":true,"href":"https:\/\/www.apls.ca\/en\/wp-json\/wp\/v2\/pages\/2867"}],"wp:attachment":[{"href":"https:\/\/www.apls.ca\/en\/wp-json\/wp\/v2\/media?parent=5179"}],"curies":[{"name":"wp","href":"https:\/\/api.w.org\/{rel}","templated":true}]}}