{"id":5166,"date":"2021-05-12T12:41:27","date_gmt":"2021-05-12T16:41:27","guid":{"rendered":"http:\/\/www.apls.ca\/?page_id=5166"},"modified":"2021-05-12T12:43:34","modified_gmt":"2021-05-12T16:43:34","slug":"reserve-faunique-de-papineau-labelle","status":"publish","type":"page","link":"https:\/\/www.apls.ca\/en\/documents\/loisirs-et-sports\/reserve-faunique-de-papineau-labelle","title":{"rendered":"Sentiers R\u00e9serve Faunique de Papineau-Labelle (SEPAQ)"},"content":{"rendered":"\n<p><strong>La<\/strong> <strong>r\u00e9serve faunique de Papineau-Labelle<\/strong> vous offre un cadre visuel exceptionnel pour pratiquer le ski nordique. Pr\u00e8s de 100 km de sentiers balis\u00e9s, mais non entretenus m\u00e9caniquement, sont de niveau d\u00e9butant et interm\u00e9diaire. Ils sont accessibles par l'accueil Gagnon.\u00a0<\/p>\n\n\n\n<p><a href=\"http:\/\/www.apls.ca\/wp-content\/uploads\/2021\/05\/pal_carte_sentiers_hiver.pdf\">http:\/\/www.apls.ca\/wp-content\/uploads\/2021\/05\/pal_carte_sentiers_hiver.pdf<\/a><\/p>\n\n\n\n<p><a href=\"https:\/\/www.sepaq.com\/rf\/pal\/index.dot\">https:\/\/www.sepaq.com\/rf\/pal\/index.dot<\/a><\/p>\n\n\n\n<figure class=\"wp-block-image size-large\"><img loading=\"lazy\" decoding=\"async\" width=\"663\" height=\"1024\" src=\"http:\/\/www.apls.ca\/wp-content\/uploads\/2021\/05\/pal_carte_sentiers_hiver-copy-663x1024.jpg\" alt=\"\" class=\"wp-image-5169\" srcset=\"https:\/\/www.apls.ca\/wp-content\/uploads\/2021\/05\/pal_carte_sentiers_hiver-copy-663x1024.jpg 663w, https:\/\/www.apls.ca\/wp-content\/uploads\/2021\/05\/pal_carte_sentiers_hiver-copy-194x300.jpg 194w, https:\/\/www.apls.ca\/wp-content\/uploads\/2021\/05\/pal_carte_sentiers_hiver-copy-768x1187.jpg 768w, https:\/\/www.apls.ca\/wp-content\/uploads\/2021\/05\/pal_carte_sentiers_hiver-copy-994x1536.jpg 994w, https:\/\/www.apls.ca\/wp-content\/uploads\/2021\/05\/pal_carte_sentiers_hiver-copy-1325x2048.jpg 1325w, https:\/\/www.apls.ca\/wp-content\/uploads\/2021\/05\/pal_carte_sentiers_hiver-copy.jpg 1650w\" sizes=\"auto, (max-width: 663px) 100vw, 663px\" \/><\/figure>\n\n<!-- FB Like Button Starbit IT Solutions BEGIN -->\n<div class=\"fb-like\" data-href=\"https:\/\/www.apls.ca\/en\/documents\/loisirs-et-sports\/reserve-faunique-de-papineau-labelle\" data-layout=\"standard\" data-action=\"like\" data-show-faces=\"true\" data-size=\"small\" data-width=\"450\" data-share=\"1\" ><\/div>\n<!-- FB Like Button Starbit IT Solutions END -->\n","protected":false},"excerpt":{"rendered":"<p>La r\u00e9serve faunique de Papineau-Labelle vous offre un cadre visuel exceptionnel pour pratiquer le ski nordique. Pr\u00e8s de 100 km de sentiers balis\u00e9s, mais non entretenus m\u00e9caniquement, sont de niveau d\u00e9butant et interm\u00e9diaire. Ils sont accessibles par l&#8217;accueil Gagnon.\u00a0 http:\/\/www.apls.ca\/wp-content\/uploads\/2021\/05\/pal_carte_sentiers_hiver.pdf &hellip; <a href=\"https:\/\/www.apls.ca\/en\/documents\/loisirs-et-sports\/reserve-faunique-de-papineau-labelle\">Continue reading <span class=\"meta-nav\">&rarr;<\/span><\/a><\/p>\n","protected":false},"author":73,"featured_media":0,"parent":2867,"menu_order":0,"comment_status":"closed","ping_status":"closed","template":"","meta":{"footnotes":""},"class_list":["post-5166","page","type-page","status-publish","hentry"],"_links":{"self":[{"href":"https:\/\/www.apls.ca\/en\/wp-json\/wp\/v2\/pages\/5166","targetHints":{"allow":["GET"]}}],"collection":[{"href":"https:\/\/www.apls.ca\/en\/wp-json\/wp\/v2\/pages"}],"about":[{"href":"https:\/\/www.apls.ca\/en\/wp-json\/wp\/v2\/types\/page"}],"author":[{"embeddable":true,"href":"https:\/\/www.apls.ca\/en\/wp-json\/wp\/v2\/users\/73"}],"replies":[{"embeddable":true,"href":"https:\/\/www.apls.ca\/en\/wp-json\/wp\/v2\/comments?post=5166"}],"version-history":[{"count":4,"href":"https:\/\/www.apls.ca\/en\/wp-json\/wp\/v2\/pages\/5166\/revisions"}],"predecessor-version":[{"id":5177,"href":"https:\/\/www.apls.ca\/en\/wp-json\/wp\/v2\/pages\/5166\/revisions\/5177"}],"up":[{"embeddable":true,"href":"https:\/\/www.apls.ca\/en\/wp-json\/wp\/v2\/pages\/2867"}],"wp:attachment":[{"href":"https:\/\/www.apls.ca\/en\/wp-json\/wp\/v2\/media?parent=5166"}],"curies":[{"name":"wp","href":"https:\/\/api.w.org\/{rel}","templated":true}]}}