{"id":5164,"date":"2021-05-12T12:36:09","date_gmt":"2021-05-12T16:36:09","guid":{"rendered":"http:\/\/www.apls.ca\/?page_id=5164"},"modified":"2021-05-12T12:46:39","modified_gmt":"2021-05-12T16:46:39","slug":"sentiers-sepaq","status":"publish","type":"page","link":"https:\/\/www.apls.ca\/en\/documents\/loisirs-et-sports\/sentiers-sepaq","title":{"rendered":"Sentiers Centre Touristique du Lac-Simon (SEPAQ)"},"content":{"rendered":"\n<p>Le <strong>centre touristique du Lac-Simon<\/strong> offre 10 km de sentiers multifonctionnels balis\u00e9s (p\u00e9destre, raquette, ski de fond). R\u00e9partis en 6 boucles autour des chalets et dans la for\u00eat du centre touristique, ils sont accessibles aux familles.\u00a0 L\u2019entretien des sentiers peut varier selon la temp\u00e9rature.\u00a0\u00a0<\/p>\n\n\n\n<p><a href=\"http:\/\/www.apls.ca\/wp-content\/uploads\/2021\/05\/sim_carte_sentiers_hiver.pdf\">http:\/\/www.apls.ca\/wp-content\/uploads\/2021\/05\/sim_carte_sentiers_hiver.pdf<\/a><\/p>\n\n\n\n<p><a href=\"https:\/\/www.sepaq.com\/ct\/sim\/\">https:\/\/www.sepaq.com\/ct\/sim\/<\/a><\/p>\n\n\n\n<figure class=\"wp-block-image size-large\"><img loading=\"lazy\" decoding=\"async\" width=\"663\" height=\"1024\" src=\"http:\/\/www.apls.ca\/wp-content\/uploads\/2021\/05\/sim_carte_sentiers_hiver-copy-663x1024.jpg\" alt=\"\" class=\"wp-image-5162\" srcset=\"https:\/\/www.apls.ca\/wp-content\/uploads\/2021\/05\/sim_carte_sentiers_hiver-copy-663x1024.jpg 663w, https:\/\/www.apls.ca\/wp-content\/uploads\/2021\/05\/sim_carte_sentiers_hiver-copy-194x300.jpg 194w, https:\/\/www.apls.ca\/wp-content\/uploads\/2021\/05\/sim_carte_sentiers_hiver-copy-768x1187.jpg 768w, https:\/\/www.apls.ca\/wp-content\/uploads\/2021\/05\/sim_carte_sentiers_hiver-copy-994x1536.jpg 994w, https:\/\/www.apls.ca\/wp-content\/uploads\/2021\/05\/sim_carte_sentiers_hiver-copy-1325x2048.jpg 1325w, https:\/\/www.apls.ca\/wp-content\/uploads\/2021\/05\/sim_carte_sentiers_hiver-copy.jpg 1650w\" sizes=\"auto, (max-width: 663px) 100vw, 663px\" \/><\/figure>\n\n<!-- FB Like Button Starbit IT Solutions BEGIN -->\n<div class=\"fb-like\" data-href=\"https:\/\/www.apls.ca\/en\/documents\/loisirs-et-sports\/sentiers-sepaq\" data-layout=\"standard\" data-action=\"like\" data-show-faces=\"true\" data-size=\"small\" data-width=\"450\" data-share=\"1\" ><\/div>\n<!-- FB Like Button Starbit IT Solutions END -->\n","protected":false},"excerpt":{"rendered":"<p>Le centre touristique du Lac-Simon offre 10 km de sentiers multifonctionnels balis\u00e9s (p\u00e9destre, raquette, ski de fond). R\u00e9partis en 6 boucles autour des chalets et dans la for\u00eat du centre touristique, ils sont accessibles aux familles.\u00a0 L\u2019entretien des sentiers peut &hellip; <a href=\"https:\/\/www.apls.ca\/en\/documents\/loisirs-et-sports\/sentiers-sepaq\">Continue reading <span class=\"meta-nav\">&rarr;<\/span><\/a><\/p>\n","protected":false},"author":73,"featured_media":0,"parent":2867,"menu_order":0,"comment_status":"closed","ping_status":"closed","template":"","meta":{"footnotes":""},"class_list":["post-5164","page","type-page","status-publish","hentry"],"_links":{"self":[{"href":"https:\/\/www.apls.ca\/en\/wp-json\/wp\/v2\/pages\/5164","targetHints":{"allow":["GET"]}}],"collection":[{"href":"https:\/\/www.apls.ca\/en\/wp-json\/wp\/v2\/pages"}],"about":[{"href":"https:\/\/www.apls.ca\/en\/wp-json\/wp\/v2\/types\/page"}],"author":[{"embeddable":true,"href":"https:\/\/www.apls.ca\/en\/wp-json\/wp\/v2\/users\/73"}],"replies":[{"embeddable":true,"href":"https:\/\/www.apls.ca\/en\/wp-json\/wp\/v2\/comments?post=5164"}],"version-history":[{"count":3,"href":"https:\/\/www.apls.ca\/en\/wp-json\/wp\/v2\/pages\/5164\/revisions"}],"predecessor-version":[{"id":5178,"href":"https:\/\/www.apls.ca\/en\/wp-json\/wp\/v2\/pages\/5164\/revisions\/5178"}],"up":[{"embeddable":true,"href":"https:\/\/www.apls.ca\/en\/wp-json\/wp\/v2\/pages\/2867"}],"wp:attachment":[{"href":"https:\/\/www.apls.ca\/en\/wp-json\/wp\/v2\/media?parent=5164"}],"curies":[{"name":"wp","href":"https:\/\/api.w.org\/{rel}","templated":true}]}}