{"id":5026,"date":"2021-05-11T13:44:18","date_gmt":"2021-05-11T17:44:18","guid":{"rendered":"http:\/\/www.apls.ca\/?page_id=5026"},"modified":"2021-05-11T13:52:29","modified_gmt":"2021-05-11T17:52:29","slug":"2020-2","status":"publish","type":"page","link":"https:\/\/www.apls.ca\/en\/documents\/medias\/2020-2","title":{"rendered":"2020"},"content":{"rendered":"\n<p><a href=\"https:\/\/infopetitenation.ca\/actualites\/2020\/02\/19\/article-2020-02-19-reflexion-commune-sur-le-developpement-minier-dans-l-outaouais\/\">R\u00e9flexion commune sur le d\u00e9veloppement minier dans l\u2019Outaouais<\/a>&nbsp;19 f\u00e9vrier 2020 @ Le Petite Nation<\/p>\n\n\n\n<p><a href=\"https:\/\/www.ledroit.com\/actualites\/developpement-minier--importante-mobilisation-en-outaouais-aa1a2ec37b309a0cd1a981196c63e194\">D\u00e9veloppement minier : importante mobilisation en Outaouais<\/a>\u00a019 f\u00e9vrier 2020\u00a0@ Le Droit<\/p>\n\n\n\n<p><a href=\"https:\/\/ici.radio-canada.ca\/nouvelle\/1530610\/exploitation-mines-mrc-papineau-lauzon-quebec-connaissances-graphite-transition-energetique\">Exploitation mini\u00e8re : des \u00e9lus de la MRC de Papineau veulent \u00eatre entendus par Qu\u00e9bec<\/a>\u00a020 f\u00e9vrier 2020 @ Radio Canada<\/p>\n\n\n\n<p>Jean-Guy Paquin compl\u00e8te sa trilogie sur les Premi\u00e8res Nations d\u2019ici 28 mai 2020 @ Le Petite Nation<\/p>\n\n\n\n<p><a href=\"https:\/\/www.ledroit.com\/actualites\/petite-nation\/une-escouade-de-sentinelles-sur-les-lacs-de-duhamel-pour-detecter-le-myriophylle-a-epi-59edd194f3caacf9195b670cad7d0a74\">Une escouade de \u00absentinelles\u00bb sur les lacs de Duhamel pour d\u00e9tecter le myriophylle \u00e0 \u00e9pi <\/a>9 juin 2020 &amp; Le Droit<\/p>\n\n\n\n<p><a href=\"https:\/\/www.ledroit.com\/actualites\/petite-nation\/developpement-minier-des-intervenants-de-la-petite-nation-rencontreront-le-ministre-julien-34782615509b94e5500ea691b89c42fa\">D\u00e9veloppement minier: des intervenants de la Petite-Nation rencontreront le ministre Julien<\/a>&nbsp;29 septembre 2020 @ Le Droit<\/p>\n\n<!-- FB Like Button Starbit IT Solutions BEGIN -->\n<div class=\"fb-like\" data-href=\"https:\/\/www.apls.ca\/en\/documents\/medias\/2020-2\" data-layout=\"standard\" data-action=\"like\" data-show-faces=\"true\" data-size=\"small\" data-width=\"450\" data-share=\"1\" ><\/div>\n<!-- FB Like Button Starbit IT Solutions END -->\n","protected":false},"excerpt":{"rendered":"<p>R\u00e9flexion commune sur le d\u00e9veloppement minier dans l\u2019Outaouais&nbsp;19 f\u00e9vrier 2020 @ Le Petite Nation D\u00e9veloppement minier : importante mobilisation en Outaouais\u00a019 f\u00e9vrier 2020\u00a0@ Le Droit Exploitation mini\u00e8re : des \u00e9lus de la MRC de Papineau veulent \u00eatre entendus par Qu\u00e9bec\u00a020 &hellip; <a href=\"https:\/\/www.apls.ca\/en\/documents\/medias\/2020-2\">Continue reading <span class=\"meta-nav\">&rarr;<\/span><\/a><\/p>\n","protected":false},"author":73,"featured_media":0,"parent":2444,"menu_order":0,"comment_status":"closed","ping_status":"closed","template":"","meta":{"footnotes":""},"class_list":["post-5026","page","type-page","status-publish","hentry"],"_links":{"self":[{"href":"https:\/\/www.apls.ca\/en\/wp-json\/wp\/v2\/pages\/5026","targetHints":{"allow":["GET"]}}],"collection":[{"href":"https:\/\/www.apls.ca\/en\/wp-json\/wp\/v2\/pages"}],"about":[{"href":"https:\/\/www.apls.ca\/en\/wp-json\/wp\/v2\/types\/page"}],"author":[{"embeddable":true,"href":"https:\/\/www.apls.ca\/en\/wp-json\/wp\/v2\/users\/73"}],"replies":[{"embeddable":true,"href":"https:\/\/www.apls.ca\/en\/wp-json\/wp\/v2\/comments?post=5026"}],"version-history":[{"count":4,"href":"https:\/\/www.apls.ca\/en\/wp-json\/wp\/v2\/pages\/5026\/revisions"}],"predecessor-version":[{"id":5033,"href":"https:\/\/www.apls.ca\/en\/wp-json\/wp\/v2\/pages\/5026\/revisions\/5033"}],"up":[{"embeddable":true,"href":"https:\/\/www.apls.ca\/en\/wp-json\/wp\/v2\/pages\/2444"}],"wp:attachment":[{"href":"https:\/\/www.apls.ca\/en\/wp-json\/wp\/v2\/media?parent=5026"}],"curies":[{"name":"wp","href":"https:\/\/api.w.org\/{rel}","templated":true}]}}