{"id":5018,"date":"2021-05-11T12:50:40","date_gmt":"2021-05-11T16:50:40","guid":{"rendered":"http:\/\/www.apls.ca\/?page_id=5018"},"modified":"2021-05-12T07:46:21","modified_gmt":"2021-05-12T11:46:21","slug":"2021-2","status":"publish","type":"page","link":"https:\/\/www.apls.ca\/en\/documents\/medias\/2021-2","title":{"rendered":"2021"},"content":{"rendered":"\n<p>EXPLOITATION MINI\u00c8RE&nbsp;<a href=\"https:\/\/plus.lapresse.ca\/screens\/c7f0ab40-ac30-4b1d-bc83-bf3e3e2bd81a__7C___0.html\">UNE BOMBE \u00c0 RETARDEMENT DANS UN PARADIS DE PLEIN AIR<\/a>&nbsp;En autorisant un m\u00e9gaprojet de mine \u00e0 ciel ouvert tout pr\u00e8s du parc du Mont-Tremblant, Qu\u00e9bec ouvre grande la porte \u00e0 l\u2019exploitation mini\u00e8re dans le sud du Qu\u00e9bec.&nbsp;<strong>LOUIS ST-HILAIRE<\/strong>&nbsp;ET&nbsp;<strong>BENO\u00ceT LAUZON<\/strong>&nbsp;RESPECTIVEMENT PORTE-PAROLE DU REGROUPEMENT DE PROTECTION DES LACS DE LA PETITE-NATION ET PR\u00c9FET DE LA MRC PAPINEAU 28 f\u00e9vrier 2021 @ La Presse<\/p>\n\n\n\n<p><a href=\"https:\/\/www.ledroit.com\/actualites\/petite-nation\/le-spectre-du-developpement-minier-toujours-bien-present-dans-la-petite-nation-f25e722cf90ac9ae7173fc0a50f8b355\">Le spectre du d\u00e9veloppement minier toujours bien pr\u00e9sent dans la Petite-Nation<\/a>&nbsp;7 mars 2021 @ Le Droit<\/p>\n\n\n\n<p><a href=\"https:\/\/journalles2vallees.ca\/wp-content\/uploads\/2021\/04\/J2V210407-PN_web.pdf\">L\u2019exploitation du graphite, une industrie qui convoite la r\u00e9gion<\/a>&nbsp;7 avril 2021 @&nbsp;Le Journal Les 2 vall\u00e9es<\/p>\n\n\n\n<p><strong>En Zone de Vill\u00e9giatures: Des Claims Miniers Inqui\u00e9tent<\/strong>&nbsp;<a href=\"https:\/\/infodunordtremblant.ca\/edition-virtuelle\/\" target=\"_blank\" rel=\"noreferrer noopener\">https:\/\/infodunordtremblant.ca\/edition-virtuelle\/<\/a><\/p>\n\n\n\n<p>1)&nbsp;<strong>Exploitation mini\u00e8re: les maires demeurent vigilants<\/strong><a href=\"https:\/\/infodunordsainteagathe.ca\/actualites\/2021\/04\/13\/exploitation-miniere-les-maires-demeurent-vigilants\/\" target=\"_blank\" rel=\"noreferrer noopener\">https:\/\/infodunordsainteagathe.ca\/actualites\/2021\/04\/13\/exploitation-miniere-les-maires-demeurent-vigilants\/<\/a>&nbsp;Exploitation mini\u00e8re: les maires demeurent vigilants<a href=\"https:\/\/infodunordtremblant.ca\/actualites\/2021\/04\/13\/exploitation-miniere-les-maires-demeurent-vigilants\/?doing_wp_cron=1618359956.3710548877716064453125\" target=\"_blank\" rel=\"noreferrer noopener\">https:\/\/infodunordtremblant.ca\/actualites\/2021\/04\/13\/exploitation-miniere-les-maires-demeurent-vigilants\/?doing_wp_cron=1618359956.3710548877716064453125<\/a><\/p>\n\n\n\n<p>2)&nbsp;<strong>Exploitation mini\u00e8re Les Laurentides mal prot\u00e9g\u00e9es contre l\u2019industrie mini\u00e8re<\/strong><a href=\"https:\/\/infodunordsainteagathe.ca\/actualites\/2021\/04\/13\/les-laurentides-mal-protegees-contre-lindustrie-miniere\/\" target=\"_blank\" rel=\"noreferrer noopener\">https:\/\/infodunordsainteagathe.ca\/actualites\/2021\/04\/13\/les-laurentides-mal-protegees-contre-lindustrie-miniere\/<\/a>&nbsp;Exploitation mini\u00e8re Les Laurentides mal prot\u00e9g\u00e9es contre l\u2019industrie mini\u00e8re<a href=\"https:\/\/infodunordtremblant.ca\/actualites\/2021\/04\/13\/les-laurentides-mal-protegees-contre-lindustrie-miniere\/\" target=\"_blank\" rel=\"noreferrer noopener\">https:\/\/infodunordtremblant.ca\/actualites\/2021\/04\/13\/les-laurentides-mal-protegees-contre-lindustrie-miniere\/<\/a><\/p>\n\n\n\n<p>3)&nbsp;<strong>Exploitation mini\u00e8re: inqui\u00e9tude g\u00e9n\u00e9ralis\u00e9e autour des lacs de la r\u00e9gion<\/strong><a href=\"https:\/\/infodunordsainteagathe.ca\/actualites\/2021\/04\/13\/exploitation-miniere-inquietude-generalisee-autour-des-lacs-de-la-region\/\" target=\"_blank\" rel=\"noreferrer noopener\">https:\/\/infodunordsainteagathe.ca\/actualites\/2021\/04\/13\/exploitation-miniere-inquietude-generalisee-autour-des-lacs-de-la-region\/<\/a>&nbsp;Exploitation mini\u00e8re: inqui\u00e9tude g\u00e9n\u00e9ralis\u00e9e autour des lacs de la r\u00e9gion<a href=\"https:\/\/infodunordtremblant.ca\/actualites\/2021\/04\/13\/exploitation-miniere-inquietude-generalisee-autour-des-lacs-de-la-region\/\" target=\"_blank\" rel=\"noreferrer noopener\">https:\/\/infodunordtremblant.ca\/actualites\/2021\/04\/13\/exploitation-miniere-inquietude-generalisee-autour-des-lacs-de-la-region\/<\/a><\/p>\n\n\n\n<p>4)&nbsp;<strong>Exploitation mini\u00e8re Les \u00e9lus unis pour prot\u00e9ger le territoire<\/strong><a href=\"https:\/\/infodunordsainteagathe.ca\/actualites\/2021\/04\/13\/les-elus-unis-pour-proteger-le-territoire\/\" target=\"_blank\" rel=\"noreferrer noopener\">https:\/\/infodunordsainteagathe.ca\/actualites\/2021\/04\/13\/les-elus-unis-pour-proteger-le-territoire\/<\/a>Exploitation mini\u00e8re Les \u00e9lus unis pour prot\u00e9ger le territoire<a href=\"https:\/\/infodunordtremblant.ca\/actualites\/2021\/04\/13\/les-elus-unis-pour-proteger-le-territoire\/\" target=\"_blank\" rel=\"noreferrer noopener\">https:\/\/infodunordtremblant.ca\/actualites\/2021\/04\/13\/les-elus-unis-pour-proteger-le-territoire\/<\/a><\/p>\n\n\n\n<p>\"Exploitation mini\u00e8re en Outaouais: Pas \u00e0 n'inporte quel prix\" dans Info Petite Nation le 14 Avril 2021<a href=\"https:\/\/www.infopetitenation.ca\/archives-et-cahiers-speciaux\/14-04-2021-info-petite-nation\">https:\/\/www.infopetitenation.ca\/archives-et-cahiers-speciaux\/14-04-2021-info-petite-nation<\/a><\/p>\n\n\n\n<p><a href=\"https:\/\/www.ledroit.com\/actualites\/petite-nation\/a-la-rescousse-du-lodge-du-lac-simon-06bcdc3757d71d263bba422cee0b26b2\">\u00c0 la rescousse du Lodge du lac Simon<\/a> 13 avril 2021 Le Droit<\/p>\n\n\n\n<p><a href=\"https:\/\/infopetitenation.ca\/actualites\/2021\/04\/13\/article-2021-04-13-une-petition-pour-la-preservation-du-lodge-du-lac-simon\/\">Une p\u00e9tition pour la pr\u00e9servation du Lodge du Lac-Simon<\/a> 13 avril 2021 Le Petite Nation<\/p>\n\n\n\n<p><a href=\"https:\/\/www.ledroit.com\/actualites\/petite-nation\/la-mobilisation-pour-la-sauvegarde-du-lodge-du-lac-simon-gagne-du-terrain-05ca1337f68002b21192cd65a7ad0230\">La mobilisation pour la sauvegarde du Lodge du lac Simon gagne du terrain<\/a> 27 avril 2021 Le Droit<\/p>\n\n\n\n<p><a href=\"https:\/\/www.ledroit.com\/actualites\/petite-nation\/lepopee-industrielle-de-la-singer-en-outaouais-54347a2ae80d247c6e315871f113d8d3\">L\u2019\u00e9pop\u00e9e industrielle de la Singer en Outaouais<\/a> 1 mai 2021 Le Droit<\/p>\n\n\n\n<p><a href=\"https:\/\/www.ledroit.com\/actualites\/petite-nation\/au-tour-de-la-federation-histoire-quebec-de-demander-la-preservation-du-lodge-du-lac-simon-186bceb2e8ef4fc7580f67891d92a84f\">Au tour de la F\u00e9d\u00e9ration histoire Qu\u00e9bec de demander la pr\u00e9servation du Lodge du lac Simon<\/a> 3 mai 2021 Le Droit<\/p>\n\n<!-- FB Like Button Starbit IT Solutions BEGIN -->\n<div class=\"fb-like\" data-href=\"https:\/\/www.apls.ca\/en\/documents\/medias\/2021-2\" data-layout=\"standard\" data-action=\"like\" data-show-faces=\"true\" data-size=\"small\" data-width=\"450\" data-share=\"1\" ><\/div>\n<!-- FB Like Button Starbit IT Solutions END -->\n","protected":false},"excerpt":{"rendered":"<p>EXPLOITATION MINI\u00c8RE&nbsp;UNE BOMBE \u00c0 RETARDEMENT DANS UN PARADIS DE PLEIN AIR&nbsp;En autorisant un m\u00e9gaprojet de mine \u00e0 ciel ouvert tout pr\u00e8s du parc du Mont-Tremblant, Qu\u00e9bec ouvre grande la porte \u00e0 l\u2019exploitation mini\u00e8re dans le sud du Qu\u00e9bec.&nbsp;LOUIS ST-HILAIRE&nbsp;ET&nbsp;BENO\u00ceT LAUZON&nbsp;RESPECTIVEMENT &hellip; <a href=\"https:\/\/www.apls.ca\/en\/documents\/medias\/2021-2\">Continue reading <span class=\"meta-nav\">&rarr;<\/span><\/a><\/p>\n","protected":false},"author":73,"featured_media":0,"parent":2444,"menu_order":0,"comment_status":"closed","ping_status":"closed","template":"","meta":{"footnotes":""},"class_list":["post-5018","page","type-page","status-publish","hentry"],"_links":{"self":[{"href":"https:\/\/www.apls.ca\/en\/wp-json\/wp\/v2\/pages\/5018","targetHints":{"allow":["GET"]}}],"collection":[{"href":"https:\/\/www.apls.ca\/en\/wp-json\/wp\/v2\/pages"}],"about":[{"href":"https:\/\/www.apls.ca\/en\/wp-json\/wp\/v2\/types\/page"}],"author":[{"embeddable":true,"href":"https:\/\/www.apls.ca\/en\/wp-json\/wp\/v2\/users\/73"}],"replies":[{"embeddable":true,"href":"https:\/\/www.apls.ca\/en\/wp-json\/wp\/v2\/comments?post=5018"}],"version-history":[{"count":2,"href":"https:\/\/www.apls.ca\/en\/wp-json\/wp\/v2\/pages\/5018\/revisions"}],"predecessor-version":[{"id":5061,"href":"https:\/\/www.apls.ca\/en\/wp-json\/wp\/v2\/pages\/5018\/revisions\/5061"}],"up":[{"embeddable":true,"href":"https:\/\/www.apls.ca\/en\/wp-json\/wp\/v2\/pages\/2444"}],"wp:attachment":[{"href":"https:\/\/www.apls.ca\/en\/wp-json\/wp\/v2\/media?parent=5018"}],"curies":[{"name":"wp","href":"https:\/\/api.w.org\/{rel}","templated":true}]}}