{"id":4956,"date":"2021-05-11T09:08:31","date_gmt":"2021-05-11T13:08:31","guid":{"rendered":"http:\/\/www.apls.ca\/?page_id=4956"},"modified":"2026-05-17T09:17:53","modified_gmt":"2026-05-17T13:17:53","slug":"compostage-recyclage","status":"publish","type":"page","link":"https:\/\/www.apls.ca\/en\/bonnes-pratiques\/compostage-recyclage","title":{"rendered":"Compostage et recyclage"},"content":{"rendered":"\n<p>Nous vous invitons \u00e0 consulter les documents suivants:<\/p>\n\n\n\n<p><br \/><strong>Compostage:<\/strong><\/p>\n\n\n\n<p><a href=\"http:\/\/www.apls.ca\/wp-content\/uploads\/2021\/05\/le-compostage-domicile.pdf\">Guide de compostage \u00e0 domicile&nbsp;<\/a><\/p>\n\n\n\n<p><a href=\"http:\/\/www.apls.ca\/wp-content\/uploads\/2021\/05\/le-gaspillage-alimentaire.pdf\">Le gaspillage alimentaire<\/a>&nbsp;<\/p>\n\n\n\n<p><strong>Recyclage:<\/strong><\/p>\n\n\n\n<p><a href=\"http:\/\/www.actionrebuts.org\/\" target=\"_blank\" rel=\"noreferrer noopener\">Action RE-buts<\/a>&nbsp;<\/p>\n\n\n\n<p><a href=\"https:\/\/www.recyc-quebec.gouv.qc.ca\/\">\u00c9co&nbsp;Entreprises Qu\u00e9bec<\/a> (\u00c9EQ)&nbsp;<\/p>\n\n\n\n<p>Politique qu\u00e9b\u00e9coise de gestion des mati\u00e8res r\u00e9siduelles <a href=\"https:\/\/www.environnement.gouv.qc.ca\/matieres\/pgmr\/index.htm\">https:\/\/www.environnement.gouv.qc.ca\/matieres\/pgmr\/index.htm<\/a><\/p>\n\n\n\n<p>TRICENTRIS <a href=\" https:\/\/www.tricentris.com\/\">https:\/\/www.tricentris.com\/<\/a><\/p>\n\n\n\n<figure class=\"wp-block-image size-large\"><img loading=\"lazy\" decoding=\"async\" width=\"1024\" height=\"789\" src=\"http:\/\/www.apls.ca\/wp-content\/uploads\/2021\/05\/tricentris-1024x789.png\" alt=\"\" class=\"wp-image-4983\" srcset=\"https:\/\/www.apls.ca\/wp-content\/uploads\/2021\/05\/tricentris-1024x789.png 1024w, https:\/\/www.apls.ca\/wp-content\/uploads\/2021\/05\/tricentris-300x231.png 300w, https:\/\/www.apls.ca\/wp-content\/uploads\/2021\/05\/tricentris-768x592.png 768w, https:\/\/www.apls.ca\/wp-content\/uploads\/2021\/05\/tricentris.png 1210w\" sizes=\"auto, (max-width: 1024px) 100vw, 1024px\" \/><\/figure>\n\n\n\n<p><strong>MRC Papineau: Gestion des mati\u00e8res r\u00e9siduelles<\/strong><\/p>\n\n\n\n<p><a href=\"http:\/\/www.mrcpapineau.com\/96%7CGestion-des-matieres-residuelles\">http:\/\/www.mrcpapineau.com\/96%7CGestion-des-matieres-residuelles<\/a><\/p>\n\n\n\n<p><strong>Municipalit\u00e9 de Duhamel: Collecte des mati\u00e8res r\u00e9siduelles<\/strong><\/p>\n\n\n\n<p><a href=\"https:\/\/municipalite.duhamel.qc.ca\/fr\/citoyens\/matieres-residuelles\/collecte-des-matieres-residuelles\">https:\/\/municipalite.duhamel.qc.ca\/fr\/citoyens\/matieres-residuelles\/collecte-des-matieres-residuelles<\/a><\/p>\n\n\n\n<p>\u00c9cocentre <\/p>\n\n\n\n<p><a href=\"https:\/\/municipalite.duhamel.qc.ca\/fr\/citoyens\/matieres-residuelles\/ecocentre\">https:\/\/municipalite.duhamel.qc.ca\/fr\/citoyens\/matieres-residuelles\/ecocentre<\/a><\/p>\n\n\n\n<p><strong>Municipalit\u00e9 de Lac Simon: Collecte des mati\u00e8res r\u00e9siduelles<\/strong><\/p>\n\n\n\n<p><a href=\"https:\/\/www.lac-simon.net\/fr\/services-aux-citoyens-matieres-residuelles.htm\">https:\/\/www.lac-simon.net\/fr\/services-aux-citoyens-matieres-residuelles.htm<\/a><\/p>\n\n\n\n<p>\u00c9cocentre <\/p>\n\n\n\n<p><a href=\"https:\/\/www.lac-simon.net\/fr\/ecocentre.htm\">https:\/\/www.lac-simon.net\/fr\/ecocentre.htm<\/a><\/p>\n","protected":false},"excerpt":{"rendered":"<p>Nous vous invitons \u00e0 consulter les documents suivants: Compostage: Guide de compostage \u00e0 domicile&nbsp; Le gaspillage alimentaire&nbsp; Recyclage: Action RE-buts&nbsp; \u00c9co&nbsp;Entreprises Qu\u00e9bec (\u00c9EQ)&nbsp; Politique qu\u00e9b\u00e9coise de gestion des mati\u00e8res r\u00e9siduelles https:\/\/www.environnement.gouv.qc.ca\/matieres\/pgmr\/index.htm TRICENTRIS https:\/\/www.tricentris.com\/ MRC Papineau: Gestion des mati\u00e8res r\u00e9siduelles http:\/\/www.mrcpapineau.com\/96%7CGestion-des-matieres-residuelles &hellip; <a href=\"https:\/\/www.apls.ca\/en\/bonnes-pratiques\/compostage-recyclage\">Continue reading <span class=\"meta-nav\">&rarr;<\/span><\/a><\/p>\n","protected":false},"author":73,"featured_media":0,"parent":2777,"menu_order":2,"comment_status":"closed","ping_status":"closed","template":"","meta":{"footnotes":""},"class_list":["post-4956","page","type-page","status-publish","hentry"],"_links":{"self":[{"href":"https:\/\/www.apls.ca\/en\/wp-json\/wp\/v2\/pages\/4956","targetHints":{"allow":["GET"]}}],"collection":[{"href":"https:\/\/www.apls.ca\/en\/wp-json\/wp\/v2\/pages"}],"about":[{"href":"https:\/\/www.apls.ca\/en\/wp-json\/wp\/v2\/types\/page"}],"author":[{"embeddable":true,"href":"https:\/\/www.apls.ca\/en\/wp-json\/wp\/v2\/users\/73"}],"replies":[{"embeddable":true,"href":"https:\/\/www.apls.ca\/en\/wp-json\/wp\/v2\/comments?post=4956"}],"version-history":[{"count":29,"href":"https:\/\/www.apls.ca\/en\/wp-json\/wp\/v2\/pages\/4956\/revisions"}],"predecessor-version":[{"id":6652,"href":"https:\/\/www.apls.ca\/en\/wp-json\/wp\/v2\/pages\/4956\/revisions\/6652"}],"up":[{"embeddable":true,"href":"https:\/\/www.apls.ca\/en\/wp-json\/wp\/v2\/pages\/2777"}],"wp:attachment":[{"href":"https:\/\/www.apls.ca\/en\/wp-json\/wp\/v2\/media?parent=4956"}],"curies":[{"name":"wp","href":"https:\/\/api.w.org\/{rel}","templated":true}]}}