{"id":3858,"date":"2017-08-21T08:54:47","date_gmt":"2017-08-21T12:54:47","guid":{"rendered":"http:\/\/www.apls.ca\/?page_id=3858"},"modified":"2021-05-12T10:12:31","modified_gmt":"2021-05-12T14:12:31","slug":"projet-la-loutre","status":"publish","type":"page","link":"https:\/\/www.apls.ca\/en\/dossiers\/projet-la-loutre","title":{"rendered":"Projet La Loutre"},"content":{"rendered":"<p><strong>Regroupement de Protection des Lacs de la Petite-Nation<\/strong> (RPLPN) <a href=\"https:\/\/www.facebook.com\/RPLPN\">https:\/\/www.facebook.com\/RPLPN<\/a><\/p>\n<p>Suite a l'assembl\u00e9e g\u00e9n\u00e9rale annuelle de l'<strong>Association des Propri\u00e9taires du lac Simon<\/strong> le dimanche 31 juillet 2016, voici l'etude du projet La Loutre de Canada Strategic Metals \u00e0 Lac des Plages par Frank Hayes de l'association des propri\u00e9taires du lac Dor\u00e9.<\/p>\n<p><a href=\"http:\/\/www.apls.ca\/wp-content\/uploads\/2016\/08\/Etude-du-projet-La-Loutre.pdf\">L'etude du projet La Loutre<\/a>!<\/p>\n<p>Un <a href=\"http:\/\/www.apls.ca\/wp-content\/uploads\/2017\/08\/Bulletin-APLT.pdf\">bulletin APLT sp\u00e9cial<\/a> de l\u2019<strong>Association pour la protection du Lac Taureau<\/strong> sur les mines de graphite. Nos voisins font face au m\u00eame combat. Le bulletin contient beaucoup d\u2019information pertinente.<\/p>\n<p><a href=\"http:\/\/www.apls.ca\/wp-content\/uploads\/2017\/08\/nouvelles_dispositions_loi_mines.pdf\">Nouvelles Dispositions Loi Mines<\/a>: Voici les modifications en contexte \u00e0 la loi sur les mines du Qu\u00e9bec. Notre MRC aura plus d\u2019outils pour contr\u00f4ler l\u2019exploration et l\u2019exploitation mini\u00e8re.<\/p>\n<p><strong>M\u00e9dias<\/strong><br \/><a href=\"http:\/\/www.lapresse.ca\/le-droit\/actualites\/actualites-regionales\/201705\/18\/01-5099480-la-mrc-de-papineau-demande-un-moratoire-sur-les-titres-miniers.php?utm_categorieinterne=trafficdrivers&amp;utm_contenuinterne=cyberpresse_B13b_actualites-regionales_1765086_section_POS2\">La MRC de Papineau demande un moratoire sur les titres miniers<\/a> 18 mai 2017 @ Le droit<\/p>\n<p><a href=\"http:\/\/www.lapetitenation.com\/actualites\/2017\/6\/6\/la-mrc-de-papineau-decidera-ou-elle-veut-de-l-industrie-miniere.html\">La MRC de Papineau d\u00e9cidera o\u00f9 elle veut de l'industrie mini\u00e8re<\/a> 6 juin 2017 @ La Petite Nation<\/p>\n<p><a href=\"http:\/\/ici.radio-canada.ca\/nouvelle\/1037724\/citoyens-manifestent-grenville-sur-la-rouge-projet-minier\">Des citoyens manifestent \u00e0 Grenville-sur-la-Rouge contre un projet minier<\/a> 3 juin 2017 @ Radio Canada<\/p>\n<p><a href=\"https:\/\/www.ledroit.com\/actualites\/petite-nation\/la-menace-dun-possible-boom-minier-en-outaouais-2f8ebced04996c366d952b03afcd92ad\">La menace d\u2019un possible \u00abboom minier\u00bb en Outaouais<\/a> 17 novembre 2019 @ Le Droit<\/p>\n<p><a href=\"https:\/\/www.ledroit.com\/actualites\/petite-nation\/exploitation-miniere-en-outaouais-les-villes-voudraient-avoir-plus-de-pouvoir-387251516a1e961b341dfe9a0a166b6b\">Exploitation mini\u00e8re en Outaouais: les villes voudraient avoir plus de pouvoir<\/a> 18 d\u00e9cembre 2019 @ Le Droit<\/p>\n<p><a href=\"https:\/\/ici.radio-canada.ca\/nouvelle\/1438768\/exploitation-miniere-conflits-usage-canada-carbon-graphite-grenville-outaouais\">Exploitation mini\u00e8re : des municipalit\u00e9s demandent de meilleurs outils de gestion<\/a> 18 d\u00e9cembre 2019 @ Radio Canada<\/p>\n<p><a href=\"https:\/\/infopetitenation.ca\/actualites\/2020\/02\/19\/article-2020-02-19-reflexion-commune-sur-le-developpement-minier-dans-l-outaouais\/\">R\u00e9flexion commune sur le d\u00e9veloppement minier dans l\u2019Outaouais<\/a> 19 f\u00e9vrier 2020 @ Le Petite Nation<\/p>\n<p><a href=\"https:\/\/www.ledroit.com\/actualites\/developpement-minier--importante-mobilisation-en-outaouais-aa1a2ec37b309a0cd1a981196c63e194\">D\u00e9veloppement minier : importante mobilisation en Outaouais<\/a> 19 f\u00e9vrier 2020\u00a0@ Le Droit<\/p>\n<p><a href=\"https:\/\/ici.radio-canada.ca\/nouvelle\/1530610\/exploitation-mines-mrc-papineau-lauzon-quebec-connaissances-graphite-transition-energetique\">Exploitation mini\u00e8re : des \u00e9lus de la MRC de Papineau veulent \u00eatre entendus par Qu\u00e9bec<\/a>\u00a020 f\u00e9vrier 2020 @ Radio Canada<\/p>\n<p><a href=\"https:\/\/www.ledroit.com\/actualites\/petite-nation\/developpement-minier-des-intervenants-de-la-petite-nation-rencontreront-le-ministre-julien-34782615509b94e5500ea691b89c42fa\">D\u00e9veloppement minier: des intervenants de la Petite-Nation rencontreront le ministre Julien<\/a> 29 septembre 2020 @ Le Droit<\/p>\n<p>EXPLOITATION MINI\u00c8RE <a href=\"https:\/\/plus.lapresse.ca\/screens\/c7f0ab40-ac30-4b1d-bc83-bf3e3e2bd81a__7C___0.html\">UNE BOMBE \u00c0 RETARDEMENT DANS UN PARADIS DE PLEIN AIR<\/a> En autorisant un m\u00e9gaprojet de mine \u00e0 ciel ouvert tout pr\u00e8s du parc du Mont-Tremblant, Qu\u00e9bec ouvre grande la porte \u00e0 l\u2019exploitation mini\u00e8re dans le sud du Qu\u00e9bec. <strong>LOUIS ST-HILAIRE<\/strong> ET <strong>BENO\u00ceT LAUZON<\/strong> RESPECTIVEMENT PORTE-PAROLE DU REGROUPEMENT DE PROTECTION DES LACS DE LA PETITE-NATION ET PR\u00c9FET DE LA MRC PAPINEAU 28 f\u00e9vrier 2021 @ La Presse<\/p>\n<p><a href=\"https:\/\/www.ledroit.com\/actualites\/petite-nation\/le-spectre-du-developpement-minier-toujours-bien-present-dans-la-petite-nation-f25e722cf90ac9ae7173fc0a50f8b355\">Le spectre du d\u00e9veloppement minier toujours bien pr\u00e9sent dans la Petite-Nation<\/a> 7 mars 2021 @ Le Droit<\/p>\n<p><a href=\"https:\/\/journalles2vallees.ca\/wp-content\/uploads\/2021\/04\/J2V210407-PN_web.pdf\">L\u2019exploitation du graphite, une industrie qui convoite la r\u00e9gion<\/a> 7 avril 2021 @\u00a0Le Journal Les 2 vall\u00e9es<\/p>\n\n\n<p><strong>En Zone de Vill\u00e9giatures: Des Claims Miniers Inqui\u00e9tent<\/strong> <a href=\"https:\/\/infodunordtremblant.ca\/edition-virtuelle\/\" target=\"_blank\" rel=\"noreferrer noopener\">https:\/\/infodunordtremblant.ca\/edition-virtuelle\/<\/a><\/p>\n\n\n\n<p>1) <strong>Exploitation mini\u00e8re: les maires demeurent vigilants <\/strong><a href=\"https:\/\/infodunordsainteagathe.ca\/actualites\/2021\/04\/13\/exploitation-miniere-les-maires-demeurent-vigilants\/\" target=\"_blank\" rel=\"noreferrer noopener\">https:\/\/infodunordsainteagathe.ca\/actualites\/2021\/04\/13\/exploitation-miniere-les-maires-demeurent-vigilants\/<\/a>\nExploitation mini\u00e8re: les maires demeurent vigilants\n<a href=\"https:\/\/infodunordtremblant.ca\/actualites\/2021\/04\/13\/exploitation-miniere-les-maires-demeurent-vigilants\/?doing_wp_cron=1618359956.3710548877716064453125\" target=\"_blank\" rel=\"noreferrer noopener\">https:\/\/infodunordtremblant.ca\/actualites\/2021\/04\/13\/exploitation-miniere-les-maires-demeurent-vigilants\/?doing_wp_cron=1618359956.3710548877716064453125<\/a><\/p>\n\n\n\n<p>2) <strong>Exploitation mini\u00e8re Les Laurentides mal prot\u00e9g\u00e9es contre l\u2019industrie mini\u00e8re<\/strong>\n<a href=\"https:\/\/infodunordsainteagathe.ca\/actualites\/2021\/04\/13\/les-laurentides-mal-protegees-contre-lindustrie-miniere\/\" target=\"_blank\" rel=\"noreferrer noopener\">https:\/\/infodunordsainteagathe.ca\/actualites\/2021\/04\/13\/les-laurentides-mal-protegees-contre-lindustrie-miniere\/<\/a>\nExploitation mini\u00e8re Les Laurentides mal prot\u00e9g\u00e9es contre l\u2019industrie mini\u00e8re\n<a href=\"https:\/\/infodunordtremblant.ca\/actualites\/2021\/04\/13\/les-laurentides-mal-protegees-contre-lindustrie-miniere\/\" target=\"_blank\" rel=\"noreferrer noopener\">https:\/\/infodunordtremblant.ca\/actualites\/2021\/04\/13\/les-laurentides-mal-protegees-contre-lindustrie-miniere\/<\/a><\/p>\n\n\n\n<p>3) <strong>Exploitation mini\u00e8re: inqui\u00e9tude g\u00e9n\u00e9ralis\u00e9e autour des lacs de la r\u00e9gion<\/strong>\n<a href=\"https:\/\/infodunordsainteagathe.ca\/actualites\/2021\/04\/13\/exploitation-miniere-inquietude-generalisee-autour-des-lacs-de-la-region\/\" target=\"_blank\" rel=\"noreferrer noopener\">https:\/\/infodunordsainteagathe.ca\/actualites\/2021\/04\/13\/exploitation-miniere-inquietude-generalisee-autour-des-lacs-de-la-region\/<\/a>\nExploitation mini\u00e8re: inqui\u00e9tude g\u00e9n\u00e9ralis\u00e9e autour des lacs de la r\u00e9gion\n<a href=\"https:\/\/infodunordtremblant.ca\/actualites\/2021\/04\/13\/exploitation-miniere-inquietude-generalisee-autour-des-lacs-de-la-region\/\" target=\"_blank\" rel=\"noreferrer noopener\">https:\/\/infodunordtremblant.ca\/actualites\/2021\/04\/13\/exploitation-miniere-inquietude-generalisee-autour-des-lacs-de-la-region\/<\/a><\/p>\n\n\n\n<p>4) <strong>Exploitation mini\u00e8re Les \u00e9lus unis pour prot\u00e9ger le territoire<\/strong>\n<a href=\"https:\/\/infodunordsainteagathe.ca\/actualites\/2021\/04\/13\/les-elus-unis-pour-proteger-le-territoire\/\" target=\"_blank\" rel=\"noreferrer noopener\">https:\/\/infodunordsainteagathe.ca\/actualites\/2021\/04\/13\/les-elus-unis-pour-proteger-le-territoire\/<\/a>\nExploitation mini\u00e8re Les \u00e9lus unis pour prot\u00e9ger le territoire\n<a href=\"https:\/\/infodunordtremblant.ca\/actualites\/2021\/04\/13\/les-elus-unis-pour-proteger-le-territoire\/\" target=\"_blank\" rel=\"noreferrer noopener\">https:\/\/infodunordtremblant.ca\/actualites\/2021\/04\/13\/les-elus-unis-pour-proteger-le-territoire\/<\/a><\/p>\n\n\n\n<p>\"Exploitation mini\u00e8re en Outaouais: Pas \u00e0 n'inporte quel prix\" dans Info Petite Nation le 14 Avril 2021 <a href=\"https:\/\/www.infopetitenation.ca\/archives-et-cahiers-speciaux\/14-04-2021-info-petite-nation\">https:\/\/www.infopetitenation.ca\/archives-et-cahiers-speciaux\/14-04-2021-info-petite-nation<\/a><\/p>\n\n\n\n<figure class=\"wp-block-image size-large is-resized\"><img loading=\"lazy\" decoding=\"async\" src=\"http:\/\/www.apls.ca\/wp-content\/uploads\/2021\/05\/La-Loutre-1.jpg\" alt=\"\" class=\"wp-image-5086\" width=\"567\" height=\"377\" srcset=\"https:\/\/www.apls.ca\/wp-content\/uploads\/2021\/05\/La-Loutre-1.jpg 400w, https:\/\/www.apls.ca\/wp-content\/uploads\/2021\/05\/La-Loutre-1-300x200.jpg 300w\" sizes=\"auto, (max-width: 567px) 100vw, 567px\" \/><\/figure>\n\n\n\n<figure class=\"wp-block-image size-large is-resized\"><img loading=\"lazy\" decoding=\"async\" src=\"http:\/\/www.apls.ca\/wp-content\/uploads\/2021\/05\/La-Loutre-2.jpg\" alt=\"\" class=\"wp-image-5088\" width=\"570\" height=\"735\"\/><figcaption><strong>Regroupement de Protection des Lacs de la Petite-Nation<\/strong> (RPLPN) <a href=\"https:\/\/www.facebook.com\/RPLPN\">https:\/\/www.facebook.com\/RPLPN<\/a><\/figcaption><\/figure>\n\n\n\n<div class=\"wp-block-image\"><figure class=\"alignleft size-large\"><img loading=\"lazy\" decoding=\"async\" width=\"791\" height=\"1024\" src=\"http:\/\/www.apls.ca\/wp-content\/uploads\/2021\/05\/La-Loutre-3-791x1024.jpg\" alt=\"\" class=\"wp-image-5091\" srcset=\"https:\/\/www.apls.ca\/wp-content\/uploads\/2021\/05\/La-Loutre-3-791x1024.jpg 791w, https:\/\/www.apls.ca\/wp-content\/uploads\/2021\/05\/La-Loutre-3-232x300.jpg 232w, https:\/\/www.apls.ca\/wp-content\/uploads\/2021\/05\/La-Loutre-3-768x994.jpg 768w, https:\/\/www.apls.ca\/wp-content\/uploads\/2021\/05\/La-Loutre-3-1187x1536.jpg 1187w, https:\/\/www.apls.ca\/wp-content\/uploads\/2021\/05\/La-Loutre-3.jpg 1236w\" sizes=\"auto, (max-width: 791px) 100vw, 791px\" \/><\/figure><\/div>\n\n\n\n<div class=\"wp-block-image\"><figure class=\"alignleft size-large\"><img loading=\"lazy\" decoding=\"async\" width=\"600\" height=\"464\" src=\"http:\/\/www.apls.ca\/wp-content\/uploads\/2021\/05\/La-Loutre-4.jpg\" alt=\"\" class=\"wp-image-5093\" srcset=\"https:\/\/www.apls.ca\/wp-content\/uploads\/2021\/05\/La-Loutre-4.jpg 600w, https:\/\/www.apls.ca\/wp-content\/uploads\/2021\/05\/La-Loutre-4-300x232.jpg 300w\" sizes=\"auto, (max-width: 600px) 100vw, 600px\" \/><\/figure><\/div>\n\n<!-- FB Like Button Starbit IT Solutions BEGIN -->\n<div class=\"fb-like\" data-href=\"https:\/\/www.apls.ca\/en\/dossiers\/projet-la-loutre\" data-layout=\"standard\" data-action=\"like\" data-show-faces=\"true\" data-size=\"small\" data-width=\"450\" data-share=\"1\" ><\/div>\n<!-- FB Like Button Starbit IT Solutions END -->\n","protected":false},"excerpt":{"rendered":"<p>Regroupement de Protection des Lacs de la Petite-Nation (RPLPN) https:\/\/www.facebook.com\/RPLPN Suite a l&#8217;assembl\u00e9e g\u00e9n\u00e9rale annuelle de l&#8217;Association des Propri\u00e9taires du lac Simon le dimanche 31 juillet 2016, voici l&#8217;etude du projet La Loutre de Canada Strategic Metals \u00e0 Lac des &hellip; <a href=\"https:\/\/www.apls.ca\/en\/dossiers\/projet-la-loutre\">Continue reading <span class=\"meta-nav\">&rarr;<\/span><\/a><\/p>\n","protected":false},"author":73,"featured_media":0,"parent":2304,"menu_order":0,"comment_status":"closed","ping_status":"closed","template":"","meta":{"footnotes":""},"class_list":["post-3858","page","type-page","status-publish","hentry"],"_links":{"self":[{"href":"https:\/\/www.apls.ca\/en\/wp-json\/wp\/v2\/pages\/3858","targetHints":{"allow":["GET"]}}],"collection":[{"href":"https:\/\/www.apls.ca\/en\/wp-json\/wp\/v2\/pages"}],"about":[{"href":"https:\/\/www.apls.ca\/en\/wp-json\/wp\/v2\/types\/page"}],"author":[{"embeddable":true,"href":"https:\/\/www.apls.ca\/en\/wp-json\/wp\/v2\/users\/73"}],"replies":[{"embeddable":true,"href":"https:\/\/www.apls.ca\/en\/wp-json\/wp\/v2\/comments?post=3858"}],"version-history":[{"count":13,"href":"https:\/\/www.apls.ca\/en\/wp-json\/wp\/v2\/pages\/3858\/revisions"}],"predecessor-version":[{"id":5141,"href":"https:\/\/www.apls.ca\/en\/wp-json\/wp\/v2\/pages\/3858\/revisions\/5141"}],"up":[{"embeddable":true,"href":"https:\/\/www.apls.ca\/en\/wp-json\/wp\/v2\/pages\/2304"}],"wp:attachment":[{"href":"https:\/\/www.apls.ca\/en\/wp-json\/wp\/v2\/media?parent=3858"}],"curies":[{"name":"wp","href":"https:\/\/api.w.org\/{rel}","templated":true}]}}