{"id":3426,"date":"2015-12-27T22:58:09","date_gmt":"2015-12-28T03:58:09","guid":{"rendered":"http:\/\/www.apls.ca\/?page_id=3426"},"modified":"2021-05-12T10:01:40","modified_gmt":"2021-05-12T14:01:40","slug":"especes-envahissantes","status":"publish","type":"page","link":"https:\/\/www.apls.ca\/en\/dossiers\/especes-envahissantes","title":{"rendered":"Esp\u00e8ces Envahissantes"},"content":{"rendered":"<p><a href=\"http:\/\/www.apls.ca\/wp-content\/uploads\/2015\/05\/1838726-doc-info-complet.pdf\" target=\"_blank\" rel=\"noopener noreferrer\">Guide d'information sur la Berce du Caucase<\/a><\/p>\n<p><a href=\"http:\/\/www.apls.ca\/wp-content\/uploads\/2015\/05\/1838727-identification.pdf\" target=\"_blank\" rel=\"noopener noreferrer\">Identification de la Berce du Caucase<\/a><\/p>\n<p><a href=\"http:\/\/www.apls.ca\/wp-content\/uploads\/2015\/05\/1838728-agrile-frne-avril-2014.pptx\" target=\"_blank\" rel=\"noopener noreferrer\">Agrile du Fr\u00eane<\/a><\/p>\n<p><a href=\"http:\/\/www.apls.ca\/wp-content\/uploads\/2015\/05\/1838730-gestion-controle.pdf\" target=\"_blank\" rel=\"noopener noreferrer\">Gestion et contr\u00f4le de la Berce du Caucase<\/a><\/p>\n<p><a href=\"http:\/\/www.apls.ca\/wp-content\/uploads\/2015\/05\/1838731-guide-insectes-forestiers-exotiques.pdf\" target=\"_blank\" rel=\"noopener noreferrer\">Guide des insectes forestiers exotiques<\/a><\/p>\n<p><a href=\"http:\/\/www.apls.ca\/wp-content\/uploads\/2015\/05\/1838733-pratique-gestion.pdf\" target=\"_blank\" rel=\"noopener noreferrer\">Phragmites envahissantes<\/a><\/p>\n<p><a href=\"http:\/\/www.apls.ca\/wp-content\/uploads\/2015\/05\/1838734-plaquettepro.pdf\" target=\"_blank\" rel=\"noopener noreferrer\">Renou\u00e9e du Japon<\/a><\/p>\n<p><a href=\"http:\/\/www.apls.ca\/wp-content\/uploads\/2017\/08\/Guide_Myriophylle_FR.pdf\">Les Plantes Aquatiques Exotiques Envahissantes<\/a>\u00a0-\u00a0Myriophylle \u00e0\u00a0\u00e9pi<\/p>\n<p><a href=\"http:\/\/www.apls.ca\/wp-content\/uploads\/2017\/08\/Fiche_renouee_japonaise.pdf\">La renou\u00e9e japonaise 1<\/a><\/p>\n<p><a href=\"http:\/\/www.apls.ca\/wp-content\/uploads\/2017\/08\/fiche-renouee-japonaise.pdf\">La renou\u00e9e japonaise 2<\/a><\/p>\n<p><a href=\"http:\/\/ccn-ncc.gc.ca\/les-plantes-exotiques-envahissantes-dans-la-capitale\">Les esp\u00e8ces exotiques envahissantes<\/a> par Commission de la capitale Nationale<\/p>\n<p><a href=\"http:\/\/www.lapresse.ca\/le-droit\/actualites\/societe\/201605\/15\/01-4981884-nettoyer-son-bateau-pour-proteger-lacs-et-rivieres.php?utm_categorieinterne=trafficdrivers&amp;utm_contenuinterne=cyberpresse_B9_actualites_98069_section_POS8\">Nettoyer son bateau pour prot\u00e9ger lacs et rivi\u00e8res publi\u00e9<\/a> le 15 mai 2016 @ La Presse<\/p>\n\n\n<div class=\"wp-block-image\"><figure class=\"alignleft size-large\"><img loading=\"lazy\" decoding=\"async\" width=\"1024\" height=\"768\" src=\"http:\/\/www.apls.ca\/wp-content\/uploads\/2017\/08\/compte-rendu-2017-Lutte-contre-la-myriophylle-\u00e0-\u00e9pis-du-Lac-des-plages-dragged-copy-1024x768.jpg\" alt=\"\" class=\"wp-image-3881\" srcset=\"https:\/\/www.apls.ca\/wp-content\/uploads\/2017\/08\/compte-rendu-2017-Lutte-contre-la-myriophylle-\u00e0-\u00e9pis-du-Lac-des-plages-dragged-copy-1024x768.jpg 1024w, https:\/\/www.apls.ca\/wp-content\/uploads\/2017\/08\/compte-rendu-2017-Lutte-contre-la-myriophylle-\u00e0-\u00e9pis-du-Lac-des-plages-dragged-copy-300x225.jpg 300w, https:\/\/www.apls.ca\/wp-content\/uploads\/2017\/08\/compte-rendu-2017-Lutte-contre-la-myriophylle-\u00e0-\u00e9pis-du-Lac-des-plages-dragged-copy-768x576.jpg 768w, https:\/\/www.apls.ca\/wp-content\/uploads\/2017\/08\/compte-rendu-2017-Lutte-contre-la-myriophylle-\u00e0-\u00e9pis-du-Lac-des-plages-dragged-copy.jpg 1500w\" sizes=\"auto, (max-width: 1024px) 100vw, 1024px\" \/><\/figure><\/div>\n\n<!-- FB Like Button Starbit IT Solutions BEGIN -->\n<div class=\"fb-like\" data-href=\"https:\/\/www.apls.ca\/en\/dossiers\/especes-envahissantes\" data-layout=\"standard\" data-action=\"like\" data-show-faces=\"true\" data-size=\"small\" data-width=\"450\" data-share=\"1\" ><\/div>\n<!-- FB Like Button Starbit IT Solutions END -->\n","protected":false},"excerpt":{"rendered":"<p>Guide d&#8217;information sur la Berce du Caucase Identification de la Berce du Caucase Agrile du Fr\u00eane Gestion et contr\u00f4le de la Berce du Caucase Guide des insectes forestiers exotiques Phragmites envahissantes Renou\u00e9e du Japon Les Plantes Aquatiques Exotiques Envahissantes\u00a0&#8211;\u00a0Myriophylle \u00e0\u00a0\u00e9pi &hellip; <a href=\"https:\/\/www.apls.ca\/en\/dossiers\/especes-envahissantes\">Continue reading <span class=\"meta-nav\">&rarr;<\/span><\/a><\/p>\n","protected":false},"author":73,"featured_media":0,"parent":2304,"menu_order":0,"comment_status":"open","ping_status":"closed","template":"","meta":{"footnotes":""},"class_list":["post-3426","page","type-page","status-publish","hentry"],"_links":{"self":[{"href":"https:\/\/www.apls.ca\/en\/wp-json\/wp\/v2\/pages\/3426","targetHints":{"allow":["GET"]}}],"collection":[{"href":"https:\/\/www.apls.ca\/en\/wp-json\/wp\/v2\/pages"}],"about":[{"href":"https:\/\/www.apls.ca\/en\/wp-json\/wp\/v2\/types\/page"}],"author":[{"embeddable":true,"href":"https:\/\/www.apls.ca\/en\/wp-json\/wp\/v2\/users\/73"}],"replies":[{"embeddable":true,"href":"https:\/\/www.apls.ca\/en\/wp-json\/wp\/v2\/comments?post=3426"}],"version-history":[{"count":14,"href":"https:\/\/www.apls.ca\/en\/wp-json\/wp\/v2\/pages\/3426\/revisions"}],"predecessor-version":[{"id":5130,"href":"https:\/\/www.apls.ca\/en\/wp-json\/wp\/v2\/pages\/3426\/revisions\/5130"}],"up":[{"embeddable":true,"href":"https:\/\/www.apls.ca\/en\/wp-json\/wp\/v2\/pages\/2304"}],"wp:attachment":[{"href":"https:\/\/www.apls.ca\/en\/wp-json\/wp\/v2\/media?parent=3426"}],"curies":[{"name":"wp","href":"https:\/\/api.w.org\/{rel}","templated":true}]}}