{"id":3007,"date":"2014-09-27T14:15:40","date_gmt":"2014-09-27T18:15:40","guid":{"rendered":"http:\/\/www.apls.ca\/?page_id=3007"},"modified":"2014-09-27T14:35:58","modified_gmt":"2014-09-27T18:35:58","slug":"panneaux-dinterpretations","status":"publish","type":"page","link":"https:\/\/www.apls.ca\/en\/historique\/panneaux-dinterpretations","title":{"rendered":"L&#8217;\u00e9glise de la paroisse St-F\u00e9lix-de-Valois"},"content":{"rendered":"<p><a href=\"http:\/\/www.apls.ca\/wp-content\/uploads\/2014\/09\/L\u00e9glise-de-la-paroisse-St-F\u00e9lix-de-Valois1.pdf\">Panneau d\u2019interpr\u00e9tation - L'\u00e9glise de la paroisse St-F\u00e9lix-de-Valois<\/a><\/p>\n\n<!-- FB Like Button Starbit IT Solutions BEGIN -->\n<div class=\"fb-like\" data-href=\"https:\/\/www.apls.ca\/en\/historique\/panneaux-dinterpretations\" data-layout=\"standard\" data-action=\"like\" data-show-faces=\"true\" data-size=\"small\" data-width=\"450\" data-share=\"1\" ><\/div>\n<!-- FB Like Button Starbit IT Solutions END -->\n","protected":false},"excerpt":{"rendered":"<p>Panneau d\u2019interpr\u00e9tation &#8211; L&#8217;\u00e9glise de la paroisse St-F\u00e9lix-de-Valois<\/p>\n","protected":false},"author":73,"featured_media":0,"parent":2682,"menu_order":0,"comment_status":"open","ping_status":"closed","template":"","meta":{"footnotes":""},"class_list":["post-3007","page","type-page","status-publish","hentry"],"_links":{"self":[{"href":"https:\/\/www.apls.ca\/en\/wp-json\/wp\/v2\/pages\/3007","targetHints":{"allow":["GET"]}}],"collection":[{"href":"https:\/\/www.apls.ca\/en\/wp-json\/wp\/v2\/pages"}],"about":[{"href":"https:\/\/www.apls.ca\/en\/wp-json\/wp\/v2\/types\/page"}],"author":[{"embeddable":true,"href":"https:\/\/www.apls.ca\/en\/wp-json\/wp\/v2\/users\/73"}],"replies":[{"embeddable":true,"href":"https:\/\/www.apls.ca\/en\/wp-json\/wp\/v2\/comments?post=3007"}],"version-history":[{"count":7,"href":"https:\/\/www.apls.ca\/en\/wp-json\/wp\/v2\/pages\/3007\/revisions"}],"predecessor-version":[{"id":3037,"href":"https:\/\/www.apls.ca\/en\/wp-json\/wp\/v2\/pages\/3007\/revisions\/3037"}],"up":[{"embeddable":true,"href":"https:\/\/www.apls.ca\/en\/wp-json\/wp\/v2\/pages\/2682"}],"wp:attachment":[{"href":"https:\/\/www.apls.ca\/en\/wp-json\/wp\/v2\/media?parent=3007"}],"curies":[{"name":"wp","href":"https:\/\/api.w.org\/{rel}","templated":true}]}}