{"id":2992,"date":"2014-09-24T11:20:01","date_gmt":"2014-09-24T15:20:01","guid":{"rendered":"http:\/\/www.apls.ca\/?page_id=2992"},"modified":"2014-09-24T17:49:26","modified_gmt":"2014-09-24T21:49:26","slug":"aires-protegees","status":"publish","type":"page","link":"https:\/\/www.apls.ca\/en\/dossiers\/aires-protegees","title":{"rendered":"Aires prot\u00e9g\u00e9es"},"content":{"rendered":"<p><a href=\"http:\/\/www.crrnto.ca\/consultations_publiques\/aires_prot2012.php\">Consultation publique r\u00e9gionale sur les aires prot\u00e9g\u00e9es 2012<\/a>:\u00a0Commission r\u00e9gionale sur les ressources naturelles et le territoire public de l'Outaouais\u00a0(CRRNTO)<\/p>\n<p><a href=\"http:\/\/www.radio-canada.ca\/regions\/ottawa\/2012\/09\/25\/001-aires-protegees-consultation-thurso.shtml\">Consultation sur les aires prot\u00e9g\u00e9es en Outaouais : les citoyens sont au rendez-vous<\/a>\u00a025 septembre 2012 Radio Canada<\/p>\n<p><a href=\"http:\/\/www.lapetitenation.com\/Communaute\/2012-09-24\/article-3082447\/Aire-protegee-dans-la-MRC-de-Papineau:-la-population-est-invitee-a-reagir\/1\">Aire prot\u00e9g\u00e9e dans la MRC de Papineau: la population est invit\u00e9e \u00e0 r\u00e9agir<\/a>\u00a025 septembre 2012 La Petite Nation<\/p>\n<p><a href=\"http:\/\/www.lapresse.ca\/le-droit\/actualites\/actualites-regionales\/201209\/25\/01-4577325-des-projets-daires-protegees.php?utm_categorieinterne=trafficdrivers&amp;utm_contenuinterne=cyberpresse_B9_actualites_98069_section_POS2\">Des projets d'aires prot\u00e9g\u00e9e<\/a>\u00a025 septembre 2012 Le Droit<\/p>\n<p><em>\u00a0<\/em><\/p>\n\n<!-- FB Like Button Starbit IT Solutions BEGIN -->\n<div class=\"fb-like\" data-href=\"https:\/\/www.apls.ca\/en\/dossiers\/aires-protegees\" data-layout=\"standard\" data-action=\"like\" data-show-faces=\"true\" data-size=\"small\" data-width=\"450\" data-share=\"1\" ><\/div>\n<!-- FB Like Button Starbit IT Solutions END -->\n","protected":false},"excerpt":{"rendered":"<p>Consultation publique r\u00e9gionale sur les aires prot\u00e9g\u00e9es 2012:\u00a0Commission r\u00e9gionale sur les ressources naturelles et le territoire public de l&#8217;Outaouais\u00a0(CRRNTO) Consultation sur les aires prot\u00e9g\u00e9es en Outaouais : les citoyens sont au rendez-vous\u00a025 septembre 2012 Radio Canada Aire prot\u00e9g\u00e9e dans la &hellip; <a href=\"https:\/\/www.apls.ca\/en\/dossiers\/aires-protegees\">Continue reading <span class=\"meta-nav\">&rarr;<\/span><\/a><\/p>\n","protected":false},"author":73,"featured_media":0,"parent":2304,"menu_order":0,"comment_status":"open","ping_status":"closed","template":"","meta":{"footnotes":""},"class_list":["post-2992","page","type-page","status-publish","hentry"],"_links":{"self":[{"href":"https:\/\/www.apls.ca\/en\/wp-json\/wp\/v2\/pages\/2992","targetHints":{"allow":["GET"]}}],"collection":[{"href":"https:\/\/www.apls.ca\/en\/wp-json\/wp\/v2\/pages"}],"about":[{"href":"https:\/\/www.apls.ca\/en\/wp-json\/wp\/v2\/types\/page"}],"author":[{"embeddable":true,"href":"https:\/\/www.apls.ca\/en\/wp-json\/wp\/v2\/users\/73"}],"replies":[{"embeddable":true,"href":"https:\/\/www.apls.ca\/en\/wp-json\/wp\/v2\/comments?post=2992"}],"version-history":[{"count":7,"href":"https:\/\/www.apls.ca\/en\/wp-json\/wp\/v2\/pages\/2992\/revisions"}],"predecessor-version":[{"id":3001,"href":"https:\/\/www.apls.ca\/en\/wp-json\/wp\/v2\/pages\/2992\/revisions\/3001"}],"up":[{"embeddable":true,"href":"https:\/\/www.apls.ca\/en\/wp-json\/wp\/v2\/pages\/2304"}],"wp:attachment":[{"href":"https:\/\/www.apls.ca\/en\/wp-json\/wp\/v2\/media?parent=2992"}],"curies":[{"name":"wp","href":"https:\/\/api.w.org\/{rel}","templated":true}]}}