{"id":2935,"date":"2014-09-21T14:42:21","date_gmt":"2014-09-21T18:42:21","guid":{"rendered":"http:\/\/www.apls.ca\/?page_id=2935"},"modified":"2021-05-12T08:03:24","modified_gmt":"2021-05-12T12:03:24","slug":"algues-bleues","status":"publish","type":"page","link":"https:\/\/www.apls.ca\/en\/dossiers\/algues-bleues","title":{"rendered":"Algues bleues"},"content":{"rendered":"<p><strong>Municipalit\u00e9 de Lac-Simon<\/strong><\/p>\n<p>Deux Baies du plan d'eau sont affect\u00e9es;\u00a0Algues bleues dans le lac Simon 6 ao\u00fbt 2008 Le Droit via\u00a0<a href=\"http:\/\/lacsimon.blogspot.ca\/2008\/08\/le-droit-algues-bleues-dans-le-lac.html\">Lac Simon Blog Spot<\/a><\/p>\n<p><a href=\"http:\/\/ici.radio-canada.ca\/regions\/ottawa\/2008\/08\/07\/001-algues-bleues-lac-simon.shtml\">Lac-Simon - Des algues bleues<\/a>\u00a07\u00a0ao\u00fbt 2008\u00a0Radio Canada<\/p>\n<p><a href=\"http:\/\/www.canada.com\/ottawacitizen\/news\/city\/story.html?id=18561c49-52bc-428b-b6aa-cbbbc7fc54db&amp;__federated=1\">Blue-green algae discovered at popular Lac Simon<\/a>\u00a08 ao\u00fbt 2008\u00a0Ottawa Citizen<\/p>\n<p><a href=\"http:\/\/www.info07.com\/Communaute\/2008-08-12\/article-667112\/Aucune-interdiction-mais-de-la-prevention-a-LacSimon\/1\">Aucune interdiction, mais de la pr\u00e9vention \u00e0 Lac-Simon:\u00a0Pr\u00e9sence de cyanobact\u00e9ries dans deux baies du lac Simon<\/a>\u00a012\u00a0ao\u00fbt 2008 La Petite Nation<\/p>\n<p><strong>Municipalit\u00e9 de Duhamel<\/strong><\/p>\n<p><a href=\"http:\/\/www.apls.ca\/wp-content\/uploads\/2014\/09\/M\u00e9mo-dinformation-pr\u00e9l\u00e8vements-algues-bleues-MDDELCC.pdf\">M\u00e9mo d'information pr\u00e9l\u00e8vements algues bleues Lac Simon MDDELCC<\/a>\u00a0(19\u00a0ao\u00fbt 2014)<\/p>\n<p><a href=\"http:\/\/www.apls.ca\/wp-content\/uploads\/2014\/09\/Carte-de-localisation-algues-bleues-2014.pdf\">Carte de localisation algues bleues Lac Simon \u00a0MDDELCC<\/a>\u00a0(25\u00a0ao\u00fbt 2014)<\/p>\n<p><a href=\"http:\/\/www.apls.ca\/wp-content\/uploads\/2014\/09\/Lac-Gagnon-Carte.pdf\">Carte <\/a><a href=\"http:\/\/www.apls.ca\/wp-content\/uploads\/2014\/09\/Carte-de-localisation-algues-bleues-2014.pdf\">de localisation<\/a>\u00a0 algues bleues Lac Gagnon MDDELCC\u00a0(2 septembre\u00a02014)<\/p>\n<p><strong>MRC Papineau (nord)<\/strong><\/p>\n<p><strong>Municipalit\u00e9 de Duhamel<\/strong><\/p>\n<p><a href=\"http:\/\/www.apls.ca\/wp-content\/uploads\/2015\/05\/Lac-Gagnon-Carte.pdf\" target=\"_blank\" rel=\"noopener noreferrer\">Carte de localisation algues bleues Lac Gagnon\u00a0MDDELCC<\/a> (16 ao\u00fbt 2014)<\/p>\n<p><strong>Municipalit\u00e9 Lac-des-Plages<\/strong><\/p>\n<p><a href=\"http:\/\/www.apls.ca\/wp-content\/uploads\/2015\/05\/12003196_903853943025868_2958084050404772352_n.jpg\" target=\"_blank\" rel=\"noopener noreferrer\">M\u00e9mo d'information pr\u00e9l\u00e8vements algues bleues Lac-des-Plages MDDELCC<\/a> (16 ao\u00fbt 2015)<\/p>\n<p><a href=\"http:\/\/www.apls.ca\/wp-content\/uploads\/2015\/05\/12036362_903853933025869_7155706846803975360_n.jpg\" target=\"_blank\" rel=\"noopener noreferrer\">Observations visuelles et remarques Lac-des-Plages MDDELCC<\/a>\u00a0(16 ao\u00fbt 2015)<\/p>\n<p><strong>Gouvernement de Qu\u00e9bec<\/strong><\/p>\n<p><a href=\"http:\/\/www.apls.ca\/wp-content\/uploads\/2014\/09\/Guide-synth\u00e8se-algues-bleues.pdf\">Guide synth\u00e8se algues bleues<\/a><\/p>\n\n\n<figure class=\"wp-block-image size-large is-resized\"><img loading=\"lazy\" decoding=\"async\" src=\"http:\/\/www.apls.ca\/wp-content\/uploads\/2021\/05\/AR-Baie-Groulx-2008.jpg\" alt=\"\" class=\"wp-image-5070\" width=\"525\" height=\"394\" srcset=\"https:\/\/www.apls.ca\/wp-content\/uploads\/2021\/05\/AR-Baie-Groulx-2008.jpg 400w, https:\/\/www.apls.ca\/wp-content\/uploads\/2021\/05\/AR-Baie-Groulx-2008-300x225.jpg 300w\" sizes=\"auto, (max-width: 525px) 100vw, 525px\" \/><figcaption>2008 \/ algue rouge<\/figcaption><\/figure>\n\n\n\n<figure class=\"wp-block-image size-large is-resized\"><img loading=\"lazy\" decoding=\"async\" src=\"http:\/\/www.apls.ca\/wp-content\/uploads\/2021\/05\/AR-Baie-Groulx-2020.jpg\" alt=\"\" class=\"wp-image-5072\" width=\"530\" height=\"265\" srcset=\"https:\/\/www.apls.ca\/wp-content\/uploads\/2021\/05\/AR-Baie-Groulx-2020.jpg 400w, https:\/\/www.apls.ca\/wp-content\/uploads\/2021\/05\/AR-Baie-Groulx-2020-300x150.jpg 300w\" sizes=\"auto, (max-width: 530px) 100vw, 530px\" \/><figcaption>2018 \/ algue rouge<\/figcaption><\/figure>\n\n\n\n<figure class=\"wp-block-image size-large is-resized\"><img loading=\"lazy\" decoding=\"async\" src=\"http:\/\/www.apls.ca\/wp-content\/uploads\/2021\/05\/Algue-bleue-vert-Baie-Dore-2015.jpg\" alt=\"\" class=\"wp-image-5074\" width=\"532\" height=\"299\" srcset=\"https:\/\/www.apls.ca\/wp-content\/uploads\/2021\/05\/Algue-bleue-vert-Baie-Dore-2015.jpg 400w, https:\/\/www.apls.ca\/wp-content\/uploads\/2021\/05\/Algue-bleue-vert-Baie-Dore-2015-300x169.jpg 300w\" sizes=\"auto, (max-width: 532px) 100vw, 532px\" \/><figcaption>2015 \/ algue bleue-vert<\/figcaption><\/figure>\n\n\n\n<figure class=\"wp-block-image size-large is-resized\"><img loading=\"lazy\" decoding=\"async\" src=\"http:\/\/www.apls.ca\/wp-content\/uploads\/2021\/05\/Algue-bleue-vert-Baie-Dore-2018.jpg\" alt=\"\" class=\"wp-image-5076\" width=\"464\" height=\"618\" srcset=\"https:\/\/www.apls.ca\/wp-content\/uploads\/2021\/05\/Algue-bleue-vert-Baie-Dore-2018.jpg 300w, https:\/\/www.apls.ca\/wp-content\/uploads\/2021\/05\/Algue-bleue-vert-Baie-Dore-2018-225x300.jpg 225w\" sizes=\"auto, (max-width: 464px) 100vw, 464px\" \/><figcaption>2018 \/ algue bleue-vert<\/figcaption><\/figure>\n\n<!-- FB Like Button Starbit IT Solutions BEGIN -->\n<div class=\"fb-like\" data-href=\"https:\/\/www.apls.ca\/en\/dossiers\/algues-bleues\" data-layout=\"standard\" data-action=\"like\" data-show-faces=\"true\" data-size=\"small\" data-width=\"450\" data-share=\"1\" ><\/div>\n<!-- FB Like Button Starbit IT Solutions END -->\n","protected":false},"excerpt":{"rendered":"<p>Municipalit\u00e9 de Lac-Simon Deux Baies du plan d&#8217;eau sont affect\u00e9es;\u00a0Algues bleues dans le lac Simon 6 ao\u00fbt 2008 Le Droit via\u00a0Lac Simon Blog Spot Lac-Simon &#8211; Des algues bleues\u00a07\u00a0ao\u00fbt 2008\u00a0Radio Canada Blue-green algae discovered at popular Lac Simon\u00a08 ao\u00fbt 2008\u00a0Ottawa &hellip; <a href=\"https:\/\/www.apls.ca\/en\/dossiers\/algues-bleues\">Continue reading <span class=\"meta-nav\">&rarr;<\/span><\/a><\/p>\n","protected":false},"author":73,"featured_media":0,"parent":2304,"menu_order":0,"comment_status":"open","ping_status":"closed","template":"","meta":{"footnotes":""},"class_list":["post-2935","page","type-page","status-publish","hentry"],"_links":{"self":[{"href":"https:\/\/www.apls.ca\/en\/wp-json\/wp\/v2\/pages\/2935","targetHints":{"allow":["GET"]}}],"collection":[{"href":"https:\/\/www.apls.ca\/en\/wp-json\/wp\/v2\/pages"}],"about":[{"href":"https:\/\/www.apls.ca\/en\/wp-json\/wp\/v2\/types\/page"}],"author":[{"embeddable":true,"href":"https:\/\/www.apls.ca\/en\/wp-json\/wp\/v2\/users\/73"}],"replies":[{"embeddable":true,"href":"https:\/\/www.apls.ca\/en\/wp-json\/wp\/v2\/comments?post=2935"}],"version-history":[{"count":18,"href":"https:\/\/www.apls.ca\/en\/wp-json\/wp\/v2\/pages\/2935\/revisions"}],"predecessor-version":[{"id":5079,"href":"https:\/\/www.apls.ca\/en\/wp-json\/wp\/v2\/pages\/2935\/revisions\/5079"}],"up":[{"embeddable":true,"href":"https:\/\/www.apls.ca\/en\/wp-json\/wp\/v2\/pages\/2304"}],"wp:attachment":[{"href":"https:\/\/www.apls.ca\/en\/wp-json\/wp\/v2\/media?parent=2935"}],"curies":[{"name":"wp","href":"https:\/\/api.w.org\/{rel}","templated":true}]}}