{"id":2889,"date":"2014-09-20T20:28:14","date_gmt":"2014-09-21T00:28:14","guid":{"rendered":"http:\/\/www.apls.ca\/?page_id=2889"},"modified":"2014-09-20T20:28:37","modified_gmt":"2014-09-21T00:28:37","slug":"ski-de-fond-duhamel","status":"publish","type":"page","link":"https:\/\/www.apls.ca\/en\/documents\/loisirs-et-sports\/ski-de-fond-duhamel","title":{"rendered":"Ski de fond Duhamel"},"content":{"rendered":"<p>Le club SKIRA offre plus de 40 km de sentiers pour le ski de randonn\u00e9e, la raquette ou la randonn\u00e9e p\u00e9destre. Ces sentiers sont situ\u00e9s autour de l\u2019accueil Gagnon de la r\u00e9serve faunique Papineau-Labelle, \u00e0 16 km au nord du village\u00a0 de Duhamel.\u00a0Vous pouvez consulter la carte:\u00a0<a href=\"http:\/\/www.apls.ca\/wp-content\/uploads\/2014\/09\/Pistes-de-ski-de-randonn\u00e9e-Duhamel.pdf\">Pistes de ski de randonn\u00e9e Duhamel<\/a><\/p>\n\n<!-- FB Like Button Starbit IT Solutions BEGIN -->\n<div class=\"fb-like\" data-href=\"https:\/\/www.apls.ca\/en\/documents\/loisirs-et-sports\/ski-de-fond-duhamel\" data-layout=\"standard\" data-action=\"like\" data-show-faces=\"true\" data-size=\"small\" data-width=\"450\" data-share=\"1\" ><\/div>\n<!-- FB Like Button Starbit IT Solutions END -->\n","protected":false},"excerpt":{"rendered":"<p>Le club SKIRA offre plus de 40 km de sentiers pour le ski de randonn\u00e9e, la raquette ou la randonn\u00e9e p\u00e9destre. Ces sentiers sont situ\u00e9s autour de l\u2019accueil Gagnon de la r\u00e9serve faunique Papineau-Labelle, \u00e0 16 km au nord du &hellip; <a href=\"https:\/\/www.apls.ca\/en\/documents\/loisirs-et-sports\/ski-de-fond-duhamel\">Continue reading <span class=\"meta-nav\">&rarr;<\/span><\/a><\/p>\n","protected":false},"author":73,"featured_media":0,"parent":2867,"menu_order":0,"comment_status":"open","ping_status":"closed","template":"","meta":{"footnotes":""},"class_list":["post-2889","page","type-page","status-publish","hentry"],"_links":{"self":[{"href":"https:\/\/www.apls.ca\/en\/wp-json\/wp\/v2\/pages\/2889","targetHints":{"allow":["GET"]}}],"collection":[{"href":"https:\/\/www.apls.ca\/en\/wp-json\/wp\/v2\/pages"}],"about":[{"href":"https:\/\/www.apls.ca\/en\/wp-json\/wp\/v2\/types\/page"}],"author":[{"embeddable":true,"href":"https:\/\/www.apls.ca\/en\/wp-json\/wp\/v2\/users\/73"}],"replies":[{"embeddable":true,"href":"https:\/\/www.apls.ca\/en\/wp-json\/wp\/v2\/comments?post=2889"}],"version-history":[{"count":2,"href":"https:\/\/www.apls.ca\/en\/wp-json\/wp\/v2\/pages\/2889\/revisions"}],"predecessor-version":[{"id":2892,"href":"https:\/\/www.apls.ca\/en\/wp-json\/wp\/v2\/pages\/2889\/revisions\/2892"}],"up":[{"embeddable":true,"href":"https:\/\/www.apls.ca\/en\/wp-json\/wp\/v2\/pages\/2867"}],"wp:attachment":[{"href":"https:\/\/www.apls.ca\/en\/wp-json\/wp\/v2\/media?parent=2889"}],"curies":[{"name":"wp","href":"https:\/\/api.w.org\/{rel}","templated":true}]}}