{"id":2875,"date":"2014-09-20T20:12:38","date_gmt":"2014-09-21T00:12:38","guid":{"rendered":"http:\/\/www.apls.ca\/?page_id=2875"},"modified":"2014-09-20T20:21:57","modified_gmt":"2014-09-21T00:21:57","slug":"les-circuits-velo-de-la-mrc-papineau","status":"publish","type":"page","link":"https:\/\/www.apls.ca\/en\/documents\/loisirs-et-sports\/les-circuits-velo-de-la-mrc-papineau","title":{"rendered":"14 circuits v\u00e9lo MRC Papineau"},"content":{"rendered":"<p>Parcourez la Petite-Nation La Li\u00e8vre \u00e0 v\u00e9lo avec 14\u00a0circuits v\u00e9lo.\u00a0Pour plus d\u2019informations consultez:\u00a0<a href=\"http:\/\/www.apls.ca\/wp-content\/uploads\/2014\/09\/Circuits-v\u00e9lo-de-la-MRC-Papineau.pdf\">Circuits v\u00e9lo de la MRC Papineau<\/a><\/p>\n\n<!-- FB Like Button Starbit IT Solutions BEGIN -->\n<div class=\"fb-like\" data-href=\"https:\/\/www.apls.ca\/en\/documents\/loisirs-et-sports\/les-circuits-velo-de-la-mrc-papineau\" data-layout=\"standard\" data-action=\"like\" data-show-faces=\"true\" data-size=\"small\" data-width=\"450\" data-share=\"1\" ><\/div>\n<!-- FB Like Button Starbit IT Solutions END -->\n","protected":false},"excerpt":{"rendered":"<p>Parcourez la Petite-Nation La Li\u00e8vre \u00e0 v\u00e9lo avec 14\u00a0circuits v\u00e9lo.\u00a0Pour plus d\u2019informations consultez:\u00a0Circuits v\u00e9lo de la MRC Papineau<\/p>\n","protected":false},"author":73,"featured_media":0,"parent":2867,"menu_order":0,"comment_status":"open","ping_status":"closed","template":"","meta":{"footnotes":""},"class_list":["post-2875","page","type-page","status-publish","hentry"],"_links":{"self":[{"href":"https:\/\/www.apls.ca\/en\/wp-json\/wp\/v2\/pages\/2875","targetHints":{"allow":["GET"]}}],"collection":[{"href":"https:\/\/www.apls.ca\/en\/wp-json\/wp\/v2\/pages"}],"about":[{"href":"https:\/\/www.apls.ca\/en\/wp-json\/wp\/v2\/types\/page"}],"author":[{"embeddable":true,"href":"https:\/\/www.apls.ca\/en\/wp-json\/wp\/v2\/users\/73"}],"replies":[{"embeddable":true,"href":"https:\/\/www.apls.ca\/en\/wp-json\/wp\/v2\/comments?post=2875"}],"version-history":[{"count":4,"href":"https:\/\/www.apls.ca\/en\/wp-json\/wp\/v2\/pages\/2875\/revisions"}],"predecessor-version":[{"id":2886,"href":"https:\/\/www.apls.ca\/en\/wp-json\/wp\/v2\/pages\/2875\/revisions\/2886"}],"up":[{"embeddable":true,"href":"https:\/\/www.apls.ca\/en\/wp-json\/wp\/v2\/pages\/2867"}],"wp:attachment":[{"href":"https:\/\/www.apls.ca\/en\/wp-json\/wp\/v2\/media?parent=2875"}],"curies":[{"name":"wp","href":"https:\/\/api.w.org\/{rel}","templated":true}]}}