{"id":2870,"date":"2014-09-20T20:03:14","date_gmt":"2014-09-21T00:03:14","guid":{"rendered":"http:\/\/www.apls.ca\/?page_id=2870"},"modified":"2021-05-12T12:27:20","modified_gmt":"2021-05-12T16:27:20","slug":"ski-de-fond-et-raquette","status":"publish","type":"page","link":"https:\/\/www.apls.ca\/en\/documents\/cartes-loisirs-sports\/ski-de-fond-et-raquette","title":{"rendered":"Ski de fond Lac Simon"},"content":{"rendered":"<p>Pour ceux et celles qui d\u00e9sirent s\u2019adonner au\u00a0<strong>ski de fond et \u00e0 la raquette<\/strong>, vous pouvez acc\u00e9der aux diff\u00e9rentes pistes entretenues par la municipalit\u00e9 de Lac Simon.\u00a0Vous pouvez vous stationner \u00e0 la caserne de pompier au 105, chemin du Parc ou au garage de la collecte des ordures au 475, Route 321 Nord.\u00a0Vous pouvez consulter la carte <a href=\"http:\/\/www.apls.ca\/wp-content\/uploads\/2021\/05\/Piste-20171.pdf\">Pistes de ski de randonn\u00e9e Lac Simon<\/a><\/p>\n<p>\u00a0<\/p>\n\n\n<figure class=\"wp-block-image size-large\"><img loading=\"lazy\" decoding=\"async\" width=\"791\" height=\"1024\" src=\"http:\/\/www.apls.ca\/wp-content\/uploads\/2021\/05\/Piste-20171-copy-791x1024.jpg\" alt=\"\" class=\"wp-image-5156\" srcset=\"https:\/\/www.apls.ca\/wp-content\/uploads\/2021\/05\/Piste-20171-copy-791x1024.jpg 791w, https:\/\/www.apls.ca\/wp-content\/uploads\/2021\/05\/Piste-20171-copy-232x300.jpg 232w, https:\/\/www.apls.ca\/wp-content\/uploads\/2021\/05\/Piste-20171-copy-768x994.jpg 768w, https:\/\/www.apls.ca\/wp-content\/uploads\/2021\/05\/Piste-20171-copy-1187x1536.jpg 1187w, https:\/\/www.apls.ca\/wp-content\/uploads\/2021\/05\/Piste-20171-copy.jpg 1275w\" sizes=\"auto, (max-width: 791px) 100vw, 791px\" \/><\/figure>\n","protected":false},"excerpt":{"rendered":"<p>Pour ceux et celles qui d\u00e9sirent s\u2019adonner au\u00a0ski de fond et \u00e0 la raquette, vous pouvez acc\u00e9der aux diff\u00e9rentes pistes entretenues par la municipalit\u00e9 de Lac Simon.\u00a0Vous pouvez vous stationner \u00e0 la caserne de pompier au 105, chemin du Parc &hellip; <a href=\"https:\/\/www.apls.ca\/en\/documents\/cartes-loisirs-sports\/ski-de-fond-et-raquette\">Continue reading <span class=\"meta-nav\">&rarr;<\/span><\/a><\/p>\n","protected":false},"author":73,"featured_media":0,"parent":2867,"menu_order":0,"comment_status":"open","ping_status":"closed","template":"","meta":{"footnotes":""},"class_list":["post-2870","page","type-page","status-publish","hentry"],"_links":{"self":[{"href":"https:\/\/www.apls.ca\/en\/wp-json\/wp\/v2\/pages\/2870","targetHints":{"allow":["GET"]}}],"collection":[{"href":"https:\/\/www.apls.ca\/en\/wp-json\/wp\/v2\/pages"}],"about":[{"href":"https:\/\/www.apls.ca\/en\/wp-json\/wp\/v2\/types\/page"}],"author":[{"embeddable":true,"href":"https:\/\/www.apls.ca\/en\/wp-json\/wp\/v2\/users\/73"}],"replies":[{"embeddable":true,"href":"https:\/\/www.apls.ca\/en\/wp-json\/wp\/v2\/comments?post=2870"}],"version-history":[{"count":7,"href":"https:\/\/www.apls.ca\/en\/wp-json\/wp\/v2\/pages\/2870\/revisions"}],"predecessor-version":[{"id":5159,"href":"https:\/\/www.apls.ca\/en\/wp-json\/wp\/v2\/pages\/2870\/revisions\/5159"}],"up":[{"embeddable":true,"href":"https:\/\/www.apls.ca\/en\/wp-json\/wp\/v2\/pages\/2867"}],"wp:attachment":[{"href":"https:\/\/www.apls.ca\/en\/wp-json\/wp\/v2\/media?parent=2870"}],"curies":[{"name":"wp","href":"https:\/\/api.w.org\/{rel}","templated":true}]}}