{"id":2867,"date":"2014-09-20T19:58:52","date_gmt":"2014-09-20T23:58:52","guid":{"rendered":"http:\/\/www.apls.ca\/?page_id=2867"},"modified":"2014-09-22T08:17:21","modified_gmt":"2014-09-22T12:17:21","slug":"loisirs-et-sports","status":"publish","type":"page","link":"https:\/\/www.apls.ca\/en\/documents\/loisirs-et-sports","title":{"rendered":"Cartes loisirs et sports"},"content":{"rendered":"<p><strong><a href=\"https:\/\/www.apls.ca\/en\/documents\/loisirs-et-sports\/les-circuits-velo-de-la-mrc-papineau\">14 circuits v\u00e9lo MRC Papineau<\/a><\/strong><\/p>\n<p><strong><a href=\"\/?page_id=2949\">Jour J BMR de v\u00e9lo<\/a><\/strong><\/p>\n<p><strong><a href=\"https:\/\/www.apls.ca\/en\/documents\/loisirs-et-sports\/montagnes-noires-ripon\">Montagnes noires Ripon<\/a><\/strong><\/p>\n<p><strong><a href=\"https:\/\/www.apls.ca\/en\/documents\/loisirs-et-sports\/sentiers-pedestres\">Sentiers p\u00e9destres Duhamel<\/a><\/strong><\/p>\n<p><strong><a href=\"https:\/\/www.apls.ca\/en\/documents\/loisirs-et-sports\/ski-de-fond-duhamel\">Ski de fond Duhamel<\/a><\/strong><\/p>\n<p><strong><a href=\"https:\/\/www.apls.ca\/en\/documents\/loisirs-et-sports\/ski-de-fond-et-raquette\">Ski de fond Lac Simon<\/a><\/strong><\/p>\n<p>&nbsp;<\/p>\n<p>&nbsp;<\/p>\n\n<!-- FB Like Button Starbit IT Solutions BEGIN -->\n<div class=\"fb-like\" data-href=\"https:\/\/www.apls.ca\/en\/documents\/loisirs-et-sports\" data-layout=\"standard\" data-action=\"like\" data-show-faces=\"true\" data-size=\"small\" data-width=\"450\" data-share=\"1\" ><\/div>\n<!-- FB Like Button Starbit IT Solutions END -->\n","protected":false},"excerpt":{"rendered":"<p>14 circuits v\u00e9lo MRC Papineau Jour J BMR de v\u00e9lo Montagnes noires Ripon Sentiers p\u00e9destres Duhamel Ski de fond Duhamel Ski de fond Lac Simon &nbsp; &nbsp;<\/p>\n","protected":false},"author":73,"featured_media":0,"parent":2355,"menu_order":0,"comment_status":"open","ping_status":"closed","template":"","meta":{"footnotes":""},"class_list":["post-2867","page","type-page","status-publish","hentry"],"_links":{"self":[{"href":"https:\/\/www.apls.ca\/en\/wp-json\/wp\/v2\/pages\/2867","targetHints":{"allow":["GET"]}}],"collection":[{"href":"https:\/\/www.apls.ca\/en\/wp-json\/wp\/v2\/pages"}],"about":[{"href":"https:\/\/www.apls.ca\/en\/wp-json\/wp\/v2\/types\/page"}],"author":[{"embeddable":true,"href":"https:\/\/www.apls.ca\/en\/wp-json\/wp\/v2\/users\/73"}],"replies":[{"embeddable":true,"href":"https:\/\/www.apls.ca\/en\/wp-json\/wp\/v2\/comments?post=2867"}],"version-history":[{"count":7,"href":"https:\/\/www.apls.ca\/en\/wp-json\/wp\/v2\/pages\/2867\/revisions"}],"predecessor-version":[{"id":2983,"href":"https:\/\/www.apls.ca\/en\/wp-json\/wp\/v2\/pages\/2867\/revisions\/2983"}],"up":[{"embeddable":true,"href":"https:\/\/www.apls.ca\/en\/wp-json\/wp\/v2\/pages\/2355"}],"wp:attachment":[{"href":"https:\/\/www.apls.ca\/en\/wp-json\/wp\/v2\/media?parent=2867"}],"curies":[{"name":"wp","href":"https:\/\/api.w.org\/{rel}","templated":true}]}}