{"id":2796,"date":"2014-09-19T13:47:54","date_gmt":"2014-09-19T17:47:54","guid":{"rendered":"http:\/\/www.apls.ca\/?page_id=2796"},"modified":"2026-05-17T08:12:44","modified_gmt":"2026-05-17T12:12:44","slug":"installations-septiques","status":"publish","type":"page","link":"https:\/\/www.apls.ca\/en\/bonnes-pratiques\/installations-septiques","title":{"rendered":"Installations septiques"},"content":{"rendered":"<p>Les installations septiques \u00e0 proximit\u00e9 des cours d\u2019eau repr\u00e9sentent un potentiel r\u00e9el de contamination. Des solutions adapt\u00e9es \u00e0 chaque contexte doivent \u00eatre \u00e9tudi\u00e9es et implant\u00e9es, en fonction du risque encouru, des possibilit\u00e9s technologiques\u00a0et des co\u00fbts de mise en place et d\u2019exploitation.<\/p>\n<p>Toute r\u00e9sidence isol\u00e9e qui n'est pas desservie par un syst\u00e8me d'\u00e9gout doit obligatoirement \u00eatre desservie par une installation septique conforme \u00e0 la r\u00e9glementation provinciale.<\/p>\n<p><a href=\"http:\/\/www.apls.ca\/wp-content\/uploads\/2021\/05\/Guide-des-bonnes-pratiques-eaux-usees.pdf\">Guide des bonnes pratiques destin\u00e9 aux propri\u00e9taires de dispositifs de traitement des eaux us\u00e9es<\/a> (Municipalit\u00e9 de Lac Simon)<\/p>\n<p>Pour plus d'informations consultez:<\/p>\n<p>1)\u00a0<a href=\"http:\/\/www.mddelcc.gouv.qc.ca\/eau\/eaux-usees\/Guide-bonnes-pratiques-proprio-dispositifs.pdf\">Guide des bonnes pratiques \u00e0 l\u2019intention des propri\u00e9taires<\/a><\/p>\n<p>2)\u00a0<a href=\"http:\/\/www.apls.ca\/wp-content\/uploads\/2014\/09\/D\u00e9pliant-information-sur-syst\u00e8me-septique.pdf\">D\u00e9pliant information sur syst\u00e8me septique<\/a><\/p>\n<div class=\"\" data-block=\"true\" data-editor=\"2khg4\" data-offset-key=\"buq86-0-0\">\n<div class=\"_1mf _1mj\" data-offset-key=\"buq86-0-0\"><span data-offset-key=\"buq86-0-0\"><strong>Documentations<\/strong> :<\/span><\/div>\n<\/div>\n<div class=\"\" data-block=\"true\" data-editor=\"2khg4\" data-offset-key=\"8786q-0-0\">\n<div class=\"_1mf _1mj\" data-offset-key=\"8786q-0-0\"><a href=\"https:\/\/www.environnement.gouv.qc.ca\/eau\/eaux-usees\/residences-isolees.htm\"><span class=\"py34i1dx\"><span data-offset-key=\"8786q-0-0\">http:\/\/www.mddelcc.gouv.qc.ca\/eau\/eaux-usees\/residences-isolees.htm<\/span><\/span><\/a><\/div>\n<\/div>\n<div class=\"\" data-block=\"true\" data-editor=\"2khg4\" data-offset-key=\"81moh-0-0\">\n<div class=\"_1mf _1mj\" data-offset-key=\"81moh-0-0\"><a href=\"http:\/\/crelaurentides.org\/images\/images_site\/documents\/depliants\/Capsules_FR_2013_5.pdf?v=55536\"><span class=\"py34i1dx\"><span data-offset-key=\"81moh-0-0\">http:\/\/www.crelaurentides.org\/images\/images_site\/documents\/depliants\/Capsules_FR_2013_5.pdf<\/span><\/span><\/a><\/div>\n<\/div>\n<div class=\"\" data-block=\"true\" data-editor=\"2khg4\" data-offset-key=\"b7rdv-0-0\">\n<div class=\"_1mf _1mj\" data-offset-key=\"b7rdv-0-0\"><a href=\"http:\/\/crelaurentides.org\/images\/images_site\/documents\/guides\/installation_septique.pdf?v=84939\"><span class=\"py34i1dx\"><span data-offset-key=\"b7rdv-0-0\">http:\/\/www.crelaurentides.org\/images\/images_site\/documents\/guides\/installation_septique.pdf<\/span><\/span><\/a><\/div>\n<\/div>\n<div class=\"\" data-block=\"true\" data-editor=\"2khg4\" data-offset-key=\"1oi4o-0-0\">\n<div class=\"_1mf _1mj\" data-offset-key=\"1oi4o-0-0\"><span data-offset-key=\"1oi4o-0-0\">Anglais<\/span><\/div>\n<\/div>\n<div class=\"\" data-block=\"true\" data-editor=\"2khg4\" data-offset-key=\"aogm7-0-0\">\n<div class=\"_1mf _1mj\" data-offset-key=\"aogm7-0-0\"><span class=\"py34i1dx\"><span data-offset-key=\"aogm7-0-0\"><a href=\"http:\/\/crelaurentides.org\/images\/images_site\/documents\/english\/fact_sheet\/capsuleang5.pdf?v=20553\">http:\/\/www.crelaurentides.org\/images\/images_site\/documents\/english\/fact_sheet\/capsuleang5.pdf<\/a><\/span><\/span><\/div>\n<div data-offset-key=\"aogm7-0-0\">\u00a0<\/div>\n<\/div>\n\n\n<p><\/p>\n","protected":false},"excerpt":{"rendered":"<p>Les installations septiques \u00e0 proximit\u00e9 des cours d\u2019eau repr\u00e9sentent un potentiel r\u00e9el de contamination. Des solutions adapt\u00e9es \u00e0 chaque contexte doivent \u00eatre \u00e9tudi\u00e9es et implant\u00e9es, en fonction du risque encouru, des possibilit\u00e9s technologiques\u00a0et des co\u00fbts de mise en place et &hellip; <a href=\"https:\/\/www.apls.ca\/en\/bonnes-pratiques\/installations-septiques\">Continue reading <span class=\"meta-nav\">&rarr;<\/span><\/a><\/p>\n","protected":false},"author":73,"featured_media":0,"parent":2777,"menu_order":4,"comment_status":"open","ping_status":"closed","template":"","meta":{"footnotes":""},"class_list":["post-2796","page","type-page","status-publish","hentry"],"_links":{"self":[{"href":"https:\/\/www.apls.ca\/en\/wp-json\/wp\/v2\/pages\/2796","targetHints":{"allow":["GET"]}}],"collection":[{"href":"https:\/\/www.apls.ca\/en\/wp-json\/wp\/v2\/pages"}],"about":[{"href":"https:\/\/www.apls.ca\/en\/wp-json\/wp\/v2\/types\/page"}],"author":[{"embeddable":true,"href":"https:\/\/www.apls.ca\/en\/wp-json\/wp\/v2\/users\/73"}],"replies":[{"embeddable":true,"href":"https:\/\/www.apls.ca\/en\/wp-json\/wp\/v2\/comments?post=2796"}],"version-history":[{"count":10,"href":"https:\/\/www.apls.ca\/en\/wp-json\/wp\/v2\/pages\/2796\/revisions"}],"predecessor-version":[{"id":4938,"href":"https:\/\/www.apls.ca\/en\/wp-json\/wp\/v2\/pages\/2796\/revisions\/4938"}],"up":[{"embeddable":true,"href":"https:\/\/www.apls.ca\/en\/wp-json\/wp\/v2\/pages\/2777"}],"wp:attachment":[{"href":"https:\/\/www.apls.ca\/en\/wp-json\/wp\/v2\/media?parent=2796"}],"curies":[{"name":"wp","href":"https:\/\/api.w.org\/{rel}","templated":true}]}}