{"id":2771,"date":"2014-09-19T13:11:41","date_gmt":"2014-09-19T17:11:41","guid":{"rendered":"http:\/\/www.apls.ca\/?page_id=2771"},"modified":"2014-09-21T17:42:14","modified_gmt":"2014-09-21T21:42:14","slug":"programme-de-plantation-darbres","status":"publish","type":"page","link":"https:\/\/www.apls.ca\/en\/bonnes-pratique\/programme-de-plantation-darbres","title":{"rendered":"Programme de plantation d\u2019arbres"},"content":{"rendered":"<p><strong>Municipalit\u00e9 de Lac\u00a0<\/strong><span style=\"color: #000000;\"><b>Simon<\/b><\/span><\/p>\n<p><a href=\"http:\/\/www.apls.ca\/wp-content\/uploads\/2014\/09\/Subvention-accord\u00e9e-dans-le-cadre-de-la-r\u00e9g\u00e9n\u00e9ration-des-berges-2012.pdf\">Subvention accord\u00e9e dans le cadre de la r\u00e9g\u00e9n\u00e9ration des berges<\/a>\u00a0(2012)<\/p>\n<p><a href=\"http:\/\/www.apls.ca\/wp-content\/uploads\/2014\/09\/Subvention-accord\u00e9e-dans-le-cadre-de-la-r\u00e9g\u00e9n\u00e9ration-des-berges-2013.pdf\">Subvention accord\u00e9e dans le cadre de la r\u00e9g\u00e9n\u00e9ration des berges<\/a>\u00a0(2013)<\/p>\n<p><strong>Municipalit\u00e9 de Duhamel<\/strong><\/p>\n<p><a href=\"http:\/\/www.apls.ca\/wp-content\/uploads\/2014\/09\/Distribution-d\u2019arbres-gratuit-2014-Duhamel.pdf\">Distribution d\u2019arbres gratuit<\/a>\u00a0(2014)<\/p>\n<p>Pour plus d\u2019informations consultez:<\/p>\n<p>1)\u00a0<a href=\"http:\/\/www.apls.ca\/wp-content\/uploads\/2014\/09\/Fiche-technique-sur-la-stabilisation-des-rives.pdf\">Fiche technique sur la stabilisation des rives<\/a>\u00a0(Soci\u00e9t\u00e9 de la faune et des parcs du Qu\u00e9bec)<a href=\"http:\/\/www.apls.ca\/wp-content\/uploads\/2014\/09\/Fiche-technique-sur-la-stabilisation-des-rives.pdf\"><br \/>\n<\/a><\/p>\n\n<!-- FB Like Button Starbit IT Solutions BEGIN -->\n<div class=\"fb-like\" data-href=\"https:\/\/www.apls.ca\/en\/bonnes-pratique\/programme-de-plantation-darbres\" data-layout=\"standard\" data-action=\"like\" data-show-faces=\"true\" data-size=\"small\" data-width=\"450\" data-share=\"1\" ><\/div>\n<!-- FB Like Button Starbit IT Solutions END -->\n","protected":false},"excerpt":{"rendered":"<p>Municipalit\u00e9 de Lac\u00a0Simon Subvention accord\u00e9e dans le cadre de la r\u00e9g\u00e9n\u00e9ration des berges\u00a0(2012) Subvention accord\u00e9e dans le cadre de la r\u00e9g\u00e9n\u00e9ration des berges\u00a0(2013) Municipalit\u00e9 de Duhamel Distribution d\u2019arbres gratuit\u00a0(2014) Pour plus d\u2019informations consultez: 1)\u00a0Fiche technique sur la stabilisation des rives\u00a0(Soci\u00e9t\u00e9 &hellip; <a href=\"https:\/\/www.apls.ca\/en\/bonnes-pratique\/programme-de-plantation-darbres\">Continue reading <span class=\"meta-nav\">&rarr;<\/span><\/a><\/p>\n","protected":false},"author":73,"featured_media":0,"parent":2777,"menu_order":0,"comment_status":"open","ping_status":"closed","template":"","meta":{"footnotes":""},"class_list":["post-2771","page","type-page","status-publish","hentry"],"_links":{"self":[{"href":"https:\/\/www.apls.ca\/en\/wp-json\/wp\/v2\/pages\/2771","targetHints":{"allow":["GET"]}}],"collection":[{"href":"https:\/\/www.apls.ca\/en\/wp-json\/wp\/v2\/pages"}],"about":[{"href":"https:\/\/www.apls.ca\/en\/wp-json\/wp\/v2\/types\/page"}],"author":[{"embeddable":true,"href":"https:\/\/www.apls.ca\/en\/wp-json\/wp\/v2\/users\/73"}],"replies":[{"embeddable":true,"href":"https:\/\/www.apls.ca\/en\/wp-json\/wp\/v2\/comments?post=2771"}],"version-history":[{"count":14,"href":"https:\/\/www.apls.ca\/en\/wp-json\/wp\/v2\/pages\/2771\/revisions"}],"predecessor-version":[{"id":2954,"href":"https:\/\/www.apls.ca\/en\/wp-json\/wp\/v2\/pages\/2771\/revisions\/2954"}],"up":[{"embeddable":true,"href":"https:\/\/www.apls.ca\/en\/wp-json\/wp\/v2\/pages\/2777"}],"wp:attachment":[{"href":"https:\/\/www.apls.ca\/en\/wp-json\/wp\/v2\/media?parent=2771"}],"curies":[{"name":"wp","href":"https:\/\/api.w.org\/{rel}","templated":true}]}}