{"id":2759,"date":"2014-09-19T12:48:23","date_gmt":"2014-09-19T16:48:23","guid":{"rendered":"http:\/\/www.apls.ca\/?page_id=2759"},"modified":"2017-08-21T07:35:40","modified_gmt":"2017-08-21T11:35:40","slug":"avis-aux-plaisanciers","status":"publish","type":"page","link":"https:\/\/www.apls.ca\/en\/bonnes-pratique\/avis-aux-plaisanciers","title":{"rendered":"Plaisanciers responsables"},"content":{"rendered":"<p><a href=\"http:\/\/www.apls.ca\/wp-content\/uploads\/2014\/09\/guide-nautique-DUHAMEL.pdf\">Guide nautique municipalit\u00e9 de\u00a0Duhamel<\/a><\/p>\n<p><a href=\"http:\/\/www.apls.ca\/wp-content\/uploads\/2014\/09\/Guide\u00c9thiqueLac-Simon_brochure.docx\">Guide nautique municipalit\u00e9 de\u00a0Lac-Simon<\/a><\/p>\n<p><a href=\"http:\/\/www.apls.ca\/wp-content\/uploads\/2014\/09\/Nouvelle-signalisation-dans-la-baie-Groulx.pdf\">Nouvelle signalisation dans la baie Groulx<\/a>\u00a0(juillet 2012)<\/p>\n<p><a href=\"http:\/\/www.lapresse.ca\/le-droit\/actualites\/societe\/201605\/15\/01-4981884-nettoyer-son-bateau-pour-proteger-lacs-et-rivieres.php?utm_categorieinterne=trafficdrivers&amp;utm_contenuinterne=cyberpresse_B9_actualites_98069_section_POS8\">Nettoyer son bateau pour prot\u00e9ger lacs et rivi\u00e8res publi\u00e9<\/a>\u00a0le 15 mai 2016 @ La Presse<\/p>\n<p>&nbsp;<\/p>\n\n<!-- FB Like Button Starbit IT Solutions BEGIN -->\n<div class=\"fb-like\" data-href=\"https:\/\/www.apls.ca\/en\/bonnes-pratique\/avis-aux-plaisanciers\" data-layout=\"standard\" data-action=\"like\" data-show-faces=\"true\" data-size=\"small\" data-width=\"450\" data-share=\"1\" ><\/div>\n<!-- FB Like Button Starbit IT Solutions END -->\n","protected":false},"excerpt":{"rendered":"<p>Guide nautique municipalit\u00e9 de\u00a0Duhamel Guide nautique municipalit\u00e9 de\u00a0Lac-Simon Nouvelle signalisation dans la baie Groulx\u00a0(juillet 2012) Nettoyer son bateau pour prot\u00e9ger lacs et rivi\u00e8res publi\u00e9\u00a0le 15 mai 2016 @ La Presse &nbsp;<\/p>\n","protected":false},"author":73,"featured_media":0,"parent":2777,"menu_order":0,"comment_status":"open","ping_status":"closed","template":"","meta":{"footnotes":""},"class_list":["post-2759","page","type-page","status-publish","hentry"],"_links":{"self":[{"href":"https:\/\/www.apls.ca\/en\/wp-json\/wp\/v2\/pages\/2759","targetHints":{"allow":["GET"]}}],"collection":[{"href":"https:\/\/www.apls.ca\/en\/wp-json\/wp\/v2\/pages"}],"about":[{"href":"https:\/\/www.apls.ca\/en\/wp-json\/wp\/v2\/types\/page"}],"author":[{"embeddable":true,"href":"https:\/\/www.apls.ca\/en\/wp-json\/wp\/v2\/users\/73"}],"replies":[{"embeddable":true,"href":"https:\/\/www.apls.ca\/en\/wp-json\/wp\/v2\/comments?post=2759"}],"version-history":[{"count":10,"href":"https:\/\/www.apls.ca\/en\/wp-json\/wp\/v2\/pages\/2759\/revisions"}],"predecessor-version":[{"id":3850,"href":"https:\/\/www.apls.ca\/en\/wp-json\/wp\/v2\/pages\/2759\/revisions\/3850"}],"up":[{"embeddable":true,"href":"https:\/\/www.apls.ca\/en\/wp-json\/wp\/v2\/pages\/2777"}],"wp:attachment":[{"href":"https:\/\/www.apls.ca\/en\/wp-json\/wp\/v2\/media?parent=2759"}],"curies":[{"name":"wp","href":"https:\/\/api.w.org\/{rel}","templated":true}]}}