{"id":2751,"date":"2014-09-19T12:40:00","date_gmt":"2014-09-19T16:40:00","guid":{"rendered":"http:\/\/www.apls.ca\/?page_id=2751"},"modified":"2021-05-12T14:34:00","modified_gmt":"2021-05-12T18:34:00","slug":"le-lac-simon","status":"publish","type":"page","link":"https:\/\/www.apls.ca\/en\/contacts\/le-lac-simon","title":{"rendered":"Le Lac"},"content":{"rendered":"<p>Altitude: 197 m<\/p>\n<p>Superficie: 24,53 km2<\/p>\n<p>P\u00e9rim\u00e8tre: 74,2 kms<\/p>\n<p>Profondeur maximale: 106,7 m<\/p>\n<p>Profondeur moyenne: 45,0 m<\/p>\n<p>Volume d'eau : 1 302 450 000 m3<\/p>\n<p>\u00a0<\/p>\n<div class=\"\" data-block=\"true\" data-editor=\"fja42\" data-offset-key=\"6msuh-0-0\">\n<div class=\"_1mf _1mj\" data-offset-key=\"6msuh-0-0\"><strong>Fiche signal\u00e9tique de la station<\/strong><\/div>\n<\/div>\n<div class=\"\" data-block=\"true\" data-editor=\"fja42\" data-offset-key=\"ctueb-0-0\">\n<div class=\"_1mf _1mj\" data-offset-key=\"ctueb-0-0\">\u00a0<\/div>\n<\/div>\n<div class=\"\" data-block=\"true\" data-editor=\"fja42\" data-offset-key=\"7ol8-0-0\">\n<div class=\"_1mf _1mj\" data-offset-key=\"7ol8-0-0\"><span data-offset-key=\"7ol8-0-0\">Num\u00e9ro de la station :\u00a0<\/span><span style=\"line-height: 1.3;\">040406<\/span><\/div>\n<\/div>\n<div class=\"\" data-block=\"true\" data-editor=\"fja42\" data-offset-key=\"9mjer-0-0\">\n<div class=\"_1mf _1mj\" data-offset-key=\"9mjer-0-0\">\u00a0<\/div>\n<\/div>\n<div class=\"\" data-block=\"true\" data-editor=\"fja42\" data-offset-key=\"14eg6-0-0\">\n<div class=\"_1mf _1mj\" data-offset-key=\"14eg6-0-0\"><span data-offset-key=\"14eg6-0-0\">Nom de la station :\u00a0<\/span><span style=\"line-height: 1.3;\">De la Petite Nation<\/span><\/div>\n<\/div>\n<div class=\"\" data-block=\"true\" data-editor=\"fja42\" data-offset-key=\"e20tb-0-0\">\n<div class=\"_1mf _1mj\" data-offset-key=\"e20tb-0-0\">\u00a0<\/div>\n<\/div>\n<div class=\"\" data-block=\"true\" data-editor=\"fja42\" data-offset-key=\"2qhqu-0-0\">\n<div class=\"_1mf _1mj\" data-offset-key=\"2qhqu-0-0\"><span data-offset-key=\"2qhqu-0-0\">Description :\u00a0<\/span><span style=\"line-height: 1.3;\">au pont \u00e0 1,6 km en amont de Ripon<\/span><\/div>\n<\/div>\n<div class=\"\" data-block=\"true\" data-editor=\"fja42\" data-offset-key=\"5joki-0-0\">\n<div class=\"_1mf _1mj\" data-offset-key=\"5joki-0-0\">\u00a0<\/div>\n<\/div>\n<div class=\"\" data-block=\"true\" data-editor=\"fja42\" data-offset-key=\"cv9ev-0-0\">\n<div class=\"_1mf _1mj\" data-offset-key=\"cv9ev-0-0\"><span data-offset-key=\"cv9ev-0-0\">Municipalit\u00e9 :\u00a0<\/span><span style=\"line-height: 1.3;\">Ripon<\/span><\/div>\n<\/div>\n<div class=\"\" data-block=\"true\" data-editor=\"fja42\" data-offset-key=\"1bojb-0-0\">\n<div class=\"_1mf _1mj\" data-offset-key=\"1bojb-0-0\">\u00a0<\/div>\n<\/div>\n<div class=\"\" data-block=\"true\" data-editor=\"fja42\" data-offset-key=\"1di8k-0-0\">\n<div class=\"_1mf _1mj\" data-offset-key=\"1di8k-0-0\"><span data-offset-key=\"1di8k-0-0\">R\u00e9gion administrative :\u00a0<\/span><span style=\"line-height: 1.3;\">Outaouais<\/span><\/div>\n<\/div>\n<div class=\"\" data-block=\"true\" data-editor=\"fja42\" data-offset-key=\"6mrb6-0-0\">\n<div class=\"_1mf _1mj\" data-offset-key=\"6mrb6-0-0\">\u00a0<\/div>\n<\/div>\n<div class=\"\" data-block=\"true\" data-editor=\"fja42\" data-offset-key=\"f8jja-0-0\">\n<div class=\"_1mf _1mj\" data-offset-key=\"f8jja-0-0\"><span data-offset-key=\"f8jja-0-0\">Lac ou cours d'eau :\u00a0<\/span><span style=\"line-height: 1.3;\">Petite Nation, Rivi\u00e8re de la<\/span><\/div>\n<\/div>\n<div class=\"\" data-block=\"true\" data-editor=\"fja42\" data-offset-key=\"3f189-0-0\">\n<div class=\"_1mf _1mj\" data-offset-key=\"3f189-0-0\">\u00a0<\/div>\n<\/div>\n<div class=\"\" data-block=\"true\" data-editor=\"fja42\" data-offset-key=\"f2h0-0-0\">\n<div class=\"_1mf _1mj\" data-offset-key=\"f2h0-0-0\"><span data-offset-key=\"f2h0-0-0\">R\u00e9gion hydrographique :\u00a0<\/span><span style=\"line-height: 1.3;\">Outaouais et Montr\u00e9al<\/span><\/div>\n<\/div>\n<div class=\"\" data-block=\"true\" data-editor=\"fja42\" data-offset-key=\"4p4ju-0-0\">\n<div class=\"_1mf _1mj\" data-offset-key=\"4p4ju-0-0\">\u00a0<\/div>\n<\/div>\n<div class=\"\" data-block=\"true\" data-editor=\"fja42\" data-offset-key=\"9ph8s-0-0\">\n<div class=\"_1mf _1mj\" data-offset-key=\"9ph8s-0-0\"><span data-offset-key=\"9ph8s-0-0\">Bassin versant \u00e0 la station :\u00a0<\/span><span style=\"line-height: 1.3;\">1 331 km\u00b2<\/span><\/div>\n<\/div>\n<div class=\"\" data-block=\"true\" data-editor=\"fja42\" data-offset-key=\"drp96-0-0\">\n<div class=\"_1mf _1mj\" data-offset-key=\"drp96-0-0\">\u00a0<\/div>\n<\/div>\n<div class=\"\" data-block=\"true\" data-editor=\"fja42\" data-offset-key=\"e737m-0-0\">\n<div class=\"_1mf _1mj\" data-offset-key=\"e737m-0-0\"><span data-offset-key=\"e737m-0-0\">R\u00e9gime d'\u00e9coulement :\u00a0<\/span><span style=\"line-height: 1.3;\">Influenc\u00e9<\/span><\/div>\n<\/div>\n<div class=\"\" data-block=\"true\" data-editor=\"fja42\" data-offset-key=\"bp69n-0-0\">\n<div class=\"_1mf _1mj\" data-offset-key=\"bp69n-0-0\">\u00a0<\/div>\n<\/div>\n<div class=\"\" data-block=\"true\" data-editor=\"fja42\" data-offset-key=\"6pbjb-0-0\">\n<div class=\"_1mf _1mj\" data-offset-key=\"6pbjb-0-0\"><span data-offset-key=\"6pbjb-0-0\">Num\u00e9ro f\u00e9d\u00e9ral de la station :\u00a0<\/span><span style=\"line-height: 1.3;\">02LD005<\/span><\/div>\n<\/div>\n<p><a href=\"https:\/\/geoegl.msp.gouv.qc.ca\/adnv2\/tableau-station.php?id=040406\">Vigilance: Surveillance de la crue des eaux \/ Stations hydrom\u00e9triques<\/a>\u00a0-\u00a0<strong>Minist\u00e8re de la S\u00e9curit\u00e9 Publique<\/strong><\/p>\n<p><a href=\"http:\/\/www.cehq.gouv.qc.ca\/suivihydro\/graphique.asp?NoStation=040406\">D\u00e9bit de la rivi\u00e8re Petite-Nation en amont de Ripon<\/a> (Expertise hydrique et barrages \u00a0-\u00a0<strong>Minist\u00e8re de l'Environnement et de la Lutte contre les changements climatiques<\/strong>)\u00a0<\/p>\n\n\n<div class=\"wp-block-group is-layout-flow wp-block-group-is-layout-flow\"><div class=\"wp-block-group__inner-container\"><\/div><\/div>\n\n<!-- FB Like Button Starbit IT Solutions BEGIN -->\n<div class=\"fb-like\" data-href=\"https:\/\/www.apls.ca\/en\/contacts\/le-lac-simon\" data-layout=\"standard\" data-action=\"like\" data-show-faces=\"true\" data-size=\"small\" data-width=\"450\" data-share=\"1\" ><\/div>\n<!-- FB Like Button Starbit IT Solutions END -->\n","protected":false},"excerpt":{"rendered":"<p>Altitude: 197 m Superficie: 24,53 km2 P\u00e9rim\u00e8tre: 74,2 kms Profondeur maximale: 106,7 m Profondeur moyenne: 45,0 m Volume d&#8217;eau : 1 302 450 000 m3 \u00a0 Fiche signal\u00e9tique de la station \u00a0 Num\u00e9ro de la station :\u00a0040406 \u00a0 Nom de &hellip; <a href=\"https:\/\/www.apls.ca\/en\/contacts\/le-lac-simon\">Continue reading <span class=\"meta-nav\">&rarr;<\/span><\/a><\/p>\n","protected":false},"author":73,"featured_media":0,"parent":146,"menu_order":0,"comment_status":"open","ping_status":"closed","template":"","meta":{"footnotes":""},"class_list":["post-2751","page","type-page","status-publish","hentry"],"_links":{"self":[{"href":"https:\/\/www.apls.ca\/en\/wp-json\/wp\/v2\/pages\/2751","targetHints":{"allow":["GET"]}}],"collection":[{"href":"https:\/\/www.apls.ca\/en\/wp-json\/wp\/v2\/pages"}],"about":[{"href":"https:\/\/www.apls.ca\/en\/wp-json\/wp\/v2\/types\/page"}],"author":[{"embeddable":true,"href":"https:\/\/www.apls.ca\/en\/wp-json\/wp\/v2\/users\/73"}],"replies":[{"embeddable":true,"href":"https:\/\/www.apls.ca\/en\/wp-json\/wp\/v2\/comments?post=2751"}],"version-history":[{"count":9,"href":"https:\/\/www.apls.ca\/en\/wp-json\/wp\/v2\/pages\/2751\/revisions"}],"predecessor-version":[{"id":5198,"href":"https:\/\/www.apls.ca\/en\/wp-json\/wp\/v2\/pages\/2751\/revisions\/5198"}],"up":[{"embeddable":true,"href":"https:\/\/www.apls.ca\/en\/wp-json\/wp\/v2\/pages\/146"}],"wp:attachment":[{"href":"https:\/\/www.apls.ca\/en\/wp-json\/wp\/v2\/media?parent=2751"}],"curies":[{"name":"wp","href":"https:\/\/api.w.org\/{rel}","templated":true}]}}