{"id":2731,"date":"2014-09-19T12:05:25","date_gmt":"2014-09-19T16:05:25","guid":{"rendered":"http:\/\/www.apls.ca\/?page_id=2731"},"modified":"2021-05-13T12:56:18","modified_gmt":"2021-05-13T16:56:18","slug":"qualite-de-leau-a-la-plage-municipal","status":"publish","type":"page","link":"https:\/\/www.apls.ca\/en\/dossiers\/qualite-de-leau-a-la-plage-municipal","title":{"rendered":"Qualit\u00e9 de l&#8217;eau"},"content":{"rendered":"<p>L'<strong>Association des propri\u00e9taires du lac Simon<\/strong> (APLS) en collaboration avec le <strong>Ministre du D\u00e9veloppement durable, de l\u2019Environnement et de la Lutte contre les changements climatiques<\/strong> fait le suivi de <strong>la qualit\u00e9 de l\u2019eau<\/strong> avec la <strong>mesure de la transparence<\/strong> et des\u00a0<strong>pr\u00e9l\u00e8vements d\u2019eau<\/strong> dans le cadre du <a href=\"http:\/\/www.mddelcc.gouv.qc.ca\/eau\/rsvl\/index.htm\">R\u00e9seau de surveillance volontaire des lacs<\/a> (RSVL).<\/p>\n<p>En quoi consiste le suivi de <strong>la qualit\u00e9 de l\u2019eau<\/strong>?<\/p>\n<ol>\n<li><strong>La mesure de la transparence de l\u2019eau<\/strong>:\u00a0La mesure de la transparence de l\u2019eau \u00e0 l\u2019aide du disque de Secchi doit \u00eatre effectu\u00e9e toutes les deux semaines, du d\u00e9but de juin jusqu\u2019au d\u00e9but d\u2019octobre.\u00a0Il s\u2019agit d\u2019une variable facile \u00e0 mesurer et qui est utile pour mettre en \u00e9vidence des changements \u00e0 long terme dans la qualit\u00e9 de l\u2019eau et dans l\u2019\u00e9tat du lac; et<\/li>\n<li><strong>L\u2019\u00e9chantillonnage de l\u2019eau<\/strong>:\u00a0l\u2019\u00e9chantillonnage de l\u2019eau pour mesurer en laboratoire le phosphore, le carbone organique dissous et la chlorophylle a. Toutes les analyses d\u2019eau sont effectu\u00e9es par le laboratoire du Minist\u00e8re, soit le <strong>Centre d\u2019expertise en analyse environnementale du Qu\u00e9bec<\/strong> (CEAEQ).<\/li>\n<\/ol>\n<p>En collaboration avec ses partenaires, le RSVL poursuit les 4 objectifs suivants :<\/p>\n<ol>\n<li>Acqu\u00e9rir des donn\u00e9es afin d\u2019\u00e9tablir le niveau trophique d\u2019un grand nombre de lacs et suivre leur \u00e9volution dans le temps;<\/li>\n<li>D\u00e9pister les lacs montrant des signes d'eutrophisation et de d\u00e9gradation;<\/li>\n<li>\u00c9duquer, sensibiliser, soutenir et informer les associations de riverains et les autres participants;<\/li>\n<li>Dresser un tableau g\u00e9n\u00e9ral de la situation des lacs de vill\u00e9giature au Qu\u00e9bec.<\/li>\n<\/ol>\n<p>\u00a0<\/p>\n<p>Les municipalit\u00e9s de Duhamel et de Lac Simon y effectuent leurs propres tests:<\/p>\n<p><strong>Municipalit\u00e9 de Duhamel: \"<\/strong>Programme de suivi de la qualit\u00e9 de l\u2019eau Municipalit\u00e9 de Duhamel\" par <a href=\"https:\/\/www.rpns.ca\/rapports-de-projets\"><strong>Organisme de bassins versants des rivi\u00e8res Rouge, Petite Nation et Saumon<\/strong><\/a> (OBV RPNS)<\/p>\n<ul>\n<li><a href=\"http:\/\/www.apls.ca\/wp-content\/uploads\/2021\/05\/rapport_duhamel_2020.pdf\">Suivi de la qualit\u00e9 de l'eau des ruisseaux Iroquois et Dor\u00e9 et des rivi\u00e8res Preston et Petite Nation \u00e0 Duhamel<\/a> 2020<\/li>\n<li><a href=\"http:\/\/www.apls.ca\/wp-content\/uploads\/2021\/05\/rapport_duhamel_2019_vf.pdf\">Suivi de la qualit\u00e9 de l'eau des ruisseaux Iroquois et Dor\u00e9 et des rivi\u00e8res Preston et Petite Nation \u00e0 Duhamel<\/a> 2019<\/li>\n<li><a href=\"http:\/\/www.apls.ca\/wp-content\/uploads\/2021\/05\/rapport_duhamel_2018.pdf\">Suivi de la qualit\u00e9 de l'eau des ruisseaux Iroquois et Dor\u00e9 et des rivi\u00e8res Preston et Petite Nation \u00e0 Duhamel<\/a> 2018<\/li>\n<li><a href=\"http:\/\/www.apls.ca\/wp-content\/uploads\/2021\/05\/rapport_sqe_duhamel_2017_vf.pdf\">Suivi de la qualit\u00e9 de l'eau des ruisseaux Iroquois et Dor\u00e9 et des rivi\u00e8res Preston et Petite Nation \u00e0 Duhamel<\/a> 2017<\/li>\n<\/ul>\n<p><a href=\"https:\/\/www.lac-simon.net\/fr\/proteger-notre-lac.htm\"><strong>Municipalit\u00e9 de Lac Simon: \"<\/strong><\/a>Analyse de l'eau et d\u00e9tection de moules z\u00e9br\u00e9es et analyses bact\u00e9riologiques\" par <strong>Les Moulles Z\u00e9br\u00e9e Inc.<\/strong>)<\/p>\n<p>\u00a0<\/p>\n<p>\u00c9loignez les feux de l\u2019eau!\u00a0Voici diff\u00e9rents documents importants qui vous aideront \u00e0 mieux comprendre la probl\u00e9matique des feux :<\/p>\n<p>1)\u00a0<a href=\"http:\/\/www.apls.ca\/wp-content\/uploads\/2014\/09\/Les-dangers-du-br\u00fblage-\u00e0-ciel-ouvert-Environnement-Canada.pdf\">Les dangers du br\u00fblage \u00e0 ciel ouvert (Environnement Canada)<\/a><\/p>\n<p>2)\u00a0<a href=\"http:\/\/www.apls.ca\/wp-content\/uploads\/2014\/09\/Les-effets-des-dioxines-et-furanes-sur-la-sant\u00e9-Sant\u00e9-Canada.pdf\">Les effets des dioxines et furanes sur la sant\u00e9 (Sant\u00e9 Canada)<\/a><\/p>\n<p>La journ\u00e9e d'analyse d'eau potable aura lieu <strong>Analyse d\u2019eau<\/strong> le 24 juillet 2021 de 9 h 30 \u00e0 13 h \u00e0 l'h\u00f4tel de ville de la municipalit\u00e9 de Lac Simon.<\/p>\n<p><a href=\"http:\/\/www.apls.ca\/wp-content\/uploads\/2014\/09\/La-journ\u00e9e-danalyse-deau.pdf\">\u00a0<\/a><\/p>\n\n\n<figure class=\"wp-block-image size-large is-resized\"><img loading=\"lazy\" decoding=\"async\" src=\"http:\/\/www.apls.ca\/wp-content\/uploads\/2021\/05\/presentation-dragged-copy-1024x791.jpg\" alt=\"\" class=\"wp-image-5109\" width=\"580\" height=\"448\" srcset=\"https:\/\/www.apls.ca\/wp-content\/uploads\/2021\/05\/presentation-dragged-copy-1024x791.jpg 1024w, https:\/\/www.apls.ca\/wp-content\/uploads\/2021\/05\/presentation-dragged-copy-300x232.jpg 300w, https:\/\/www.apls.ca\/wp-content\/uploads\/2021\/05\/presentation-dragged-copy-768x593.jpg 768w, https:\/\/www.apls.ca\/wp-content\/uploads\/2021\/05\/presentation-dragged-copy-1536x1187.jpg 1536w, https:\/\/www.apls.ca\/wp-content\/uploads\/2021\/05\/presentation-dragged-copy.jpg 1650w\" sizes=\"auto, (max-width: 580px) 100vw, 580px\" \/><\/figure>\n\n\n\n<p>Les <strong>r\u00e9sultats de mesure de transparence 2020<\/strong> sont disponibles!&nbsp; Il faut \u00e9valuer les valeurs globalement car d\u00e9pendamment de l'ensoleillement, du vent, les mesures peuvent varier.<\/p>\n\n\n\n<p>- Pour les 2 stations du <strong>lac Simon<\/strong> c'est assez stable et assez transparent par rapport \u00e0 une moyenne \u00e9tablie par le RSVL.<\/p>\n\n\n\n<p>- Pour les 2 stations du <strong>lac Barri\u00e8re<\/strong>, c'est depuis le d\u00e9but moins transparent que le lac Simon et on observe une bonne diminution entre 2011 et 2020.&nbsp;<\/p>\n\n\n\n<p class=\"has-text-align-center\"><strong>R\u00e9sultats de mesure de transparence 2020<\/strong><\/p>\n\n\n\n<figure class=\"wp-block-image size-large\"><img loading=\"lazy\" decoding=\"async\" width=\"1024\" height=\"423\" src=\"http:\/\/www.apls.ca\/wp-content\/uploads\/2021\/05\/Screen-Shot-2021-05-13-at-9.15.58-AM-1024x423.png\" alt=\"\" class=\"wp-image-5218\" srcset=\"https:\/\/www.apls.ca\/wp-content\/uploads\/2021\/05\/Screen-Shot-2021-05-13-at-9.15.58-AM-1024x423.png 1024w, https:\/\/www.apls.ca\/wp-content\/uploads\/2021\/05\/Screen-Shot-2021-05-13-at-9.15.58-AM-300x124.png 300w, https:\/\/www.apls.ca\/wp-content\/uploads\/2021\/05\/Screen-Shot-2021-05-13-at-9.15.58-AM-768x317.png 768w, https:\/\/www.apls.ca\/wp-content\/uploads\/2021\/05\/Screen-Shot-2021-05-13-at-9.15.58-AM.png 1212w\" sizes=\"auto, (max-width: 1024px) 100vw, 1024px\" \/><figcaption><strong>Lac Simon: Transparence Station 0311B (pour 2020)<\/strong><\/figcaption><\/figure>\n\n\n\n<figure class=\"wp-block-image size-large\"><img loading=\"lazy\" decoding=\"async\" width=\"1024\" height=\"422\" src=\"http:\/\/www.apls.ca\/wp-content\/uploads\/2021\/05\/Screen-Shot-2021-05-13-at-9.15.24-AM-1024x422.png\" alt=\"\" class=\"wp-image-5216\" srcset=\"https:\/\/www.apls.ca\/wp-content\/uploads\/2021\/05\/Screen-Shot-2021-05-13-at-9.15.24-AM-1024x422.png 1024w, https:\/\/www.apls.ca\/wp-content\/uploads\/2021\/05\/Screen-Shot-2021-05-13-at-9.15.24-AM-300x124.png 300w, https:\/\/www.apls.ca\/wp-content\/uploads\/2021\/05\/Screen-Shot-2021-05-13-at-9.15.24-AM-768x316.png 768w, https:\/\/www.apls.ca\/wp-content\/uploads\/2021\/05\/Screen-Shot-2021-05-13-at-9.15.24-AM.png 1204w\" sizes=\"auto, (max-width: 1024px) 100vw, 1024px\" \/><figcaption><strong>Lac Simon: Transparence Station 0311A (pour 2020)<\/strong><\/figcaption><\/figure>\n\n\n\n<figure class=\"wp-block-image size-large\"><img loading=\"lazy\" decoding=\"async\" width=\"1024\" height=\"430\" src=\"http:\/\/www.apls.ca\/wp-content\/uploads\/2021\/05\/Screen-Shot-2021-05-13-at-9.14.07-AM-1024x430.png\" alt=\"\" class=\"wp-image-5214\" srcset=\"https:\/\/www.apls.ca\/wp-content\/uploads\/2021\/05\/Screen-Shot-2021-05-13-at-9.14.07-AM-1024x430.png 1024w, https:\/\/www.apls.ca\/wp-content\/uploads\/2021\/05\/Screen-Shot-2021-05-13-at-9.14.07-AM-300x126.png 300w, https:\/\/www.apls.ca\/wp-content\/uploads\/2021\/05\/Screen-Shot-2021-05-13-at-9.14.07-AM-768x322.png 768w, https:\/\/www.apls.ca\/wp-content\/uploads\/2021\/05\/Screen-Shot-2021-05-13-at-9.14.07-AM.png 1194w\" sizes=\"auto, (max-width: 1024px) 100vw, 1024px\" \/><figcaption><strong>Lac Barriere: Transparence Station 0422B (pour 2020)<\/strong><\/figcaption><\/figure>\n\n\n\n<figure class=\"wp-block-image size-large\"><img loading=\"lazy\" decoding=\"async\" width=\"1024\" height=\"430\" src=\"http:\/\/www.apls.ca\/wp-content\/uploads\/2021\/05\/Screen-Shot-2021-05-13-at-9.13.24-AM-1024x430.png\" alt=\"\" class=\"wp-image-5212\" srcset=\"https:\/\/www.apls.ca\/wp-content\/uploads\/2021\/05\/Screen-Shot-2021-05-13-at-9.13.24-AM-1024x430.png 1024w, https:\/\/www.apls.ca\/wp-content\/uploads\/2021\/05\/Screen-Shot-2021-05-13-at-9.13.24-AM-300x126.png 300w, https:\/\/www.apls.ca\/wp-content\/uploads\/2021\/05\/Screen-Shot-2021-05-13-at-9.13.24-AM-768x323.png 768w, https:\/\/www.apls.ca\/wp-content\/uploads\/2021\/05\/Screen-Shot-2021-05-13-at-9.13.24-AM.png 1204w\" sizes=\"auto, (max-width: 1024px) 100vw, 1024px\" \/><figcaption><strong>Lac Barriere: Transparence Station 0422A (pour 2020)<\/strong><\/figcaption><\/figure>\n\n\n\n<p class=\"has-text-align-center\"><strong>Un tableau comparatif 2011-2019-2020<\/strong><\/p>\n\n\n\n<figure class=\"wp-block-image size-large\"><img loading=\"lazy\" decoding=\"async\" width=\"791\" height=\"1024\" src=\"http:\/\/www.apls.ca\/wp-content\/uploads\/2021\/05\/TABLEAU-COMPARATIF-MESURES-DE-TRANSPARENCE-2011-2019-2020-copy-791x1024.jpg\" alt=\"\" class=\"wp-image-5208\" srcset=\"https:\/\/www.apls.ca\/wp-content\/uploads\/2021\/05\/TABLEAU-COMPARATIF-MESURES-DE-TRANSPARENCE-2011-2019-2020-copy-791x1024.jpg 791w, https:\/\/www.apls.ca\/wp-content\/uploads\/2021\/05\/TABLEAU-COMPARATIF-MESURES-DE-TRANSPARENCE-2011-2019-2020-copy-232x300.jpg 232w, https:\/\/www.apls.ca\/wp-content\/uploads\/2021\/05\/TABLEAU-COMPARATIF-MESURES-DE-TRANSPARENCE-2011-2019-2020-copy-768x994.jpg 768w, https:\/\/www.apls.ca\/wp-content\/uploads\/2021\/05\/TABLEAU-COMPARATIF-MESURES-DE-TRANSPARENCE-2011-2019-2020-copy-1187x1536.jpg 1187w, https:\/\/www.apls.ca\/wp-content\/uploads\/2021\/05\/TABLEAU-COMPARATIF-MESURES-DE-TRANSPARENCE-2011-2019-2020-copy.jpg 1275w\" sizes=\"auto, (max-width: 791px) 100vw, 791px\" \/><\/figure>\n\n\n\n<p><strong>Pour cette ann\u00e9e (2021)<\/strong>, nous ferons \u00e0 nouveau les mesures de <strong>transparence et l'\u00e9chantillonnage d'eau<\/strong> pour mesurer en laboratoire le <strong>phosphore<\/strong>, le <strong>carbone organique dissous<\/strong> et la <strong>chlorophylle<\/strong>.<\/p>\n\n<!-- FB Like Button Starbit IT Solutions BEGIN -->\n<div class=\"fb-like\" data-href=\"https:\/\/www.apls.ca\/en\/dossiers\/qualite-de-leau-a-la-plage-municipal\" data-layout=\"standard\" data-action=\"like\" data-show-faces=\"true\" data-size=\"small\" data-width=\"450\" data-share=\"1\" ><\/div>\n<!-- FB Like Button Starbit IT Solutions END -->\n","protected":false},"excerpt":{"rendered":"<p>L&#8217;Association des propri\u00e9taires du lac Simon (APLS) en collaboration avec le Ministre du D\u00e9veloppement durable, de l\u2019Environnement et de la Lutte contre les changements climatiques fait le suivi de la qualit\u00e9 de l\u2019eau avec la mesure de la transparence et &hellip; <a href=\"https:\/\/www.apls.ca\/en\/dossiers\/qualite-de-leau-a-la-plage-municipal\">Continue reading <span class=\"meta-nav\">&rarr;<\/span><\/a><\/p>\n","protected":false},"author":73,"featured_media":0,"parent":2304,"menu_order":0,"comment_status":"open","ping_status":"closed","template":"","meta":{"footnotes":""},"class_list":["post-2731","page","type-page","status-publish","hentry"],"_links":{"self":[{"href":"https:\/\/www.apls.ca\/en\/wp-json\/wp\/v2\/pages\/2731","targetHints":{"allow":["GET"]}}],"collection":[{"href":"https:\/\/www.apls.ca\/en\/wp-json\/wp\/v2\/pages"}],"about":[{"href":"https:\/\/www.apls.ca\/en\/wp-json\/wp\/v2\/types\/page"}],"author":[{"embeddable":true,"href":"https:\/\/www.apls.ca\/en\/wp-json\/wp\/v2\/users\/73"}],"replies":[{"embeddable":true,"href":"https:\/\/www.apls.ca\/en\/wp-json\/wp\/v2\/comments?post=2731"}],"version-history":[{"count":49,"href":"https:\/\/www.apls.ca\/en\/wp-json\/wp\/v2\/pages\/2731\/revisions"}],"predecessor-version":[{"id":5244,"href":"https:\/\/www.apls.ca\/en\/wp-json\/wp\/v2\/pages\/2731\/revisions\/5244"}],"up":[{"embeddable":true,"href":"https:\/\/www.apls.ca\/en\/wp-json\/wp\/v2\/pages\/2304"}],"wp:attachment":[{"href":"https:\/\/www.apls.ca\/en\/wp-json\/wp\/v2\/media?parent=2731"}],"curies":[{"name":"wp","href":"https:\/\/api.w.org\/{rel}","templated":true}]}}