{"id":2682,"date":"2014-09-18T13:57:14","date_gmt":"2014-09-18T17:57:14","guid":{"rendered":"http:\/\/www.apls.ca\/?page_id=2682"},"modified":"2014-09-28T12:50:29","modified_gmt":"2014-09-28T16:50:29","slug":"historique","status":"publish","type":"page","link":"https:\/\/www.apls.ca\/en\/historique","title":{"rendered":"Historique"},"content":{"rendered":"<p><strong><a href=\"https:\/\/www.apls.ca\/en\/historique\/ile-canard-blanc\">Amable Canard Blanc<\/a><\/strong><\/p>\n<p><strong><a href=\"https:\/\/www.apls.ca\/en\/historique\/circuit-dinterpretation-patrimoine-cheneville\">Circuit d\u2019interpr\u00e9tation patrimoine Ch\u00e9n\u00e9ville<\/a><\/strong><\/p>\n<p><strong><a href=\"L\u2019\u00e9glise%20de%20la%20paroisse%20St-F\u00e9lix-de-Valois\">L\u2019\u00e9glise de la paroisse St-F\u00e9lix-de-Valois<\/a><\/strong><\/p>\n<p><strong><a href=\"https:\/\/www.apls.ca\/en\/historique\/lac-des-etoiles\">Lac des \u00e9toiles<\/a><\/strong><\/p>\n<p><strong><a href=\"https:\/\/www.apls.ca\/en\/historique\/panneau-historique\">Le premier Simon: Simon Kanawato<\/a><\/strong><\/p>\n<p><strong><a href=\"https:\/\/www.apls.ca\/en\/historique\/rocher-manitou\">Rocher Manitou<\/a><\/strong><\/p>\n\n<!-- FB Like Button Starbit IT Solutions BEGIN -->\n<div class=\"fb-like\" data-href=\"https:\/\/www.apls.ca\/en\/historique\" data-layout=\"standard\" data-action=\"like\" data-show-faces=\"true\" data-size=\"small\" data-width=\"450\" data-share=\"1\" ><\/div>\n<!-- FB Like Button Starbit IT Solutions END -->\n","protected":false},"excerpt":{"rendered":"<p>Amable Canard Blanc Circuit d\u2019interpr\u00e9tation patrimoine Ch\u00e9n\u00e9ville L\u2019\u00e9glise de la paroisse St-F\u00e9lix-de-Valois Lac des \u00e9toiles Le premier Simon: Simon Kanawato Rocher Manitou<\/p>\n","protected":false},"author":73,"featured_media":0,"parent":0,"menu_order":0,"comment_status":"open","ping_status":"open","template":"","meta":{"footnotes":""},"class_list":["post-2682","page","type-page","status-publish","hentry"],"_links":{"self":[{"href":"https:\/\/www.apls.ca\/en\/wp-json\/wp\/v2\/pages\/2682","targetHints":{"allow":["GET"]}}],"collection":[{"href":"https:\/\/www.apls.ca\/en\/wp-json\/wp\/v2\/pages"}],"about":[{"href":"https:\/\/www.apls.ca\/en\/wp-json\/wp\/v2\/types\/page"}],"author":[{"embeddable":true,"href":"https:\/\/www.apls.ca\/en\/wp-json\/wp\/v2\/users\/73"}],"replies":[{"embeddable":true,"href":"https:\/\/www.apls.ca\/en\/wp-json\/wp\/v2\/comments?post=2682"}],"version-history":[{"count":4,"href":"https:\/\/www.apls.ca\/en\/wp-json\/wp\/v2\/pages\/2682\/revisions"}],"predecessor-version":[{"id":3040,"href":"https:\/\/www.apls.ca\/en\/wp-json\/wp\/v2\/pages\/2682\/revisions\/3040"}],"wp:attachment":[{"href":"https:\/\/www.apls.ca\/en\/wp-json\/wp\/v2\/media?parent=2682"}],"curies":[{"name":"wp","href":"https:\/\/api.w.org\/{rel}","templated":true}]}}