{"id":2679,"date":"2014-09-18T13:55:23","date_gmt":"2014-09-18T17:55:23","guid":{"rendered":"http:\/\/www.apls.ca\/?page_id=2679"},"modified":"2021-05-12T09:33:40","modified_gmt":"2021-05-12T13:33:40","slug":"ile-canard-blanc","status":"publish","type":"page","link":"https:\/\/www.apls.ca\/en\/historique\/ile-canard-blanc","title":{"rendered":"Amable Canard Blanc"},"content":{"rendered":"<p><a href=\"http:\/\/www.apls.ca\/wp-content\/uploads\/2014\/09\/Lac-Simon-Panneau-dinterpr\u00e9tation-1.pdf\">Ile Canard Blanc - Panneau d'interpr\u00e9tation<\/a><\/p>\n<p>Wabishib ou Amable Canard Blanc naquit le 28\u00a0d\u00e9cembre\u00a01834 \u00ab\u00a0dans les terres de chasse des Algonquins\u00a0\u00bb et fut baptis\u00e9 AmablePekakasiketch, \u00e0 Oka, le 8\u00a0juin\u00a01835. Ses parents \u00e9taient Nipissingues. Sa m\u00e8re \u00e9tait la fille de Mathias Chabakawatch et d'\u00c9lisabeth Okitchitchiwanokwe. Son p\u00e8re \u00e9tait le fils d'Andr\u00e9 Pekasiketch et d'\u00c9lisabeth Wasekijikokwe. Mari\u00e9s en\u00a01818, Joseph<\/p>\n<p>Pekakasiketch et C\u00e9cile Panosinokwe vivaient au village d'Oka et eurent dix enfants ensemble. Au printemps, ils revenaient de leur terre de chasse \u00e0 Oka, \u00e0 la mission dite mission des Sauvages, o\u00f9 les familles renouaient entre elles. Pierre-Mathias, le fr\u00e8re d'Amable, fut recens\u00e9 \u00e0 Arnprior en\u00a01871 sous le nom de Peter Whiteduck. Aux registres d'Oka, il appara\u00eet sous Mathias Pekakasiketch dit Canard Blanc et Pierre-Mathias Wabichip Canard Blanc \u00e0 son d\u00e9c\u00e8s, le 26\u00a0septembre\u00a01897.<\/p>\n<p>Amable Canard Blanc s'est mari\u00e9, \u00e0 Oka, sous le nom d'AmableKanaabanoketch \u00e0 Louise Minawasikekwe, le 14 juillet 1857. Louise \u00e9tait la fille de Simon Kanawato et de Marie-Anne Otajawadjiwanokwe. Selon la tradition, le couple demeura dans la famille de l'\u00e9pouse. Il s'installa dans l'\u00eele \u00e0 Simon Kanawato en\u00a01861.<\/p>\n<p>Louise Simon mourut le 25\u00a0mars\u00a01927. Elle avait v\u00e9cu sa vie sur l'\u00eele mais personne ne peut dire si ce fut jusqu'au moment de son dernier souffle. Amable Canard Blanc, vers la fin de sa vie, demeurait au village de Ch\u00e9n\u00e9ville chez sa fille Asilda et son gendre Fran\u00e7ois d'Assise Pilon.<\/p>\n<p>Leurs enfants se dispers\u00e8rent, certains en Ontario. Joseph fut enterr\u00e9 sur la r\u00e9serve de Whitefish Lake \u00e0 Naughton, pr\u00e8s de Sudbury. Olivine mourut \u00e0 Sainte-Sophie dans le comt\u00e9 de Terrebonne et Marie-Louise d\u00e9c\u00e9da \u00e0 Montr\u00e9al. Elles furent toutes deux inhum\u00e9es \u00e0 Ch\u00e9n\u00e9ville. Asilda, Catherine, Ang\u00e8le, cette derni\u00e8re cousait, r\u00e9sidaient au village de Ch\u00e9n\u00e9ville. Jean-Baptiste demeurait \u00e0 la Pointe-\u00e0-Baptiste au lac Gagnon, \u00e0 Duhamel, ainsi que son fr\u00e8re Hyacinthe. Ce dernier fabriquait des canots d'\u00e9corce miniatures qu'il \u00e9coulait, \u00e0 son kiosque de Ch\u00e9n\u00e9ville, au temps des courses sous harnais. Tr\u00e8s populaires dans les ann\u00e9es\u00a01950, les chevaux couraient dans le secteur du parc Urbain-Ch\u00e9n\u00e9.<\/p>\n<p>Il sera le dernier de l'\u00eele. Hyacinthe \u00e9tait en r\u00e9sidence \u00e0 Ripon quand il a rendu l'\u00e2me \u00e0 96\u00a0ans, en\u00a01972. Son p\u00e8re Amable avait quitt\u00e9 ce monde le 19\u00a0septembre 1931, \u00e0 97\u00a0ans.<\/p>\n<p>Jean-Guy Paquin, extraits du livre Le pays de Canard Blanc, \u00c9crits des Hautes-Terres, Montpellier, 271 pages, 2004. \u00a9 \u00c9crits des Hautes-Terres et Jean-Guy Paquin.<\/p>\n<p>Vous pouvez vous procurer les livres\u00a0<strong>Le pays de Canard Blanc<\/strong>\u00a0et\u00a0<strong>Au pays des Weskarinis<\/strong>\u00a0de Jean-Guy Paquin \u00e0 la Librairie\u00a0<a href=\"http:\/\/petite-nation.qc.ca\/lepremiercotedumonde\/librairie.htm\">Le premier c\u00f4t\u00e9 du monde<\/a>\u00a049 Rue Principale, Ch\u00e9n\u00e9ville, QC J0V 1E0 tel:(819) 428-4080.<\/p>\n\n\n<figure class=\"wp-block-image size-large is-resized\"><img loading=\"lazy\" decoding=\"async\" src=\"http:\/\/www.apls.ca\/wp-content\/uploads\/2021\/05\/images.jpg\" alt=\"\" class=\"wp-image-5124\" width=\"314\" height=\"525\"\/><\/figure>\n\n\n\n<p><\/p>\n\n<!-- FB Like Button Starbit IT Solutions BEGIN -->\n<div class=\"fb-like\" data-href=\"https:\/\/www.apls.ca\/en\/historique\/ile-canard-blanc\" data-layout=\"standard\" data-action=\"like\" data-show-faces=\"true\" data-size=\"small\" data-width=\"450\" data-share=\"1\" ><\/div>\n<!-- FB Like Button Starbit IT Solutions END -->\n","protected":false},"excerpt":{"rendered":"<p>Ile Canard Blanc &#8211; Panneau d&#8217;interpr\u00e9tation Wabishib ou Amable Canard Blanc naquit le 28\u00a0d\u00e9cembre\u00a01834 \u00ab\u00a0dans les terres de chasse des Algonquins\u00a0\u00bb et fut baptis\u00e9 AmablePekakasiketch, \u00e0 Oka, le 8\u00a0juin\u00a01835. Ses parents \u00e9taient Nipissingues. Sa m\u00e8re \u00e9tait la fille de Mathias &hellip; <a href=\"https:\/\/www.apls.ca\/en\/historique\/ile-canard-blanc\">Continue reading <span class=\"meta-nav\">&rarr;<\/span><\/a><\/p>\n","protected":false},"author":73,"featured_media":0,"parent":2682,"menu_order":0,"comment_status":"open","ping_status":"closed","template":"","meta":{"footnotes":""},"class_list":["post-2679","page","type-page","status-publish","hentry"],"_links":{"self":[{"href":"https:\/\/www.apls.ca\/en\/wp-json\/wp\/v2\/pages\/2679","targetHints":{"allow":["GET"]}}],"collection":[{"href":"https:\/\/www.apls.ca\/en\/wp-json\/wp\/v2\/pages"}],"about":[{"href":"https:\/\/www.apls.ca\/en\/wp-json\/wp\/v2\/types\/page"}],"author":[{"embeddable":true,"href":"https:\/\/www.apls.ca\/en\/wp-json\/wp\/v2\/users\/73"}],"replies":[{"embeddable":true,"href":"https:\/\/www.apls.ca\/en\/wp-json\/wp\/v2\/comments?post=2679"}],"version-history":[{"count":13,"href":"https:\/\/www.apls.ca\/en\/wp-json\/wp\/v2\/pages\/2679\/revisions"}],"predecessor-version":[{"id":5129,"href":"https:\/\/www.apls.ca\/en\/wp-json\/wp\/v2\/pages\/2679\/revisions\/5129"}],"up":[{"embeddable":true,"href":"https:\/\/www.apls.ca\/en\/wp-json\/wp\/v2\/pages\/2682"}],"wp:attachment":[{"href":"https:\/\/www.apls.ca\/en\/wp-json\/wp\/v2\/media?parent=2679"}],"curies":[{"name":"wp","href":"https:\/\/api.w.org\/{rel}","templated":true}]}}