{"id":2675,"date":"2014-09-18T13:53:31","date_gmt":"2014-09-18T17:53:31","guid":{"rendered":"http:\/\/www.apls.ca\/?page_id=2675"},"modified":"2021-05-12T09:32:32","modified_gmt":"2021-05-12T13:32:32","slug":"panneau-historique","status":"publish","type":"page","link":"https:\/\/www.apls.ca\/en\/historique\/panneau-historique","title":{"rendered":"Le premier Simon: Simon Kanawato"},"content":{"rendered":"<p><a href=\"http:\/\/www.apls.ca\/wp-content\/uploads\/2014\/09\/Panneau-dinterpr\u00e9tation-Pointe-de-la-Barri\u00e8re.pdf\">Panneau d'interpr\u00e9tation- Pointe de la Barri\u00e8re<\/a><\/p>\n<p><a href=\"http:\/\/www.apls.ca\/wp-content\/uploads\/2014\/09\/Panneau-dinterpr\u00e9tation-Lac-Simon.pdf\">Panneau d'interpr\u00e9tation- Lac-Simon<\/a><\/p>\n<p>Le premier Simon, celui qui a donn\u00e9 son nom au lac, s'appelait Simon Kanawato. Il fut baptis\u00e9 enfant inconnu \u00e0 11\u00a0ans, le 23\u00a0juillet\u00a01808 \u00e0 Oka, du nom de Simon. Charles Ganawato ou Kanawato, un Iroquois d'Oka qui l'avait amen\u00e9 de Grand Portage, l'adopta. De la nation des Cris, il avait \u00e9t\u00e9 iroquois\u00e9 sous le nom de Simon Taniharons. \u00c0 la mission, on refusa de le marier \u00e0 la femme qu'il avait choisie et avec qui il avait d\u00e9j\u00e0 plusieurs enfants. Simon Kanawato et sa famille furent chass\u00e9s du village iroquois. Ils habit\u00e8rent sur l'\u00eele CanardBlanc apr\u00e8s cette date, vers 1820. [\u2026]<\/p>\n<p>Simon Kanawato et \u00ab\u00a0l'Outaoise\u00a0\u00bb\u00a0 Marie Anne Otajawadjiwanokwe vivaient ensemble depuis 20\u00a0ans lorsque Monseigneur Ignace Bourget les dispensa du second degr\u00e9 d'affinit\u00e9. Ils s'\u00e9pous\u00e8rent le 23\u00a0juillet\u00a01838 \u00e0 Oka. Ce jour-l\u00e0, il y eut deux autres mariages. Leur fils Benjamin dit Matchikiwis, matchikiwis veut dire fils a\u00een\u00e9, \u00e9pousa Marie-Louise Kiwandawekwe, la fille de Catherine Wasseiabanokwe\u00a0 et de Jacques Kije-Mite dit Commandant de la nation des Nipissingues. Ces derniers mari\u00e8rent aussi leur fils Simon Wabiginis \u00e0 Charlotte Pajitakwatamokwe, la fille d'Andr\u00e9 Pekasiketch ou Pecacasiqu\u00e8che et d'\u00c9lizabeth Pinessiwabanokwe. Ceux-l\u00e0 \u00e9taient les grands-parents d'Amable Canard Blanc. Ainsi s'estnou\u00e9e les Simon, Commandant, Canard Blanc, qui chassaient sur leurs terres dites des Algonquins de la Petite-Nation.<\/p>\n<p>Simon Kanawato dit Blanc se dira Simon Leblanc. Benjamin, le fils \u00e0 Simon, deviendra par assimilation Benjamin Simon. [\u2026]<\/p>\n<p>Simon Kanawato d\u00e9c\u00e9da le 11\u00a0juillet et fut inhum\u00e9 le 14\u00a0juillet\u00a01874 dans le premier cimeti\u00e8re de Hartwell, pr\u00e8s de l'ancienne chapelle qui domine le lac Simon. [\u2026]<\/p>\n<p>Le lac Simon servait au flottage et \u00e0 la drive. Les billots \u00e9taient destin\u00e9s aux scieries de Hull. Un petit vapeur les engageait dans la Petite-Nation \u00e0 la chute du lac Barri\u00e8re. La for\u00eat reculait, la vie nomade s'\u00e9teignait. Vingt-cinq Algonquins r\u00e9sidaient dans Hartwell en 1885.<\/p>\n<p><em>\u00ab\u00a0La for\u00eat cessa d'\u00eatre \u00e0 eux seuls. [\u2026] Des maisons de troncs de c\u00e8dres lav\u00e9s de chaux surgirent. D'autres canots que les leurs sillonn\u00e8rent leur grand lac. Ils se virent [\u2026] en vingt ans, environn\u00e9s par leurs fr\u00e8res les Visages P\u00e2les.\u00a0\u00bb<\/em>\u00a0(Albert Ferland )<\/p>\n<p>Jean-Guy Paquin, extraits du livre Le pays de Canard Blanc, \u00c9crits des Hautes-Terres, Montpellier, 271 pages, 2004. \u00a9 \u00c9crits des Hautes-Terres et Jean-Guy Paquin.<\/p>\n<p>Vous pouvez vous procurer les livres\u00a0<strong>Le pays de Canard Blanc<\/strong>\u00a0et\u00a0<strong>Au pays des Weskarinis<\/strong>\u00a0de Jean-Guy Paquin \u00e0 la Librairie\u00a0<a href=\"http:\/\/petite-nation.qc.ca\/lepremiercotedumonde\/librairie.htm\">Le premier c\u00f4t\u00e9 du monde<\/a>\u00a049 Rue Principale, Ch\u00e9n\u00e9ville, QC J0V 1E0 tel:(819) 428-4080.<\/p>\n\n<!-- FB Like Button Starbit IT Solutions BEGIN -->\n<div class=\"fb-like\" data-href=\"https:\/\/www.apls.ca\/en\/historique\/panneau-historique\" data-layout=\"standard\" data-action=\"like\" data-show-faces=\"true\" data-size=\"small\" data-width=\"450\" data-share=\"1\" ><\/div>\n<!-- FB Like Button Starbit IT Solutions END -->\n","protected":false},"excerpt":{"rendered":"<p>Panneau d&#8217;interpr\u00e9tation- Pointe de la Barri\u00e8re Panneau d&#8217;interpr\u00e9tation- Lac-Simon Le premier Simon, celui qui a donn\u00e9 son nom au lac, s&#8217;appelait Simon Kanawato. Il fut baptis\u00e9 enfant inconnu \u00e0 11\u00a0ans, le 23\u00a0juillet\u00a01808 \u00e0 Oka, du nom de Simon. Charles Ganawato &hellip; <a href=\"https:\/\/www.apls.ca\/en\/historique\/panneau-historique\">Continue reading <span class=\"meta-nav\">&rarr;<\/span><\/a><\/p>\n","protected":false},"author":73,"featured_media":0,"parent":2682,"menu_order":0,"comment_status":"open","ping_status":"closed","template":"","meta":{"footnotes":""},"class_list":["post-2675","page","type-page","status-publish","hentry"],"_links":{"self":[{"href":"https:\/\/www.apls.ca\/en\/wp-json\/wp\/v2\/pages\/2675","targetHints":{"allow":["GET"]}}],"collection":[{"href":"https:\/\/www.apls.ca\/en\/wp-json\/wp\/v2\/pages"}],"about":[{"href":"https:\/\/www.apls.ca\/en\/wp-json\/wp\/v2\/types\/page"}],"author":[{"embeddable":true,"href":"https:\/\/www.apls.ca\/en\/wp-json\/wp\/v2\/users\/73"}],"replies":[{"embeddable":true,"href":"https:\/\/www.apls.ca\/en\/wp-json\/wp\/v2\/comments?post=2675"}],"version-history":[{"count":18,"href":"https:\/\/www.apls.ca\/en\/wp-json\/wp\/v2\/pages\/2675\/revisions"}],"predecessor-version":[{"id":5128,"href":"https:\/\/www.apls.ca\/en\/wp-json\/wp\/v2\/pages\/2675\/revisions\/5128"}],"up":[{"embeddable":true,"href":"https:\/\/www.apls.ca\/en\/wp-json\/wp\/v2\/pages\/2682"}],"wp:attachment":[{"href":"https:\/\/www.apls.ca\/en\/wp-json\/wp\/v2\/media?parent=2675"}],"curies":[{"name":"wp","href":"https:\/\/api.w.org\/{rel}","templated":true}]}}