{"id":2669,"date":"2014-09-18T13:41:44","date_gmt":"2014-09-18T17:41:44","guid":{"rendered":"http:\/\/www.apls.ca\/?page_id=2669"},"modified":"2014-09-27T14:27:02","modified_gmt":"2014-09-27T18:27:02","slug":"lac-des-etoiles","status":"publish","type":"page","link":"https:\/\/www.apls.ca\/en\/historique\/lac-des-etoiles","title":{"rendered":"Lac des \u00e9toiles"},"content":{"rendered":"<p><a href=\"http:\/\/www.apls.ca\/wp-content\/uploads\/2014\/09\/Lac-Simon-Panneau-dinterpr\u00e9tation-2.pdf\">Lac des \u00e9toiles - Panneau d'interpr\u00e9tation<\/a><\/p>\n<p>L'\u00eele Canard-Blanc fait trois kilom\u00e8tres de longueur. L\u00e0 n'est pas sa particularit\u00e9. Dans la partie nord de l'\u00eele, une m\u00e9t\u00e9orite aurait percut\u00e9 la montagne. Son crat\u00e8re porte un lac qu'un po\u00e8te nomma lac des \u00c9toiles. \u00c0 vol d'avion, on disait y distinguer le contour d'une \u00e9toile, mais certains randonneurs seraient tent\u00e9s de l'appeler lac aux tortues puisqu'elles sont nombreuses \u00e0 le fr\u00e9quenter.<\/p>\n<p>Pour s'y rendre, si vous \u00eates en bateau, il faut rep\u00e9rer, sur le versant est de l'\u00eele, l'embouchure du ruisseau camoufl\u00e9e par la v\u00e9g\u00e9tation riveraine. Un sentier battu c\u00f4toie le ruisseau, vous conduit \u00e0 la source. Une fois \u00e0 terre, un sous-bois de foug\u00e8res luxuriantes, parmi un \u00e9boulement de roches couvertes de mousses, entour\u00e9 d'arbres g\u00e9ants, prend tous vos yeux, fait de vous un petit humain. [\u2026] Le po\u00e8te donna au sentier le nom de sentier de l'Aube.<\/p>\n<p>Ce po\u00e8te s'appelle Robert Choquette. Vous souvenez-vous de La pension Velder ? [\u2026] Robert Choquette logeait \u00e0 l'Auberge du Canard Blanc de son ami Raoul Gadbois. Ce dernier avait fait construire, sur un monticule, un pavillon \u00e0 proximit\u00e9 de la d\u00e9charge du lac des \u00c9toiles. L'eau s'\u00e9coulait dans un lit \u00e0 travers la sagittaire, cette plante qu'on appelle famili\u00e8rement la fl\u00e8che d'eau. Une for\u00eat propice au recueillement, touch\u00e9e par le vol des jaseurs de c\u00e8dres et par le reflet des arbres dans le ciel bleu, y r\u00e9gnait.<\/p>\n<p>Raoul Gadbois proposait \u00e0 sa client\u00e8le une randonn\u00e9e de dix kilom\u00e8tres en yatch confortable qui partait de l'auberge, \u00e0 heures fixes, pour visiter la pierre du Grand Manitou et l'\u00eele Canard-Blanc. Il avait l'habitude du grand monde. Des personnalit\u00e9s en vue, les com\u00e9diens de La famille Plouffe, par exemple, retenaient une pension \u00e0 l'auberge, dansaient le soir, \u00e0 la terrasse devant le lac, sur des musiques d'apr\u00e8s-guerre. C'\u00e9tait le rendez-vous \u00ab\u00a0fashionable\u00a0\u00bb du lac Simon.<\/p>\n<p>Source: Jean-Guy Paquin, extraits du livre Le pays de Canard Blanc, \u00c9crits des Hautes-Terres, Montpellier, 271 pages, 2004. \u00a9 \u00c9crits des Hautes-Terres et Jean-Guy Paquin.<\/p>\n<p>Vous pouvez vous procurer les livres\u00a0<strong>Le pays de Canard Blanc<\/strong>\u00a0et\u00a0<strong>Au pays des Weskarinis<\/strong>\u00a0de Jean-Guy Paquin \u00e0 la Librairie\u00a0<a href=\"http:\/\/petite-nation.qc.ca\/lepremiercotedumonde\/librairie.htm\">Le premier c\u00f4t\u00e9 du monde<\/a>\u00a049 Rue Principale, Ch\u00e9n\u00e9ville, QC J0V 1E0 tel:(819) 428-4080.<\/p>\n\n<!-- FB Like Button Starbit IT Solutions BEGIN -->\n<div class=\"fb-like\" data-href=\"https:\/\/www.apls.ca\/en\/historique\/lac-des-etoiles\" data-layout=\"standard\" data-action=\"like\" data-show-faces=\"true\" data-size=\"small\" data-width=\"450\" data-share=\"1\" ><\/div>\n<!-- FB Like Button Starbit IT Solutions END -->\n","protected":false},"excerpt":{"rendered":"<p>Lac des \u00e9toiles &#8211; Panneau d&#8217;interpr\u00e9tation L&#8217;\u00eele Canard-Blanc fait trois kilom\u00e8tres de longueur. L\u00e0 n&#8217;est pas sa particularit\u00e9. Dans la partie nord de l&#8217;\u00eele, une m\u00e9t\u00e9orite aurait percut\u00e9 la montagne. Son crat\u00e8re porte un lac qu&#8217;un po\u00e8te nomma lac des &hellip; <a href=\"https:\/\/www.apls.ca\/en\/historique\/lac-des-etoiles\">Continue reading <span class=\"meta-nav\">&rarr;<\/span><\/a><\/p>\n","protected":false},"author":73,"featured_media":0,"parent":2682,"menu_order":0,"comment_status":"open","ping_status":"closed","template":"","meta":{"footnotes":""},"class_list":["post-2669","page","type-page","status-publish","hentry"],"_links":{"self":[{"href":"https:\/\/www.apls.ca\/en\/wp-json\/wp\/v2\/pages\/2669","targetHints":{"allow":["GET"]}}],"collection":[{"href":"https:\/\/www.apls.ca\/en\/wp-json\/wp\/v2\/pages"}],"about":[{"href":"https:\/\/www.apls.ca\/en\/wp-json\/wp\/v2\/types\/page"}],"author":[{"embeddable":true,"href":"https:\/\/www.apls.ca\/en\/wp-json\/wp\/v2\/users\/73"}],"replies":[{"embeddable":true,"href":"https:\/\/www.apls.ca\/en\/wp-json\/wp\/v2\/comments?post=2669"}],"version-history":[{"count":7,"href":"https:\/\/www.apls.ca\/en\/wp-json\/wp\/v2\/pages\/2669\/revisions"}],"predecessor-version":[{"id":3021,"href":"https:\/\/www.apls.ca\/en\/wp-json\/wp\/v2\/pages\/2669\/revisions\/3021"}],"up":[{"embeddable":true,"href":"https:\/\/www.apls.ca\/en\/wp-json\/wp\/v2\/pages\/2682"}],"wp:attachment":[{"href":"https:\/\/www.apls.ca\/en\/wp-json\/wp\/v2\/media?parent=2669"}],"curies":[{"name":"wp","href":"https:\/\/api.w.org\/{rel}","templated":true}]}}