{"id":2666,"date":"2014-09-18T13:26:02","date_gmt":"2014-09-18T17:26:02","guid":{"rendered":"http:\/\/www.apls.ca\/?page_id=2666"},"modified":"2026-05-17T09:18:20","modified_gmt":"2026-05-17T13:18:20","slug":"bandes-riveraines-protection-des-berges","status":"publish","type":"page","link":"https:\/\/www.apls.ca\/en\/bonnes-pratiques\/bandes-riveraines-protection-des-berges","title":{"rendered":"Bandes riveraines et protection des berges"},"content":{"rendered":"<p>Les rives, le littoral et les plaines inondables sont essentiels \u00e0 la pr\u00e9servation de la qualit\u00e9 de l'eau et \u00e0 la survie des composantes \u00e9cologiques et biologiques des cours d\u2019eau et des lacs.<\/p>\n<p>Les rives jouent un r\u00f4le essentiel pour la sant\u00e9 des lacs et cours d\u2019eau. Pour assurer leur protection de fa\u00e7on ad\u00e9quate, le gouvernement du Qu\u00e9bec a adopt\u00e9 la\u00a0<a href=\"https:\/\/www.environnement.gouv.qc.ca\/EAU\/rives\/guide-interpretationPPRLPI.pdf\"><em>Politique de protection des rives, du littoral et des plaines inondables<\/em><\/a> (RLRQ, c. Q-2, r. 35). En vertu de cette politique, les activit\u00e9s permises dans la rive sont encadr\u00e9es de mani\u00e8re \u00e0 assurer la protection du cours d\u2019eau.<\/p>\n<p><span data-offset-key=\"4roa0-0-0\">Consultez le <a href=\"http:\/\/www.apls.ca\/wp-content\/uploads\/2021\/05\/FIHOQ_guide_2013_web_spread.pdf\">Guide des bonnes pratiques pour l\u2019am\u00e9nagement des bandes riveraines<\/a> par la <\/span><span data-offset-key=\"4roa0-1-0\">F\u00e9d\u00e9ration<\/span><span data-offset-key=\"4roa0-2-0\"> interdisciplinaire de l\u2019horticulture ornementale du Qu\u00e9bec.<\/span><\/p>\n<p><span data-offset-key=\"37g9r-0-0\">Pour<\/span><span data-offset-key=\"37g9r-1-0\"> plus d\u2019information, visitez le site <a href=\"http:\/\/www.banderiveraine.org\">Bande Riveraine<\/a><\/span><span class=\"py34i1dx\"><span data-offset-key=\"37g9r-2-0\">\u00a0et<\/span><\/span>\u00a0<a href=\"http:\/\/www.apls.ca\/wp-content\/uploads\/2014\/09\/Protection-Des-Rives.pdf\">La Protection Des Rives<\/a>\u00a0.<\/p>\n<div class=\"\" data-block=\"true\" data-editor=\"7on77\" data-offset-key=\"c67ru-0-0\">\n<div class=\"_1mf _1mj\" data-offset-key=\"c67ru-0-0\"><strong>Documentations :<\/strong><\/div>\n<\/div>\n<div class=\"\" data-block=\"true\" data-editor=\"7on77\" data-offset-key=\"7vlrr-0-0\">\n<div class=\"_1mf _1mj\" data-offset-key=\"7vlrr-0-0\"><a href=\"https:\/\/www.environnement.gouv.qc.ca\/eau\/inter.htm\"><span class=\"py34i1dx\"><span data-offset-key=\"7vlrr-0-0\">http:\/\/www.mddelcc.gouv.qc.ca\/eau\/inter.htm<\/span><\/span><\/a><\/div>\n<\/div>\n<div class=\"\" data-block=\"true\" data-editor=\"7on77\" data-offset-key=\"ej9im-0-0\">\n<div class=\"_1mf _1mj\" data-offset-key=\"ej9im-0-0\"><a href=\"http:\/\/banderiveraine.org\/\"><span class=\"py34i1dx\"><span data-offset-key=\"ej9im-0-0\">http:\/\/banderiveraine.org\/<\/span><\/span><\/a><\/div>\n<\/div>\n<div class=\"\" data-block=\"true\" data-editor=\"7on77\" data-offset-key=\"6srs4-0-0\">\n<div class=\"_1mf _1mj\" data-offset-key=\"6srs4-0-0\"><span class=\"py34i1dx\"><span data-offset-key=\"6srs4-0-0\"><a href=\"http:\/\/vegetaux.fihoq.com\/\">http:\/\/vegetaux.fihoq.com\/<\/a><\/span><\/span><\/div>\n<\/div>\n<div class=\"\" data-block=\"true\" data-editor=\"7on77\" data-offset-key=\"dndfi-0-0\">\n<div class=\"_1mf _1mj\" data-offset-key=\"dndfi-0-0\"><a href=\"https:\/\/www.environnement.gouv.qc.ca\/eau\/rives\/depliant_fihoq.pdf?v=73971\"><span class=\"py34i1dx\"><span data-offset-key=\"dndfi-0-0\">http:\/\/www.mddelcc.gouv.qc.ca\/eau\/rives\/depliant_fihoq.pdf<\/span><\/span><\/a><\/div>\n<\/div>\n<div class=\"\" data-block=\"true\" data-editor=\"7on77\" data-offset-key=\"d05hm-0-0\">\n<div class=\"_1mf _1mj\" data-offset-key=\"d05hm-0-0\"><a href=\"http:\/\/elaurentides.org\/images\/images_site\/documents\/depliants\/Capsules_FR_2013_1.pdf?v=26951\"><span class=\"py34i1dx\"><span data-offset-key=\"d05hm-0-0\">http:\/\/www.crelaurentides.org\/images\/images_site\/documents\/depliants\/Capsules_FR_2013_1.pdf<\/span><\/span><\/a><\/div>\n<\/div>\n<div class=\"\" data-block=\"true\" data-editor=\"7on77\" data-offset-key=\"645sg-0-0\">\n<div class=\"_1mf _1mj\" data-offset-key=\"645sg-0-0\"><a href=\"http:\/\/crelaurentides.org\/images\/images_site\/documents\/depliants\/Capsules_FR_2013_2.pdf?v=12923\"><span class=\"py34i1dx\"><span data-offset-key=\"645sg-0-0\">http:\/\/www.crelaurentides.org\/images\/images_site\/documents\/depliants\/Capsules_FR_2013_2.pdf<\/span><\/span><\/a><\/div>\n<\/div>\n<div class=\"\" data-block=\"true\" data-editor=\"7on77\" data-offset-key=\"blpo9-0-0\">\n<div class=\"_1mf _1mj\" data-offset-key=\"blpo9-0-0\"><a href=\"http:\/\/crelaurentides.org\/images\/images_site\/documents\/depliants\/Capsules_FR_2013_3.pdf?v=12703\"><span class=\"py34i1dx\"><span data-offset-key=\"blpo9-0-0\">http:\/\/www.crelaurentides.org\/images\/images_site\/documents\/depliants\/Capsules_FR_2013_3.pdf<\/span><\/span><\/a><\/div>\n<\/div>\n<div class=\"\" data-block=\"true\" data-editor=\"7on77\" data-offset-key=\"gkpk-0-0\">\n<div class=\"_1mf _1mj\" data-offset-key=\"gkpk-0-0\"><span data-offset-key=\"gkpk-0-0\">\u00a0<\/span><\/div>\n<\/div>\n<div class=\"\" data-block=\"true\" data-editor=\"7on77\" data-offset-key=\"4n918-0-0\">\n<div class=\"_1mf _1mj\" data-offset-key=\"4n918-0-0\"><span data-offset-key=\"4n918-0-0\">Anglais<\/span><\/div>\n<\/div>\n<div class=\"\" data-block=\"true\" data-editor=\"7on77\" data-offset-key=\"8e53m-0-0\">\n<div class=\"_1mf _1mj\" data-offset-key=\"8e53m-0-0\"><a href=\"http:\/\/crelaurentides.org\/images\/images_site\/documents\/english\/fact_sheet\/capsuleang1.pdf?v=77292\"><span class=\"py34i1dx\"><span data-offset-key=\"8e53m-0-0\">http:\/\/www.crelaurentides.org\/images\/images_site\/documents\/english\/fact_sheet\/capsuleang1.pdf<\/span><\/span><\/a><\/div>\n<\/div>\n<div class=\"\" data-block=\"true\" data-editor=\"7on77\" data-offset-key=\"feof2-0-0\">\n<div class=\"_1mf _1mj\" data-offset-key=\"feof2-0-0\"><a href=\"http:\/\/crelaurentides.org\/images\/images_site\/documents\/english\/fact_sheet\/capsuleang2.pdf?v=30785\"><span class=\"py34i1dx\"><span data-offset-key=\"feof2-0-0\">http:\/\/www.crelaurentides.org\/images\/images_site\/documents\/english\/fact_sheet\/capsuleang2.pdf<\/span><\/span><\/a><\/div>\n<\/div>\n<div class=\"\" data-block=\"true\" data-editor=\"7on77\" data-offset-key=\"4houf-0-0\">\n<div class=\"_1mf _1mj\" data-offset-key=\"4houf-0-0\"><span class=\"py34i1dx\"><span data-offset-key=\"4houf-0-0\"><a href=\"http:\/\/crelaurentides.org\/images\/images_site\/documents\/english\/fact_sheet\/capsuleang3.pdf?v=28955\">http:\/\/www.crelaurentides.org\/images\/images_site\/documents\/english\/fact_sheet\/capsuleang3.pdf<\/a><\/span><\/span><\/div>\n<\/div>\n","protected":false},"excerpt":{"rendered":"<p>Les rives, le littoral et les plaines inondables sont essentiels \u00e0 la pr\u00e9servation de la qualit\u00e9 de l&#8217;eau et \u00e0 la survie des composantes \u00e9cologiques et biologiques des cours d\u2019eau et des lacs. Les rives jouent un r\u00f4le essentiel pour &hellip; <a href=\"https:\/\/www.apls.ca\/en\/bonnes-pratiques\/bandes-riveraines-protection-des-berges\">Continue reading <span class=\"meta-nav\">&rarr;<\/span><\/a><\/p>\n","protected":false},"author":73,"featured_media":0,"parent":2777,"menu_order":1,"comment_status":"open","ping_status":"closed","template":"","meta":{"footnotes":""},"class_list":["post-2666","page","type-page","status-publish","hentry"],"_links":{"self":[{"href":"https:\/\/www.apls.ca\/en\/wp-json\/wp\/v2\/pages\/2666","targetHints":{"allow":["GET"]}}],"collection":[{"href":"https:\/\/www.apls.ca\/en\/wp-json\/wp\/v2\/pages"}],"about":[{"href":"https:\/\/www.apls.ca\/en\/wp-json\/wp\/v2\/types\/page"}],"author":[{"embeddable":true,"href":"https:\/\/www.apls.ca\/en\/wp-json\/wp\/v2\/users\/73"}],"replies":[{"embeddable":true,"href":"https:\/\/www.apls.ca\/en\/wp-json\/wp\/v2\/comments?post=2666"}],"version-history":[{"count":15,"href":"https:\/\/www.apls.ca\/en\/wp-json\/wp\/v2\/pages\/2666\/revisions"}],"predecessor-version":[{"id":6653,"href":"https:\/\/www.apls.ca\/en\/wp-json\/wp\/v2\/pages\/2666\/revisions\/6653"}],"up":[{"embeddable":true,"href":"https:\/\/www.apls.ca\/en\/wp-json\/wp\/v2\/pages\/2777"}],"wp:attachment":[{"href":"https:\/\/www.apls.ca\/en\/wp-json\/wp\/v2\/media?parent=2666"}],"curies":[{"name":"wp","href":"https:\/\/api.w.org\/{rel}","templated":true}]}}