{"id":2650,"date":"2014-09-18T13:10:38","date_gmt":"2014-09-18T17:10:38","guid":{"rendered":"http:\/\/www.apls.ca\/?page_id=2650"},"modified":"2014-09-18T13:17:58","modified_gmt":"2014-09-18T17:17:58","slug":"2008-2-2","status":"publish","type":"page","link":"https:\/\/www.apls.ca\/en\/documents\/medias\/2008-2-2","title":{"rendered":"2008"},"content":{"rendered":"<p><a href=\"http:\/\/www.info07.com\/Politique\/2008-02-05\/article-659895\/Des-citoyens-de-Ripon-veulent-sannexer-a-LacSimon\/1\">Des citoyens de Ripon veulent s\u2019annexer \u00e0 Lac-Simon<\/a> 5 f\u00e9vrier 2008 La Petite Nation<\/p>\n<p>Inqui\u00e9tude chez le r\u00e9sidants de Lac-Simon 10 avril 2008 Le Droit via <a href=\"http:\/\/lacsimon.blogspot.ca\/2008\/04\/inquitude-chez-le-rsidants-de-lac-simon.html\">Lac Simon Blog Spot<\/a><\/p>\n<p><a href=\"http:\/\/cnews.canoe.ca\/CNEWS\/Canada\/2008\/05\/14\/5563261-sun.html\">Crashed floatplane brought to shore<\/a> 14 mai 2007 Ottawa Sun<\/p>\n<p><a href=\"http:\/\/ici.radio-canada.ca\/regions\/ottawa\/2008\/05\/13\/004-epave-lac-simon_n.shtml\">A l'air libre, 50 ans plus tard<\/a> 14 mai 2007 Radio Canada<\/p>\n<p>Deux Baies du plan d'eau sont affect\u00e9es;\u00a0Algues bleues dans le lac Simon 6 ao\u00fbt 2008 Le Droit via\u00a0<a href=\"http:\/\/lacsimon.blogspot.ca\/2008\/08\/le-droit-algues-bleues-dans-le-lac.html\">Lac Simon Blog Spot<\/a><\/p>\n<p><a href=\"http:\/\/ici.radio-canada.ca\/regions\/ottawa\/2008\/08\/07\/001-algues-bleues-lac-simon.shtml\">Lac-Simon - Des algues bleues<\/a>\u00a07\u00a0ao\u00fbt 2008\u00a0Radio Canada<\/p>\n<p><a href=\"http:\/\/www.canada.com\/ottawacitizen\/news\/city\/story.html?id=18561c49-52bc-428b-b6aa-cbbbc7fc54db&amp;__federated=1\">Blue-green algae discovered at popular Lac Simon<\/a>\u00a08 ao\u00fbt 2008\u00a0Ottawa Citizen<\/p>\n<p><a href=\"http:\/\/www.info07.com\/Communaute\/2008-08-12\/article-667112\/Aucune-interdiction-mais-de-la-prevention-a-LacSimon\/1\">Aucune interdiction, mais de la pr\u00e9vention \u00e0 Lac-Simon:\u00a0Pr\u00e9sence de cyanobact\u00e9ries dans deux baies du lac Simon<\/a>\u00a012\u00a0ao\u00fbt 2008 La Petite Nation<\/p>\n<p>Inqui\u00e9tude chez les r\u00e9sidants de Lac-Simon: Dechargement de plus d'une trentaine de camions semi-remorques 28 ao\u00fbt 2008 Le droit\u00a0via\u00a0<a href=\"http:\/\/lacsimon.blogspot.ca\/2008\/08\/le-droit-algues-bleues-dans-le-lac.html\">Lac Simon Blog Spot<\/a><\/p>\n<p>D\u00c9CHARGEMENT IMPORTANT AU SITE D'ENFOUISSEMENT DE LAC-SIMON<br \/>\nLes propri\u00e9taires s'inqui\u00e8tent du manque de surveillance 3 septembre 2008 Le Droit via\u00a0<a href=\"http:\/\/lacsimon.blogspot.ca\/2008\/08\/maire-thiviege-epursol-illegal.html\">Lac Simon Blog Spot<\/a><\/p>\n<p>ENFOUISSEMENT DE R\u00c9SIDUS DE TABLE:\u00a0\u00c9pursol n'avait pas l'autorisation n\u00e9cessaire 10 septembre 2008 Le droit via\u00a0<a href=\"http:\/\/lacsimon.blogspot.ca\/2008\/09\/pursol-navait-pas-lautorisation.html\">Lac Simon Blog Spot<\/a><\/p>\n<p>DES CITOYENS DEMANDENT L'ADOPTION D'UN PLAN PARTICULIER D'URBANISME<br \/>\nProjet r\u00e9sidentiel craint \u00e0 Lac-Simon 10 septembre 2008 Le Droit via\u00a0<a href=\"http:\/\/lacsimon.blogspot.ca\/2008\/09\/proteger-lac-simon-plan-particulier.html\">Lac Simon Blog Spot<\/a><\/p>\n<p><a href=\"http:\/\/www.lapresse.ca\/le-droit\/actualites\/actualites-regionales\/200812\/04\/01-807520-lhelicoptere-et-les-corps-sont-sortis-de-leau.php\">Deux morts au lac Simon:\u00a0L'h\u00e9licopt\u00e8re et les corps sont sortis de l'eau<\/a>\u00a04 d\u00e9cembre 2008 Le Droit<\/p>\n<p><a href=\"http:\/\/tvanouvelles.ca\/lcn\/infos\/faitsdivers\/archives\/2008\/12\/20081203-223129.html\">Un h\u00e9licopt\u00e8re s\u2019ab\u00eeme dans le lac Simon<\/a>\u00a04 d\u00e9cembre 2008\u00a0LCN<\/p>\n<p><a href=\"http:\/\/www.lapresse.ca\/le-droit\/actualites\/actualites-regionales\/200812\/04\/01-807223-un-helicoptere-sabime-dans-le-lac-simon.php\">Un h\u00e9licopt\u00e8re s'ab\u00eeme dans le lac Simon<\/a>\u00a04 d\u00e9cembre 2008\u00a0Le Droit<\/p>\n<p><a href=\"http:\/\/www.info07.com\/Faits-divers\/2008-12-04\/article-664133\/Les-plongeurs-recherchent-lhelicoptere-a-LacSimon\/1\">Les plongeurs recherchent l\u2019h\u00e9licopt\u00e8re \u00e0 Lac-Simon:\u00a0Deux hommes rescap\u00e9s et deux autres disparus<\/a>\u00a04 d\u00e9cembre 2008 La Petite Nation<\/p>\n\n<!-- FB Like Button Starbit IT Solutions BEGIN -->\n<div class=\"fb-like\" data-href=\"https:\/\/www.apls.ca\/en\/documents\/medias\/2008-2-2\" data-layout=\"standard\" data-action=\"like\" data-show-faces=\"true\" data-size=\"small\" data-width=\"450\" data-share=\"1\" ><\/div>\n<!-- FB Like Button Starbit IT Solutions END -->\n","protected":false},"excerpt":{"rendered":"<p>Des citoyens de Ripon veulent s\u2019annexer \u00e0 Lac-Simon 5 f\u00e9vrier 2008 La Petite Nation Inqui\u00e9tude chez le r\u00e9sidants de Lac-Simon 10 avril 2008 Le Droit via Lac Simon Blog Spot Crashed floatplane brought to shore 14 mai 2007 Ottawa Sun &hellip; <a href=\"https:\/\/www.apls.ca\/en\/documents\/medias\/2008-2-2\">Continue reading <span class=\"meta-nav\">&rarr;<\/span><\/a><\/p>\n","protected":false},"author":73,"featured_media":0,"parent":2444,"menu_order":0,"comment_status":"open","ping_status":"closed","template":"","meta":{"footnotes":""},"class_list":["post-2650","page","type-page","status-publish","hentry"],"_links":{"self":[{"href":"https:\/\/www.apls.ca\/en\/wp-json\/wp\/v2\/pages\/2650","targetHints":{"allow":["GET"]}}],"collection":[{"href":"https:\/\/www.apls.ca\/en\/wp-json\/wp\/v2\/pages"}],"about":[{"href":"https:\/\/www.apls.ca\/en\/wp-json\/wp\/v2\/types\/page"}],"author":[{"embeddable":true,"href":"https:\/\/www.apls.ca\/en\/wp-json\/wp\/v2\/users\/73"}],"replies":[{"embeddable":true,"href":"https:\/\/www.apls.ca\/en\/wp-json\/wp\/v2\/comments?post=2650"}],"version-history":[{"count":8,"href":"https:\/\/www.apls.ca\/en\/wp-json\/wp\/v2\/pages\/2650\/revisions"}],"predecessor-version":[{"id":2655,"href":"https:\/\/www.apls.ca\/en\/wp-json\/wp\/v2\/pages\/2650\/revisions\/2655"}],"up":[{"embeddable":true,"href":"https:\/\/www.apls.ca\/en\/wp-json\/wp\/v2\/pages\/2444"}],"wp:attachment":[{"href":"https:\/\/www.apls.ca\/en\/wp-json\/wp\/v2\/media?parent=2650"}],"curies":[{"name":"wp","href":"https:\/\/api.w.org\/{rel}","templated":true}]}}