{"id":2629,"date":"2014-09-18T12:29:38","date_gmt":"2014-09-18T16:29:38","guid":{"rendered":"http:\/\/www.apls.ca\/?page_id=2629"},"modified":"2014-09-18T13:06:25","modified_gmt":"2014-09-18T17:06:25","slug":"2007-2","status":"publish","type":"page","link":"https:\/\/www.apls.ca\/en\/documents\/medias\/2007-2","title":{"rendered":"2007"},"content":{"rendered":"<h3 itemprop=\"name\"><\/h3>\n<h3 itemprop=\"name\"><\/h3>\n<p>Des entrepreneurs immobiliers font fi de la protection du lac Simon 28 juin 2007 Le Droit via <a href=\"http:\/\/lacsimon.blogspot.ca\/2007\/06\/des-entrepreneurs-immobiliers-font-fi.html\">Lac Simon Blog Spot<\/a><\/p>\n<p>Les Simonois rejettent en grand nombre le projet de fusion avec Ch\u00e9n\u00e9ville 10 juillet 2007 Le Droit via <a href=\"http:\/\/lacsimon.blogspot.ca\/2007\/07\/les-simonois-rejettent-en-grand-nombre.html\">Lac Simon Blog Spot<\/a><\/p>\n<p>Fusion de Ch\u00e9n\u00e9ville et Lac-Simon : 1ere audience le 24 juillet 10 juillet 2007 Le Droit via <a href=\"http:\/\/lacsimon.blogspot.ca\/2007\/07\/fusion-de-chnville-et-lac-simon-1ere.html\">Lac Simon Blog Spot<\/a><\/p>\n<p>Lac-Simon s'est empress\u00e9e d'intervenir afin de prot\u00e9ger les berges du lac 11 juillet 2007 Le Droit via <a href=\"http:\/\/lacsimon.blogspot.ca\/2007\/07\/lac-simon-sest-empresse-dintervenir.html\">Lac Simon Blog Spot<\/a><\/p>\n<p>Projet de fusion : les \u00e9lus de Ch\u00e9n\u00e9ville r\u00e9pondent aux critiques\u00a017 juillet 2007 Le Droit via <a href=\"http:\/\/lacsimon.blogspot.ca\/2007\/07\/projet-de-fusion-les-lus-de-chnville.html\">Lac Simon Blog Spot<\/a><\/p>\n<p>Lac-Simon : la campagne r\u00e9f\u00e9rendaire est en cours 26 juillet 2007 2007 Le Droit via <a href=\"http:\/\/lacsimon.blogspot.ca\/2007\/07\/lac-simon-la-campagne-rfrendaire-est-en.html\">Lac Simon Blog Spot<\/a><\/p>\n<p>E. coli au lac Simon: la situation revient \u00e0 la normale pour 11 des 12 secteurs 9\u00a0ao\u00fbt 2007\u00a0Le Droit via <a href=\"http:\/\/lacsimon.blogspot.ca\/2007\/08\/e-coli-au-lac-simon-la-situation.html\">Lac Simon Blog Spot<\/a><\/p>\n<p>Les Simonets contre la fusion ne sont pas plus rassur\u00e9s 13 ao\u00fbt 2007\u00a0Le Droit via <a href=\"http:\/\/lacsimon.blogspot.ca\/2007\/08\/les-simonets-contre-la-fusion-ne-sont.html\">Lac Simon Blog Spot<\/a><\/p>\n<p>Les opposants \u00e0 la fusion Ch\u00e9n\u00e9ville- Lac-Simon pas satisfaits des r\u00e9ponses 23 ao\u00fbt 2007\u00a0Le Droit via <a href=\"http:\/\/lacsimon.blogspot.ca\/2007\/08\/les-opposants-la-fusion-chnville-lac.html\">Lac Simon Blog Spot<\/a><\/p>\n<p>Les citoyens de Lac-Simon se prononceront sur la fusion dimanche 31 ao\u00fbt 2007\u00a0Le Droit via <a href=\"http:\/\/lacsimon.blogspot.ca\/2007\/08\/les-citoyens-de-lac-simon-se.html\">Lac Simon Blog Spot<\/a><\/p>\n<p>Les citoyens de Lac-Simon rejettent la fusion avec Ch\u00e9n\u00e9ville 4 septembre 2007 Le droit via <a href=\"http:\/\/lacsimon.blogspot.ca\/2007\/09\/les-citoyens-de-lac-simon-rejettent-la.html\">Lac Simon Blog Spot<\/a><\/p>\n<p>Pas de fusion Lac-Simon\/Ch\u00e9n\u00e9ville\u00a04 septembre 2007 La Petite Nation via\u00a0<a href=\"http:\/\/lacsimon.blogspot.ca\/2007\/09\/les-citoyens-de-lac-simon-rejettent-la.html\">Lac Simon Blog Spot<\/a><\/p>\n<p>Quebec lake's deep waters reveal hunters' fate:\u00a0A group of persistent divers discover the intact wreckage of a bush plane that crashed in 1957 carrying 4 men 17 novembre 2007 Globe &amp; Mail via\u00a0<a href=\"http:\/\/lacsimon.blogspot.ca\/2007\/11\/lac-simon-deep-waters-reveal-hunters.html\">Lac Simon Blog Spot<\/a><\/p>\n\n<!-- FB Like Button Starbit IT Solutions BEGIN -->\n<div class=\"fb-like\" data-href=\"https:\/\/www.apls.ca\/en\/documents\/medias\/2007-2\" data-layout=\"standard\" data-action=\"like\" data-show-faces=\"true\" data-size=\"small\" data-width=\"450\" data-share=\"1\" ><\/div>\n<!-- FB Like Button Starbit IT Solutions END -->\n","protected":false},"excerpt":{"rendered":"<p>Des entrepreneurs immobiliers font fi de la protection du lac Simon 28 juin 2007 Le Droit via Lac Simon Blog Spot Les Simonois rejettent en grand nombre le projet de fusion avec Ch\u00e9n\u00e9ville 10 juillet 2007 Le Droit via Lac &hellip; <a href=\"https:\/\/www.apls.ca\/en\/documents\/medias\/2007-2\">Continue reading <span class=\"meta-nav\">&rarr;<\/span><\/a><\/p>\n","protected":false},"author":73,"featured_media":0,"parent":2444,"menu_order":0,"comment_status":"open","ping_status":"closed","template":"","meta":{"footnotes":""},"class_list":["post-2629","page","type-page","status-publish","hentry"],"_links":{"self":[{"href":"https:\/\/www.apls.ca\/en\/wp-json\/wp\/v2\/pages\/2629","targetHints":{"allow":["GET"]}}],"collection":[{"href":"https:\/\/www.apls.ca\/en\/wp-json\/wp\/v2\/pages"}],"about":[{"href":"https:\/\/www.apls.ca\/en\/wp-json\/wp\/v2\/types\/page"}],"author":[{"embeddable":true,"href":"https:\/\/www.apls.ca\/en\/wp-json\/wp\/v2\/users\/73"}],"replies":[{"embeddable":true,"href":"https:\/\/www.apls.ca\/en\/wp-json\/wp\/v2\/comments?post=2629"}],"version-history":[{"count":16,"href":"https:\/\/www.apls.ca\/en\/wp-json\/wp\/v2\/pages\/2629\/revisions"}],"predecessor-version":[{"id":2648,"href":"https:\/\/www.apls.ca\/en\/wp-json\/wp\/v2\/pages\/2629\/revisions\/2648"}],"up":[{"embeddable":true,"href":"https:\/\/www.apls.ca\/en\/wp-json\/wp\/v2\/pages\/2444"}],"wp:attachment":[{"href":"https:\/\/www.apls.ca\/en\/wp-json\/wp\/v2\/media?parent=2629"}],"curies":[{"name":"wp","href":"https:\/\/api.w.org\/{rel}","templated":true}]}}