{"id":2587,"date":"2014-09-17T18:24:15","date_gmt":"2014-09-17T22:24:15","guid":{"rendered":"http:\/\/www.apls.ca\/?page_id=2587"},"modified":"2014-09-18T11:31:50","modified_gmt":"2014-09-18T15:31:50","slug":"2011-2","status":"publish","type":"page","link":"https:\/\/www.apls.ca\/en\/documents\/medias\/2011-2","title":{"rendered":"2011"},"content":{"rendered":"<p><a href=\"http:\/\/www.lapetitenation.com\/Actualites\/Politique\/2011-03-18\/article-2344846\/Richard-Crete-prend-un-grand-risque\/1\">Richard Cr\u00eate prend un grand risque<\/a> 18 mars 2011 La Petite Nation<\/p>\n<p><a href=\"http:\/\/www.info07.com\/Actualites\/Politique\/2011-03-21\/article-2350687\/Lise-Villeneuve-se-presente-conseillere\/1\">Lise Villeneuve se pr\u00e9sente conseill\u00e8re<\/a> 21 mars 2011 La Petite Nation<\/p>\n<p><a href=\"http:\/\/www.lapetitenation.com\/Actualites\/Politique\/2011-04-07\/article-2410146\/A-votre-service-pour-votre-mieux-etre\/1\">\u00c0 votre service pour votre mieux-\u00eatre<\/a> 7 avril 2011 La Petite Nation<\/p>\n<p><a href=\"http:\/\/www.lapresse.ca\/le-droit\/actualites\/ville-de-gatineau\/201104\/14\/01-4390039-lise-villeneuve-veut-succeder-a-richard-crete.php\">Lise Villeneuve veut succ\u00e9der \u00e0 Richard Cr\u00eate<\/a> 25 avril 2011 Le Droit<\/p>\n<p><a href=\"http:\/\/www.lapetitenation.com\/Actualit\u00c3\u00a9s\/Politique\/2011-04-25\/article-2458878\/Gaston-Tremblay-explique-sa-candidature\/1\">Gaston Tremblay explique sa candidature<\/a> 25 avril 2011 La Petite Nation<\/p>\n<p><a href=\"http:\/\/www.info07.com\/Actualites\/Politique\/2011-05-29\/article-2547844\/Tremblay-elu-a-Lac-Simon%21\/1\">Tremblay \u00e9lu \u00e0 Lac-Simon<\/a>! 29 mai 2011 La Petite Nation<\/p>\n<p><a href=\"http:\/\/www.lapresse.ca\/le-droit\/actualites\/ville-de-gatineau\/201105\/29\/01-4404008-gaston-a-tremblay-elu-maire-de-lac-simon.php\">Gaston A. Tremblay \u00e9lu maire de Lac-Simon<\/a> 30 mai 2011 Le Droit<\/p>\n<p><a href=\"http:\/\/ici.radio-canada.ca\/regions\/ottawa\/2011\/05\/30\/003-elections-lac-simon-tremblay.shtml\">Gaston Tremblay \u00e9lu maire de Lac-Simon<\/a> 30 mai 2011 Radio Canada<\/p>\n\n<!-- FB Like Button Starbit IT Solutions BEGIN -->\n<div class=\"fb-like\" data-href=\"https:\/\/www.apls.ca\/en\/documents\/medias\/2011-2\" data-layout=\"standard\" data-action=\"like\" data-show-faces=\"true\" data-size=\"small\" data-width=\"450\" data-share=\"1\" ><\/div>\n<!-- FB Like Button Starbit IT Solutions END -->\n","protected":false},"excerpt":{"rendered":"<p>Richard Cr\u00eate prend un grand risque 18 mars 2011 La Petite Nation Lise Villeneuve se pr\u00e9sente conseill\u00e8re 21 mars 2011 La Petite Nation \u00c0 votre service pour votre mieux-\u00eatre 7 avril 2011 La Petite Nation Lise Villeneuve veut succ\u00e9der \u00e0 &hellip; <a href=\"https:\/\/www.apls.ca\/en\/documents\/medias\/2011-2\">Continue reading <span class=\"meta-nav\">&rarr;<\/span><\/a><\/p>\n","protected":false},"author":73,"featured_media":0,"parent":2444,"menu_order":0,"comment_status":"open","ping_status":"closed","template":"","meta":{"footnotes":""},"class_list":["post-2587","page","type-page","status-publish","hentry"],"_links":{"self":[{"href":"https:\/\/www.apls.ca\/en\/wp-json\/wp\/v2\/pages\/2587","targetHints":{"allow":["GET"]}}],"collection":[{"href":"https:\/\/www.apls.ca\/en\/wp-json\/wp\/v2\/pages"}],"about":[{"href":"https:\/\/www.apls.ca\/en\/wp-json\/wp\/v2\/types\/page"}],"author":[{"embeddable":true,"href":"https:\/\/www.apls.ca\/en\/wp-json\/wp\/v2\/users\/73"}],"replies":[{"embeddable":true,"href":"https:\/\/www.apls.ca\/en\/wp-json\/wp\/v2\/comments?post=2587"}],"version-history":[{"count":5,"href":"https:\/\/www.apls.ca\/en\/wp-json\/wp\/v2\/pages\/2587\/revisions"}],"predecessor-version":[{"id":2602,"href":"https:\/\/www.apls.ca\/en\/wp-json\/wp\/v2\/pages\/2587\/revisions\/2602"}],"up":[{"embeddable":true,"href":"https:\/\/www.apls.ca\/en\/wp-json\/wp\/v2\/pages\/2444"}],"wp:attachment":[{"href":"https:\/\/www.apls.ca\/en\/wp-json\/wp\/v2\/media?parent=2587"}],"curies":[{"name":"wp","href":"https:\/\/api.w.org\/{rel}","templated":true}]}}