{"id":2570,"date":"2014-09-17T17:06:02","date_gmt":"2014-09-17T21:06:02","guid":{"rendered":"http:\/\/www.apls.ca\/?page_id=2570"},"modified":"2014-12-18T14:25:58","modified_gmt":"2014-12-18T19:25:58","slug":"2014-2","status":"publish","type":"page","link":"https:\/\/www.apls.ca\/en\/documents\/medias\/2014-2","title":{"rendered":"2014"},"content":{"rendered":"<p><a href=\"http:\/\/www.lapresse.ca\/le-droit\/actualites\/petite-nation\/201401\/09\/01-4727047-le-domaine-des-peres-sainte-croix-trouve-preneur.php\">Le Domaine des P\u00e8res Sainte-Croix, \u00e0 Lac-Simon, changera de propri\u00e9taire d'ici la fin du mois<\/a>\u00a09 janvier 2014 Le Droit<\/p>\n<p><a href=\"http:\/\/www.lapetitenation.com\/Actualites\/2014-01-14\/article-3576359\/Un-premier-acheteur-serieux-sur-les-rangs-pour-lAuberge-Viceroy\/1\">Un premier acheteur s\u00e9rieux sur les rangs pour l'Auberge Viceroy<\/a>\u00a014 janvier 2014 La Petite Nation<\/p>\n<p><a href=\"http:\/\/www.lapetitenation.com\/Actualites\/2014-01-17\/article-3581141\/Les-peres-de-Sainte-Croix-amorcent-leur-retrait\/1\">Les p\u00e8res de Sainte-Croix amorcent leur retrait<\/a>\u00a017 janvier 2014 La Petite Nation<\/p>\n<p><a href=\"http:\/\/www.lapetitenation.com\/Actualites\/2014-01-17\/article-3581030\/Le-Bar-LAventure-de-Lac-Simon-est-vendu\/1\">Le Bar L'Aventure de Lac-Simon est vendu<\/a>\u00a017 janvier 2014 2014 La Petite nation<\/p>\n<p><a href=\"http:\/\/www.lapetitenation.com\/Actualites\/2014-01-18\/article-3582133\/La-vente-du-domaine-des-peres-a-Lac-Simon-ne-fait-pas-lunanimite-dans-la-communaute\/1\">La vente du domaine des p\u00e8res \u00e0 Lac-Simon ne fait pas l'unanimit\u00e9 dans la communaut\u00e9<\/a>\u00a018 janvier 2014<\/p>\n<p><a href=\"http:\/\/www.lapetitenation.com\/Culture\/2014-02-23\/article-3626085\/Paquin-recidive-avec-Au-Pays-des-Weskarinis\/1\">Paquin r\u00e9cidive avec Au Pays des Weskarinis<\/a>\u00a023\u00a0f\u00e9vrier 2014 La Petite Nation<\/p>\n<p><a href=\"http:\/\/www.lapetitenation.com\/Actualites\/2014-03-14\/article-3649177\/Le-Domaine-Mont-Vezeau-gagne-un-prix-en-Chine\/1\">Le Domaine Mont-V\u00e9zeau gagne un prix en Chine<\/a>\u00a014 mars 2014 La Petite Nation<\/p>\n<p><a href=\"http:\/\/www.lapresse.ca\/le-droit\/actualites\/petite-nation\/201403\/16\/01-4748192-de-grands-honneurs-pour-le-domaine-mont-vezeau.php\">De grands honneurs pour le Domaine Mont-V\u00e9zeau<\/a>\u00a016 mars 2014 le Droit<\/p>\n<p><a href=\"http:\/\/www.lapresse.ca\/le-droit\/actualites\/petite-nation\/201403\/22\/01-4750370-le-domaine-des-peres-sainte-croix-vendu.php\">Le Domaine des P\u00e8res Sainte-Croix vendu<\/a>\u00a022 mars 2014 Le Droit<\/p>\n<p><a href=\"http:\/\/www.lapetitenation.com\/Actualites\/2014-03-24\/article-3661787\/Passage-chez-le-notaire-pour-le-Domaine-des-Peres\/1\">Passage chez le notaire pour le Domaine des P\u00e8res<\/a>\u00a022 mars 2014 La Petite Nation<\/p>\n<p><a href=\"http:\/\/www.lapetitenation.com\/Sports\/2014-03-21\/article-3659121\/Quatorze-nouveaux-circuits-de-velo\/1\">Quatorze nouveaux circuits de v\u00e9lo<\/a>\u00a021 mars 2014 La Petite Nation<\/p>\n<p><a href=\"http:\/\/www.lapresse.ca\/le-droit\/actualites\/petite-nation\/201403\/22\/01-4750364-la-petite-nation-la-lievre-devoile-ses-circuits-cyclistes.php\">La Petite-Nation La Li\u00e8vre d\u00e9voile ses circuits cyclistes<\/a>\u00a022 mars 2014 Le Droit<\/p>\n<p><a href=\"http:\/\/www.lapetitenation.com\/Actualites\/2013-04-20\/video-3224513\/Rencontre-autochtone-a-Cheneville\/1\">Rencontre autochtone \u00e0 Ch\u00e9n\u00e9ville<\/a>\u00a020 avril 2014 La Petite Nation<\/p>\n<p><a href=\"http:\/\/www.lapetitenation.com\/Culture\/2014-04-24\/article-3701915\/Mandat-renouvele-pour-Lemire%2C-Erya\u015fa-et-Crete\/1\">Mandat renouvel\u00e9 pour Michelle Lemire, \u00d6zgen Erya\u015fa et Chantale Cr\u00eate<\/a>\u00a024 avril 2014 La Petite Nation<\/p>\n<p><a href=\"http:\/\/www.lapetitenation.com\/Actualites\/2014-04-23\/article-3699416\/La-Cooperative-de-Sante-du-nord-de-la-Petite-Nation-devrait-ouvrir-en-2014\/1\">La Coop\u00e9rative de Sant\u00e9 du nord de la Petite-Nation devrait ouvrir en 2014<\/a>\u00a023 avril 2014 La Petite Nation<\/p>\n<p><a href=\"http:\/\/ici.radio-canada.ca\">L'ancien couvent de Ch\u00e9n\u00e9ville sera r\u00e9nov\u00e9 pour accueillir une clinique<\/a>\u00a0Radio Canada<\/p>\n<p><a href=\"http:\/\/www.lapresse.ca\/le-droit\/actualites\/petite-nation\/201404\/24\/01-4760354-objectif-ambitieux-pour-la-coop-sante-du-nord.php?utm_categorieinterne=trafficdrivers&amp;utm_contenuinterne=cyberpresse_B9_ailleurs-dans-la-region_98069_section_POS3\">Objectif ambitieux pour la Coop sant\u00e9 du nord<\/a>\u00a024 avril 2014 Le Droit<\/p>\n<p><a href=\"http:\/\/www.lapetitenation.com\/Actualites\/2014-05-16\/article-3729112\/Nouveautes-a-Lac-Simon\/1\">Trois panneaux d'interpr\u00e9tation ont \u00e9t\u00e9 d\u00e9voil\u00e9s \u00e0 Lac Simon<\/a>\u00a016 mai 2014 La Petite Nation<\/p>\n<p><a href=\"http:\/\/www.lapetitenation.com\/Communaute\/2014-05-21\/article-3733007\/Accueillante-Cheneville\/1\">Accueillante Ch\u00e9n\u00e9ville<\/a>\u00a021 mai 2014 2014 La Petite Nation<\/p>\n<p><a href=\"http:\/\/www.lapresse.ca\/le-droit\/\">Des Parcelles du Domaine des p\u00e8res Sainte-Croix<\/a>\u00a0\u00e0 vendre 24 mai 2014 Le Droit<\/p>\n<p><a href=\"http:\/\/www.lapetitenation.com\/Communaute\/2014-05-27\/article-3740288\/Les-fruits-de-lautonomie-alimentaire\/1\">Les fruits de l'autonomie alimentaire<\/a>\u00a027 mai 2014 La Petite Nation<\/p>\n<p><a href=\"http:\/\/www.lapresse.ca\/le-droit\/actualites\/petite-nation\/201406\/11\/01-4774853-le-droit-de-vote-des-campeurs-remis-en-doute.php?utm_categorieinterne=trafficdrivers&amp;utm_contenuinterne=cyberpresse_B9_ailleurs-dans-la-region_98069_section_POS5\">Le droit de vote des campeurs remis en doute<\/a>\u00a011 juin 2014 Le Droit<\/p>\n<p><a href=\"http:\/\/www.lapresse.ca\/le-droit\/actualites\/petite-nation\/201406\/12\/01-4775229-la-federation-histoire-quebec-veut-que-la-province-intervienne.php?utm_categorieinterne=trafficdrivers&amp;utm_contenuinterne=cyberpresse_B9_ailleurs-dans-la-region_98069_section_POS1\">La F\u00e9d\u00e9ration Histoire Qu\u00e9bec veut que la province intervienne<\/a>\u00a012 juin 2014 Le Droit<\/p>\n<p><a href=\"http:\/\/www.lapetitenation.com\/Actualites\/2013-04-20\/video-3224513\/Rencontre-autochtone-a-Cheneville\/1\">La SQ pr\u00e9sente au lac Simon<\/a>\u00a02 juillet 2014 La Petite Nation<\/p>\n<p><a href=\"http:\/\/www.lapresse.ca\/le-droit\/actualites\/petite-nation\/201407\/12\/01-4783360-nettoyage-de-fosse-controverse-a-lac-simon.php?utm_categorieinterne=trafficdrivers&amp;utm_contenuinterne=cyberpresse_B9_ailleurs-dans-la-region_98069_section_POS3\">Nettoyage de foss\u00e9 controvers\u00e9 \u00e0 Lac-Simon<\/a>\u00a012 juillet 2014 Le Droit<\/p>\n<p><a href=\"http:\/\/www.lapetitenation.com\/Actualites\/2014-07-16\/article-3802737\/Le-Ministere-de-lEnvironnement-fait-enquete-a-Lac-Simon\/1\">Le Minist\u00e8re de l'Environnement fait enqu\u00eate \u00e0 Lac-Simon<\/a>\u00a016 juillet 2014 La Petite Nation<\/p>\n<p><a href=\"http:\/\/www.lapresse.ca\/le-droit\/actualites\/petite-nation\/201407\/17\/01-4784697-le-domaine-des-peres-sainte-croix-parmi-les-sites-les-plus-menaces-au-pays.php\">Le Domaine des P\u00e8res Sainte-Croix parmi les sites les plus menac\u00e9s au pays<\/a>\u00a017 juillet 2014 Le Droit<\/p>\n<p><a href=\"http:\/\/www.lapetitenation.com\/Actualites\/2014-07-17\/article-3804048\/Le-Domaine-des-peres-de-Sainte-Croix-parmi-les-10-sites-les-plus-menaces-au-Canada\/1\">Le Domaine des p\u00e8res de Sainte-Croix parmi les 10 sites les plus menac\u00e9s au Canada<\/a>\u00a017 juillet 2014 La Petite Nation<\/p>\n<p><a href=\"http:\/\/www.ctvnews.ca\/canada\/see-canada-s-10-most-endangered-places-before-they-re-gone-1.1923974#\">See Canada's 10 most endangered places before they're gone<\/a>\u00a021 juillet 2014 CTV<\/p>\n<p><a href=\"http:\/\/www.lapresse.ca\/le-droit\/actualites\/actualites-regionales\/201407\/29\/01-4787571-une-tape-sur-les-doigts-du-mtq.php?utm_categorieinterne=trafficdrivers&amp;utm_contenuinterne=cyberpresse_hotTopics__1679641_section_POS1\">Une tape sur les doigts du MTQ<\/a>\u00a029 juillet 2014 Le Droit<\/p>\n<p><a href=\"http:\/\/www.lapetitenation.com\">Foss\u00e9s Nettoy\u00e9s sans authorisation a Lac-Simon<\/a>\u00a029 juillet 2014 La Petite Nation<\/p>\n<p><a href=\"http:\/\/www.lapetitenation.com\/Actualites\/2014-08-19\/article-3839883\/L%26rsquo%3BAuberge-du-Lac-Simon-veut-conserver-les-soirees-echangistes\/1\">L\u2019Auberge du Lac-Simon veut conserver les soir\u00e9es \u00e9changistes<\/a>\u00a019 ao\u00fbt 2014 La Petite Nation<\/p>\n<p><a href=\"http:\/\/www.lapresse.ca\/le-droit\/actualites\/actualites-regionales\/201409\/05\/01-4797474-le-vote-des-campeurs-revient-a-lavant-plan-a-lac-simon.php?utm_categorieinterne=trafficdrivers&amp;utm_contenuinterne=cyberpresse_B9_ailleurs-dans-la-region_98069_section_POS1\">Le vote des campeurs revient \u00e0 l'avant-plan \u00e0 Lac-Simon<\/a>\u00a05 septembre 2014 \u00a0Le Droit<\/p>\n<p><a href=\"http:\/\/www.montrealgazette.com\/business\/Historic+property+divides+small+Quebec+town\/10198645\/story.html?__federated=1\">Historic property divides small Quebec town<\/a>\u00a012 septembre 2014 Montreal Gazette<\/p>\n<p><a href=\"http:\/\/www.lapresse.ca\/le-droit\/actualites\/petite-nation\/201410\/01\/01-4805211-deux-conseilleres-exclues-des-comites.php\">Deux conseill\u00e8res exclues des comit\u00e9s<\/a> 1 octobre 2014 Le Droit<\/p>\n<p><a href=\"http:\/\/www.lapetitenation.com\/Actualites\/2014-10-07\/article-3895932\/Un-article-qui-fait-reagir\/1\">Un article qui fait r\u00e9agir<\/a> 8 octobre La Petite Nation<\/p>\n<p>Lac Simon man charged with extortion, criminal lending October 14 2014 <a href=\"http:\/\/ottawacitizen.com\/news\/local-news\/lac-simon-man-charged-with-extortion-criminal-lending\">Ottawa Citizen<\/a><\/p>\n<p>Loan rates exorbitant, Outaouais man charged \u00a0October 14 2014 <a href=\"http:\/\/www.ottawasun.com\/2014\/10\/14\/loan-rates-exorbitant-outaouais-man-charged\">Ottawa Sun<\/a><\/p>\n<p>Pr\u00eats usuraires et extorsion : un homme de Lac-Simon en Outaouais arr\u00eat\u00e9 14 octobre 2014 <a href=\"http:\/\/gatineau.radionrj.ca\/info-gatineau-ottawa\/2014\/10\/14\/prets-usuraires-et-extorsion-un-homme-de-lac-simon-en-outaouais-arrete\">NRJ FM Gatineau<\/a><\/p>\n<p>Pr\u00eats usuraires : une personne arr\u00eat\u00e9e\u00a014 octobre 2014 <a href=\"http:\/\/www.lapetitenation.com\/Faits-divers\/2014-10-14\/article-3902751\/Prets-usuraires-%3A-une-personne-arretee\/1\">La Petite Nation<\/a><\/p>\n<p>Chantal Cr\u00eate candidate du NPD 27 octobre 2014 <a href=\"http:\/\/www.lapetitenation.com\/Actualites\/Politique\/2014-10-27\/article-3917961\/Chantal-Crete-candidate-du-NPD\/1\">La Petite Nation<\/a><\/p>\n<p>Le r\u00e8glement d'urbanisme de Lac-Simon \u00abvalide\u00bb\u00a009 d\u00e9cembre 2014 <a href=\"http:\/\/www.lapresse.ca\/le-droit\/actualites\/petite-nation\/201412\/09\/01-4826601-le-reglement-durbanisme-de-lac-simon-valide.php\">Le Droit<\/a><\/p>\n\n<!-- FB Like Button Starbit IT Solutions BEGIN -->\n<div class=\"fb-like\" data-href=\"https:\/\/www.apls.ca\/en\/documents\/medias\/2014-2\" data-layout=\"standard\" data-action=\"like\" data-show-faces=\"true\" data-size=\"small\" data-width=\"450\" data-share=\"1\" ><\/div>\n<!-- FB Like Button Starbit IT Solutions END -->\n","protected":false},"excerpt":{"rendered":"<p>Le Domaine des P\u00e8res Sainte-Croix, \u00e0 Lac-Simon, changera de propri\u00e9taire d&#8217;ici la fin du mois\u00a09 janvier 2014 Le Droit Un premier acheteur s\u00e9rieux sur les rangs pour l&#8217;Auberge Viceroy\u00a014 janvier 2014 La Petite Nation Les p\u00e8res de Sainte-Croix amorcent leur &hellip; <a href=\"https:\/\/www.apls.ca\/en\/documents\/medias\/2014-2\">Continue reading <span class=\"meta-nav\">&rarr;<\/span><\/a><\/p>\n","protected":false},"author":73,"featured_media":0,"parent":2444,"menu_order":0,"comment_status":"open","ping_status":"closed","template":"","meta":{"footnotes":""},"class_list":["post-2570","page","type-page","status-publish","hentry"],"_links":{"self":[{"href":"https:\/\/www.apls.ca\/en\/wp-json\/wp\/v2\/pages\/2570","targetHints":{"allow":["GET"]}}],"collection":[{"href":"https:\/\/www.apls.ca\/en\/wp-json\/wp\/v2\/pages"}],"about":[{"href":"https:\/\/www.apls.ca\/en\/wp-json\/wp\/v2\/types\/page"}],"author":[{"embeddable":true,"href":"https:\/\/www.apls.ca\/en\/wp-json\/wp\/v2\/users\/73"}],"replies":[{"embeddable":true,"href":"https:\/\/www.apls.ca\/en\/wp-json\/wp\/v2\/comments?post=2570"}],"version-history":[{"count":10,"href":"https:\/\/www.apls.ca\/en\/wp-json\/wp\/v2\/pages\/2570\/revisions"}],"predecessor-version":[{"id":3065,"href":"https:\/\/www.apls.ca\/en\/wp-json\/wp\/v2\/pages\/2570\/revisions\/3065"}],"up":[{"embeddable":true,"href":"https:\/\/www.apls.ca\/en\/wp-json\/wp\/v2\/pages\/2444"}],"wp:attachment":[{"href":"https:\/\/www.apls.ca\/en\/wp-json\/wp\/v2\/media?parent=2570"}],"curies":[{"name":"wp","href":"https:\/\/api.w.org\/{rel}","templated":true}]}}