{"id":2568,"date":"2014-09-17T17:04:38","date_gmt":"2014-09-17T21:04:38","guid":{"rendered":"http:\/\/www.apls.ca\/?page_id=2568"},"modified":"2014-09-17T18:00:05","modified_gmt":"2014-09-17T22:00:05","slug":"2013-2","status":"publish","type":"page","link":"https:\/\/www.apls.ca\/en\/documents\/medias\/2013-2","title":{"rendered":"2013"},"content":{"rendered":"<p><a href=\"http:\/\/www.apls.ca\/wp-content\/uploads\/2014\/09\/HQ-Domaine_des_p\u00e8res-Volum19-2-2013.pdf\">Domaine des P\u00e8res ~ F\u00e9d\u00e9ration Histoire Qu\u00e9bec<\/a>\u00a0(Volume 19-2-2013)<\/p>\n<p><a href=\"http:\/\/www.lapresse.ca\/le-droit\/actualites\/petite-nation\/201301\/16\/01-4611871-le-domaine-sacre-site-patrimonial.php?utm_categorieinterne=trafficdrivers&amp;utm_contenuinterne=cyberpresse_B9_ailleurs-dans-la-region_98069_section_POS3\">Le domaine sacr\u00e9 site patrimonial<\/a> 16 janvier 2013 Le Droit<\/p>\n<p><a href=\"http:\/\/www.lapresse.ca\/le-droit\/actualites\/petite-nation\/201302\/21\/01-4623894-le-vin-de-la-petite-nation-reconnu-en-france.php\">Le vin de la Petite-Nation reconnu en France<\/a> 21\u00a0f\u00e9vrier 2013 Le Droit<\/p>\n<p><a href=\"http:\/\/www.lapresse.ca\/le-droit\/vie-communautaire\/201302\/27\/01-4625926-nouveau-camion-a-lac-simon.php?\">Nouveau camion \u00e0 Lac-Simon<\/a> 27\u00a0f\u00e9vrier 2013 Le Droit<\/p>\n<p><a href=\"http:\/\/www.lapetitenation.com\/Actualites\/2013-04-27\/article-3228973\/Lancement-d%26rsquoune-loterie-pour-la-conservation-de-l%26rsquoIle-Canard-Blanc\/1\">Lancement d\u2019une loterie pour la conservation de l\u2019Ile Canard-Blanc<\/a> 27 avril 2013 La Petite Nation<\/p>\n<p><a href=\"http:\/\/www.lapresse.ca\/le-droit\/actualites\/petite-nation\/201304\/29\/01-4645625-un-concours-pour-proteger-lile-du-canard-blanc.php\">Un concours pour prot\u00e9ger l'\u00eele du Canard blanc<\/a> 29 avril 2013 Le Droit<\/p>\n<p><a href=\"http:\/\/www.lapetitenation.com\/Soci\u00e9t\u00e9\/2013-05-21\/article-3250268\/Assemblee-de-fondation-de-la-Cooperative-de-sante-du-nord-de-la-PetiteNation\/1\">Assemble\u00e9 de fondation de la Coop\u00e9rative de sant\u00e9 du nord de la Petite-Nation<\/a>\u00a021 mai 2013 La Petite Nation<\/p>\n<p><a href=\"http:\/\/www.lapresse.ca\/le-droit\/actualites\/petite-nation\/201305\/24\/01-4654072-jacques-maille-lorgne-la-mairie-de-lac-simon.php\">Jacques Maill\u00e9 lorgne la mairie de Lac-Simon<\/a> 24 mai 2013 Le Droit<\/p>\n<p><a href=\"http:\/\/www.lapresse.ca\/le-droit\/actualites\/justice-et-faits-divers\/201305\/27\/01-4654779-serre-demantelee-a-lac-simon.php\">Serre d\u00e9mantel\u00e9e \u00e0 Lac-Simon<\/a> 27 mai 2013 Le droit<\/p>\n<p><a href=\"http:\/\/www.montrealgazette.com\/news\/seizes+plants+handgun+Simon+home\/8439925\/story.html\">SQ seizes 400 pot plants, handgun at Lac Simon home<\/a> 27 mai 2013 Montreal Gazette<\/p>\n<p><a href=\"http:\/\/www.radio-canada.ca\/regions\/ottawa\/2013\/06\/06\/007-perquisition-cannabis-lac-simon.shtml\">Pr\u00e8s de 1000 plants de marijuana retrouv\u00e9s \u00e0 Lac-Simon<\/a> 2 juin 2013 Radio Canada<\/p>\n<p><a href=\"http:\/\/www.lapetitenation.com\/Actualit\u00e9s\/Justice\/2013-06-05\/article-3270756\/Perquisition-au-LacSimon-deux-personnes-arretees\/1\">Perquisition au Lac-Simon: deux personnes arr\u00eat\u00e9es<\/a> 2 juin 2013 La Petite Nation<\/p>\n<p><a href=\"http:\/\/www.ottawasun.com\/2013\/06\/06\/quebec-cops-bust-2-women-seize-995-marijuana-plants\">Quebec cops bust 2 women, seize 995 marijuana plants<\/a> 2 juin 2013 Ottawa Sun<\/p>\n<p><a href=\"http:\/\/www.lapresse.ca\/le-droit\/actualites\/justice-et-faits-divers\/201306\/06\/01-4658422-des-kilos-de-cannabis-gardes-par-deux-femmes.php?utm_categorieinterne=trafficdrivers&amp;utm_contenuinterne=cyberpresse_B9_justice-et-faits-divers_86627_section_POS4\">Des kilos de cannabis gard\u00e9s par deux femmes<\/a> 6 juin 2013 Le Droit<\/p>\n<p><a href=\"http:\/\/www.lapetitenation.com\/Culture\/2013-06-06\/article-3272248\/Jean-Guy-Paquin-partage-sa-passion-pour-les-premiers-habitants-de-la-Petite-Nation\/1\">Jean-Guy Paquin partage sa passion pour les premiers habitants de la Petite-Nation<\/a> 6 juin 2013 La Petite Nation<\/p>\n<p><a href=\"http:\/\/www.lapetitenation.com\/Actualites\/Politique\/2013-06-07\/article-3272180\/Paulette-Lalande-perd-son-precieux-DG\/1\">Paulette Lalande perd son pr\u00e9cieux DG<\/a> 7 juin 2013 La Petite Nation<\/p>\n<p><a href=\"Un%20corps%20rep\u00each\u00e9%20dans%20le%20lac%20Simon\">Un corps rep\u00each\u00e9 dans le lac Simon<\/a> 10 juin 2013 Radio Canada<\/p>\n<p><a href=\"http:\/\/www.lapetitenation.com\/Faits-divers\/2013-06-10\/article-3273497\/Corps-repeche-dans-le-lac-Simon\/1\">Corps rep\u00each\u00e9 dans le lac Simon<\/a> 10 juin 2013 La petite Nation<\/p>\n<p><a href=\"http:\/\/www.lapresse.ca\/le-droit\/actualites\/justice-et-faits-divers\/201306\/10\/01-4659627-lac-simon-les-patrouilleurs-croient-avoir-trouve-un-corps.php?utm_categorieinterne=trafficdrivers&amp;utm_contenuinterne=cyberpresse_B9_justice-et-faits-divers_86627_section_POS2\">Lac Simon: les patrouilleurs croient avoir trouv\u00e9 un corps<\/a> 10 juin 2013 Le Droit<\/p>\n<p><a href=\"http:\/\/www.lapresse.ca\/le-droit\/actualites\/petite-nation\/201305\/24\/01-4654072-jacques-maille-lorgne-la-mairie-de-lac-simon.php\">Jacques Maill\u00e9 lorgne la mairie de Lac-Simon<\/a> 24 mai 2014 Le Droit<\/p>\n<p><a href=\"http:\/\/www.radio-canada.ca\/regions\/ottawa\/2013\/07\/26\/008-lac-simon-domaine-peres-sainte-croix.shtml\">L'avenir du Domaine des p\u00e8res Sainte-Croix du Lac-Simon soul\u00e8ve un d\u00e9bat<\/a>\u00a026 juillet 2013 Radio Canada<\/p>\n<p><a href=\"http:\/\/www.lapetitenation.com\/Communaute\/2013-07-26\/article-3329363\/La-protection-du-Domaine-des-Peres-de-Sainte-Croix-au-Lac-Simon-a-l%26rsquoagenda\/1\">La protection du Domaine des P\u00e8res de Sainte-Croix au Lac-Simon\u00a0\u00e0 l\u2019agenda<\/a>\u00a026 juillet 2013 La Petite Nation<\/p>\n<p><a href=\"http:\/\/www.lapresse.ca\/le-droit\/actualites\/petite-nation\/201306\/27\/01-4665441-le-bruit-et-la-sante-du-lac-a-lordre-du-jour.php?utm_categorieinterne=trafficdrivers&amp;utm_contenuinterne=cyberpresse_B9_ailleurs-dans-la-region_98069_section_POS2\">Le bruit et la sant\u00e9 du lac \u00e0 l'ordre du jour<\/a> 27 juillet 2013 Le Droit<\/p>\n<p><a href=\"http:\/\/www.ledevoir.com\/societe\/actualites-en-societe\/383886\/des-paysages-a-sauver-plutot-qu-a-defigurer\">Camil Bouchard: Des paysages \u00e0 sauver plut\u00f4t qu\u2019\u00e0 d\u00e9figurer<\/a>\u00a029 juillet 2013 Le Devoir<\/p>\n<p><a href=\"http:\/\/www.radio-canada.ca\/regions\/ottawa\/2013\/06\/30\/005-lac-simon-association-proprietaires-bruit.shtml\">Les r\u00e9sidents du Lac-Simon s'unissent pour lutter contre le bruit<\/a> 30 juillet 2013 Radio Canada<\/p>\n<p><a href=\"http:\/\/www.lapresse.ca\/le-droit\/actualites\/petite-nation\/201308\/23\/01-4682543-projet-de-condos-mal-vu-a-lac-simon.php?utm_categorieinterne=trafficdrivers&amp;utm_contenuinterne=cyberpresse_B9_ailleurs-dans-la-region_98069_section_POS3\">Projet de condos mal vu \u00e0 Lac-Simon<\/a>\u00a023 ao\u00fbt 2013 Le Droit<\/p>\n<p><a href=\"http:\/\/www.radio-canada.ca\/regions\/ottawa\/2013\/08\/25\/004-parasite-poissons-lac-simon.shtml\">Les poissons du Lac-Simon victimes d'un parasite<\/a>\u00a025\u00a0ao\u00fbt 2013 Radio Canada<\/p>\n<p><a href=\"http:\/\/www.cbc.ca\/news\/canada\/ottawa\/copepod-parasites-thinning-out-fish-in-quebec-lake-1.1407497?cmp=rss\">'Copepod' parasites thinning out fish in Quebec lake<\/a>\u00a025\u00a0\u00a0ao\u00fbt 2013 CBC<\/p>\n<p><a href=\"http:\/\/www.lapetitenation.com\/Actualit\u00e9s\/2013-09-04\/article-3374844\/Luc-Poupart-propose-sa-version-pour-laver-sa-reputation\/1\">Luc Poupart propose sa version pour laver sa r\u00e9putation<\/a>\u00a04 septembre 2013 La Petite Nation<\/p>\n<p><a href=\"http:\/\/www.lapresse.ca\/le-droit\/actualites\/petite-nation\/201309\/05\/01-4686274-luc-poupart-veut-faire-taire-les-rumeurs.php?utm_categorieinterne=trafficdrivers&amp;utm_contenuinterne=cyberpresse_B9_ailleurs-dans-la-region_98069_section_POS3\">Luc Poupart veut faire taire les rumeurs<\/a>\u00a04 septembre 2013 Le Droit<\/p>\n<p><a href=\"http:\/\/www.lapetitenation.com\/Actualites\/2013-09-06\/article-3379398\/La-zone-27-P-encore-au-c%26oelig%3Bur-de-la-controverse-au-Lac-Simon\/1\">La zone 27-P encore au c\u0153ur de la controverse au Lac-Simon<\/a>\u00a06 septembre 2013<\/p>\n<p><a href=\"http:\/\/www.lapresse.ca\/le-droit\/actualites\/petite-nation\/201309\/07\/01-4687062-lac-simon-retablit-le-zonage-de-la-baie-gamache.php?utm_categorieinterne=trafficdrivers&amp;utm_contenuinterne=cyberpresse_B9_ailleurs-dans-la-region_98069_section_POS4\">Lac-Simon r\u00e9tablit le zonage de la baie Gamache<\/a>\u00a07 septembre 2013 Le Droit<\/p>\n<p><a href=\"http:\/\/www.lapresse.ca\/le-droit\/actualites\/petite-nation\/201309\/21\/01-4691764-domaine-des-peres-ste-croix-les-anishinabeks-mettent-leur-grain-de-sel.php\">Domaine des P\u00e8res Ste-Croix: les Anishinabeks mettent leur grain de sel<\/a>\u00a0\u00a021 septembre 2013<\/p>\n<p><a href=\"http:\/\/www.lapresse.ca\/le-droit\/actualites\/petite-nation\/201309\/30\/01-4694720-le-zonage-remis-en-question-a-lac-simon.php?utm_categorieinterne=trafficdrivers&amp;utm_contenuinterne=cyberpresse_hotTopics__1679641_section_POS1\">Le zonage remis en question \u00e0 Lac-Simon<\/a>\u00a030 septembre 2013 Le Droit<\/p>\n<p><a href=\"http:\/\/www.lapetitenation.com\/Actualites\/2013-10-03\/article-3417933\/Potentielle-contestation-judiciaire-en-vue-au-Lac-Simon\/1\">Potentielle contestation judiciaire en vue au Lac-Simon<\/a>\u00a03 octobre 2013 La Petite Nation<\/p>\n<p><a href=\"http:\/\/www.lapresse.ca\/le-droit\/\">Le Conseil Municipal Franchit une autre \u00e9tape<\/a>\u00a03 octobre 2013 Le droit<\/p>\n<p><a href=\"http:\/\/www.lapetitenation.com\/Elections-municipales\/2013-10-22\/article-3436900\/Debat-des-candidats-a-la-mairie-de-Lac-Simon%3Adeux-positions-face-aux-questions-du-public\/1\">D\u00e9bat des candidats \u00e0 la mairie de Lac-Simon: deux positions face aux questions du public<\/a>\u00a022 octobre 2013 La Petite Nation<\/p>\n<p><a href=\"http:\/\/www.lapetitenation.com\/Faits-divers\/Justice\/2013-10-23\/article-3447929\/Prets-usuraires%3Adeux-personnes-arretees-dans-la-municipalite-de-Lac-Simon\/1\">Pr\u00eats Usuraires: Deux Personnes Arr\u00eat\u00e9es dans la Municipalit\u00e9 de Lac-Simon<\/a>\u00a022 octobre 2014 La Petite Nation<\/p>\n<p><a href=\"http:\/\/www.lapresse.ca\/le-droit\/actualites\/justice-et-faits-divers\/201310\/24\/01-4703350-le-chef-anishinabek-de-la-petite-nation-accuse-au-criminel.php\">Le chef Anishinabek de la Petite-Nation Accus\u00e9 au Criminel<\/a>\u00a024 octobre 2013 Le Droit<\/p>\n<p><a href=\"http:\/\/www.lapresse.ca\/le-droit\/dossiers\/elections-municipales\/201310\/23\/01-4702767-les-candidats-ne-font-pas-courir-les-foules-a-lac-simon.php\">Les candidats ne font pas courir les foules<\/a>\u00a0\u00a022 octobre 2013 Le Droit<\/p>\n<p><a href=\"http:\/\/www.lapresse.ca\/le-droit\/actualites\/petite-nation\/201311\/12\/01-4709754-petite-nation-louverture-de-la-coop-sante-repoussee.php\">Petite-Nation: l'ouverture de la coop sant\u00e9 repouss\u00e9e<\/a>\u00a012 novembre 2014 Le Droit<\/p>\n<p><a href=\"http:\/\/www.lapetitenation.com\/Actualites\/2013-11-13\/article-3479624\/Du-pain-sur-la-planche-pour-la-Cooperative-sante-du-nord-de-la-Petite-Nation\/1\">Du pain sur la planche pour la Coop\u00e9rative sant\u00e9 du nord de la Petite-Nation<\/a>\u00a013\u00a0novembre 2014 La Petite Nation<\/p>\n<p><a href=\"http:\/\/www.lapetitenation.com\/Actualites\/2013-11-18\/article-3485908\/Le-nombre-de-logements-permis-revient-a-1-a-Lac-Simon\/1\">Le nombre de logements permis revient \u00e0 1 \u00e0 Lac-Simon<\/a>\u00a018 novembre 2013 La Petite Nation<\/p>\n<p><a href=\"http:\/\/www.lapresse.ca\/le-droit\/actualites\/petite-nation\/201311\/27\/01-4715021-nouvel-appui-de-taille-au-classement-patrimonial.php\">Nouvel appui de taille au classement patrimonial<\/a>\u00a026 novembre 2014 Le Droit<\/p>\n<p><a href=\"http:\/\/www.lapetitenation.com\/Actualites\/2013-12-19\/article-3548245\/Le-Domaine-des-Peres-a-Lac-Simon-serait-sur-le-point-detre-vendu\/1\">Le Domaine des P\u00e8res \u00e0 Lac-Simon serait sur le point d'\u00eatre vendu<\/a>\u00a019 d\u00e9cembre 2013 La Petite Nation<\/p>\n<p><a href=\"http:\/\/ici.radio-canada.ca\/regions\/ottawa\/2013\/12\/31\/003-outaouais-auberge-viceroy-alexandre-iraca.shtml\">La fermeture de l'Auberge Viceroy irrite le d\u00e9put\u00e9 Ir\u00e0ca<\/a>\u00a031 d\u00e9cembre 2013 Radio Canada<\/p>\n<p><a href=\"http:\/\/www.lapresse.ca\/le-droit\/actualites\/petite-nation\/201312\/31\/01-4724907-la-faillite-pour-lauberge-viceroy.php?utm_categorieinterne=trafficdrivers&amp;utm_contenuinterne=cyberpresse_B9_economie_86612_section_POS1\">La faillite pour l'Auberge Viceroy<\/a>\u00a031 d\u00e9cembre 2013 Le Droit<\/p>\n\n<!-- FB Like Button Starbit IT Solutions BEGIN -->\n<div class=\"fb-like\" data-href=\"https:\/\/www.apls.ca\/en\/documents\/medias\/2013-2\" data-layout=\"standard\" data-action=\"like\" data-show-faces=\"true\" data-size=\"small\" data-width=\"450\" data-share=\"1\" ><\/div>\n<!-- FB Like Button Starbit IT Solutions END -->\n","protected":false},"excerpt":{"rendered":"<p>Domaine des P\u00e8res ~ F\u00e9d\u00e9ration Histoire Qu\u00e9bec\u00a0(Volume 19-2-2013) Le domaine sacr\u00e9 site patrimonial 16 janvier 2013 Le Droit Le vin de la Petite-Nation reconnu en France 21\u00a0f\u00e9vrier 2013 Le Droit Nouveau camion \u00e0 Lac-Simon 27\u00a0f\u00e9vrier 2013 Le Droit Lancement d\u2019une &hellip; <a href=\"https:\/\/www.apls.ca\/en\/documents\/medias\/2013-2\">Continue reading <span class=\"meta-nav\">&rarr;<\/span><\/a><\/p>\n","protected":false},"author":73,"featured_media":0,"parent":2444,"menu_order":0,"comment_status":"open","ping_status":"closed","template":"","meta":{"footnotes":""},"class_list":["post-2568","page","type-page","status-publish","hentry"],"_links":{"self":[{"href":"https:\/\/www.apls.ca\/en\/wp-json\/wp\/v2\/pages\/2568","targetHints":{"allow":["GET"]}}],"collection":[{"href":"https:\/\/www.apls.ca\/en\/wp-json\/wp\/v2\/pages"}],"about":[{"href":"https:\/\/www.apls.ca\/en\/wp-json\/wp\/v2\/types\/page"}],"author":[{"embeddable":true,"href":"https:\/\/www.apls.ca\/en\/wp-json\/wp\/v2\/users\/73"}],"replies":[{"embeddable":true,"href":"https:\/\/www.apls.ca\/en\/wp-json\/wp\/v2\/comments?post=2568"}],"version-history":[{"count":6,"href":"https:\/\/www.apls.ca\/en\/wp-json\/wp\/v2\/pages\/2568\/revisions"}],"predecessor-version":[{"id":2577,"href":"https:\/\/www.apls.ca\/en\/wp-json\/wp\/v2\/pages\/2568\/revisions\/2577"}],"up":[{"embeddable":true,"href":"https:\/\/www.apls.ca\/en\/wp-json\/wp\/v2\/pages\/2444"}],"wp:attachment":[{"href":"https:\/\/www.apls.ca\/en\/wp-json\/wp\/v2\/media?parent=2568"}],"curies":[{"name":"wp","href":"https:\/\/api.w.org\/{rel}","templated":true}]}}