{"id":2460,"date":"2014-09-17T10:33:54","date_gmt":"2014-09-17T14:33:54","guid":{"rendered":"http:\/\/www.apls.ca\/?page_id=2460"},"modified":"2014-09-20T18:07:07","modified_gmt":"2014-09-20T22:07:07","slug":"milieu-humide","status":"publish","type":"page","link":"https:\/\/www.apls.ca\/en\/dossiers\/milieu-humide","title":{"rendered":"Milieux Humides"},"content":{"rendered":"<p><strong>Municipalit\u00e9 de Lac-Simon<\/strong><\/p>\n<p><a href=\"http:\/\/www.apls.ca\/wp-content\/uploads\/2014\/08\/MilieuxHumides_RapportHemisphere_LacSimon_2010.pdf\">Cartographie des milieux humides<\/a>\u00a0(Groupe H\u00e9misph\u00e8re 2010)<\/p>\n<p><strong>Gouvernement de Qu\u00e9bec<\/strong><\/p>\n<p><a href=\"http:\/\/www.mddelcc.gouv.qc.ca\/eau\/rives\/milieux-humides-autorisations-env.pdf\">Les milieux humides et l\u2019autorisation environnementale<\/a><\/p>\n<p><a href=\"http:\/\/www.mddelcc.gouv.qc.ca\/eau\/rives\/Guide_plan.pdf\">Guide d'\u00e9laboration d'un plan de conservation des milieux humides<\/a><\/p>\n<p>&nbsp;<\/p>\n\n<!-- FB Like Button Starbit IT Solutions BEGIN -->\n<div class=\"fb-like\" data-href=\"https:\/\/www.apls.ca\/en\/dossiers\/milieu-humide\" data-layout=\"standard\" data-action=\"like\" data-show-faces=\"true\" data-size=\"small\" data-width=\"450\" data-share=\"1\" ><\/div>\n<!-- FB Like Button Starbit IT Solutions END -->\n","protected":false},"excerpt":{"rendered":"<p>Municipalit\u00e9 de Lac-Simon Cartographie des milieux humides\u00a0(Groupe H\u00e9misph\u00e8re 2010) Gouvernement de Qu\u00e9bec Les milieux humides et l\u2019autorisation environnementale Guide d&#8217;\u00e9laboration d&#8217;un plan de conservation des milieux humides &nbsp;<\/p>\n","protected":false},"author":73,"featured_media":0,"parent":2304,"menu_order":0,"comment_status":"open","ping_status":"closed","template":"","meta":{"footnotes":""},"class_list":["post-2460","page","type-page","status-publish","hentry"],"_links":{"self":[{"href":"https:\/\/www.apls.ca\/en\/wp-json\/wp\/v2\/pages\/2460","targetHints":{"allow":["GET"]}}],"collection":[{"href":"https:\/\/www.apls.ca\/en\/wp-json\/wp\/v2\/pages"}],"about":[{"href":"https:\/\/www.apls.ca\/en\/wp-json\/wp\/v2\/types\/page"}],"author":[{"embeddable":true,"href":"https:\/\/www.apls.ca\/en\/wp-json\/wp\/v2\/users\/73"}],"replies":[{"embeddable":true,"href":"https:\/\/www.apls.ca\/en\/wp-json\/wp\/v2\/comments?post=2460"}],"version-history":[{"count":8,"href":"https:\/\/www.apls.ca\/en\/wp-json\/wp\/v2\/pages\/2460\/revisions"}],"predecessor-version":[{"id":2530,"href":"https:\/\/www.apls.ca\/en\/wp-json\/wp\/v2\/pages\/2460\/revisions\/2530"}],"up":[{"embeddable":true,"href":"https:\/\/www.apls.ca\/en\/wp-json\/wp\/v2\/pages\/2304"}],"wp:attachment":[{"href":"https:\/\/www.apls.ca\/en\/wp-json\/wp\/v2\/media?parent=2460"}],"curies":[{"name":"wp","href":"https:\/\/api.w.org\/{rel}","templated":true}]}}