{"id":2457,"date":"2014-09-17T10:31:29","date_gmt":"2014-09-17T14:31:29","guid":{"rendered":"http:\/\/www.apls.ca\/?page_id=2457"},"modified":"2021-05-12T07:42:53","modified_gmt":"2021-05-12T11:42:53","slug":"plage-sepaq-sao","status":"publish","type":"page","link":"https:\/\/www.apls.ca\/en\/dossiers\/plage-sepaq-sao","title":{"rendered":"Plage SEPAQ \/ SAO"},"content":{"rendered":"<p><a href=\"http:\/\/www.apls.ca\/wp-content\/uploads\/2014\/09\/Memoire-Plage-Sepaq-2001.pdf\">Memoire Plage Sepaq 2001<\/a><\/p>\n<p><strong>Media<\/strong><\/p>\n<p><a href=\"https:\/\/www.ledroit.com\/actualites\/petite-nation\/a-la-rescousse-du-lodge-du-lac-simon-06bcdc3757d71d263bba422cee0b26b2\">\u00c0 la rescousse du Lodge du lac Simon<\/a> 13 avril 2021 Le Droit<\/p>\n<p><a href=\"https:\/\/infopetitenation.ca\/actualites\/2021\/04\/13\/article-2021-04-13-une-petition-pour-la-preservation-du-lodge-du-lac-simon\/\">Une p\u00e9tition pour la pr\u00e9servation du Lodge du Lac-Simon<\/a> 13 avril 2021 Le Petite Nation<\/p>\n<p><a href=\"https:\/\/www.ledroit.com\/actualites\/petite-nation\/la-mobilisation-pour-la-sauvegarde-du-lodge-du-lac-simon-gagne-du-terrain-05ca1337f68002b21192cd65a7ad0230\">La mobilisation pour la sauvegarde du Lodge du lac Simon gagne du terrain<\/a> 27 avril 2021 Le Droit<\/p>\n<p><a href=\"https:\/\/www.ledroit.com\/actualites\/petite-nation\/lepopee-industrielle-de-la-singer-en-outaouais-54347a2ae80d247c6e315871f113d8d3\">L\u2019\u00e9pop\u00e9e industrielle de la Singer en Outaouais<\/a> 1 mai 2021 Le Droit<\/p>\n<p><a href=\"https:\/\/www.ledroit.com\/actualites\/petite-nation\/au-tour-de-la-federation-histoire-quebec-de-demander-la-preservation-du-lodge-du-lac-simon-186bceb2e8ef4fc7580f67891d92a84f\">Au tour de la F\u00e9d\u00e9ration histoire Qu\u00e9bec de demander la pr\u00e9servation du Lodge du lac Simon<\/a> 3 mai 2021 Le Droit<\/p>\n\n\n<figure class=\"wp-block-image size-large is-resized\"><img loading=\"lazy\" decoding=\"async\" src=\"http:\/\/www.apls.ca\/wp-content\/uploads\/2021\/05\/36014-006-ACT-lodge_lac_simon.jpg\" alt=\"\" class=\"wp-image-5057\" width=\"578\" height=\"428\"\/><\/figure>\n\n<!-- FB Like Button Starbit IT Solutions BEGIN -->\n<div class=\"fb-like\" data-href=\"https:\/\/www.apls.ca\/en\/dossiers\/plage-sepaq-sao\" data-layout=\"standard\" data-action=\"like\" data-show-faces=\"true\" data-size=\"small\" data-width=\"450\" data-share=\"1\" ><\/div>\n<!-- FB Like Button Starbit IT Solutions END -->\n","protected":false},"excerpt":{"rendered":"<p>Memoire Plage Sepaq 2001 Media \u00c0 la rescousse du Lodge du lac Simon 13 avril 2021 Le Droit Une p\u00e9tition pour la pr\u00e9servation du Lodge du Lac-Simon 13 avril 2021 Le Petite Nation La mobilisation pour la sauvegarde du Lodge &hellip; <a href=\"https:\/\/www.apls.ca\/en\/dossiers\/plage-sepaq-sao\">Continue reading <span class=\"meta-nav\">&rarr;<\/span><\/a><\/p>\n","protected":false},"author":73,"featured_media":0,"parent":2304,"menu_order":0,"comment_status":"open","ping_status":"closed","template":"","meta":{"footnotes":""},"class_list":["post-2457","page","type-page","status-publish","hentry"],"_links":{"self":[{"href":"https:\/\/www.apls.ca\/en\/wp-json\/wp\/v2\/pages\/2457","targetHints":{"allow":["GET"]}}],"collection":[{"href":"https:\/\/www.apls.ca\/en\/wp-json\/wp\/v2\/pages"}],"about":[{"href":"https:\/\/www.apls.ca\/en\/wp-json\/wp\/v2\/types\/page"}],"author":[{"embeddable":true,"href":"https:\/\/www.apls.ca\/en\/wp-json\/wp\/v2\/users\/73"}],"replies":[{"embeddable":true,"href":"https:\/\/www.apls.ca\/en\/wp-json\/wp\/v2\/comments?post=2457"}],"version-history":[{"count":5,"href":"https:\/\/www.apls.ca\/en\/wp-json\/wp\/v2\/pages\/2457\/revisions"}],"predecessor-version":[{"id":5060,"href":"https:\/\/www.apls.ca\/en\/wp-json\/wp\/v2\/pages\/2457\/revisions\/5060"}],"up":[{"embeddable":true,"href":"https:\/\/www.apls.ca\/en\/wp-json\/wp\/v2\/pages\/2304"}],"wp:attachment":[{"href":"https:\/\/www.apls.ca\/en\/wp-json\/wp\/v2\/media?parent=2457"}],"curies":[{"name":"wp","href":"https:\/\/api.w.org\/{rel}","templated":true}]}}