{"id":2446,"date":"2014-09-17T10:22:31","date_gmt":"2014-09-17T14:22:31","guid":{"rendered":"http:\/\/www.apls.ca\/?page_id=2446"},"modified":"2021-05-12T07:49:44","modified_gmt":"2021-05-12T11:49:44","slug":"domaine-des-peres-sainte-croix","status":"publish","type":"page","link":"https:\/\/www.apls.ca\/en\/dossiers\/domaine-des-peres-sainte-croix","title":{"rendered":"Domaine des P\u00e8res"},"content":{"rendered":"<p><a href=\"http:\/\/www.apls.ca\/wp-content\/uploads\/2014\/09\/Bergeron-Gagnon_Cvaluation-patrimonialeDomaineDesPares.pdf\">\u00c9valuation patrimoniale du domaine des P\u00e8res par Bergeron-Gagnon<\/a>\u00a0(juin 2011)<\/p>\n<p><a href=\"http:\/\/www.apls.ca\/wp-content\/uploads\/2014\/09\/Memoire-Domaine-des-Peres-Saint-Croix-dragged-1.pdf\">M\u00e9moire Domaine des P\u00e8res Saint Croix (1\/2)<\/a>\u00a0(avril 2013)\u00a0<em><br \/><\/em><\/p>\n<p><a href=\"http:\/\/www.apls.ca\/wp-content\/uploads\/2014\/09\/Memoire-Domaine-des-Peres-Saint-Croix-dragged.pdf\">M\u00e9moire Domaine des P\u00e8res Saint Croix (2\/2)<\/a><\/p>\n<p><a href=\"http:\/\/www.apls.ca\/wp-content\/uploads\/2014\/09\/HQ-Domaine_des_p\u00e8res-Volum19-2-2013.pdf\">F\u00e9d\u00e9ration Histoire Qu\u00e9bec<\/a>\u00a0(Volume 19-2-2013)<\/p>\n<p><a href=\"http:\/\/www.apls.ca\/wp-content\/uploads\/2014\/09\/Lac-Simon.docx\">Lettre appui Michelle T\u00e9treault<\/a>\u00a0(12 juillet 2013)<\/p>\n<p><a href=\"http:\/\/www.apls.ca\/wp-content\/uploads\/2014\/09\/FHQ-Domaine-des-P\u00e8res-Sainte-Croix.pdf\">Lettre appui F\u00e9d\u00e9ration Histoire Qu\u00e9bec<\/a>\u00a0(21 juillet 2013)<\/p>\n<p><a href=\"http:\/\/www.apls.ca\/wp-content\/uploads\/2014\/09\/Appui-Camil-Bouchard-Domaine-P\u00e8res.pdf\">Lettre appui Camil Bouchard<\/a>\u00a0(24 juillet 2013)<\/p>\n<p><a href=\"http:\/\/www.apls.ca\/wp-content\/uploads\/2014\/09\/INVITATION-OFFICIELLE-\u00e0-la-conf_presse-juillet-2013.-19h12.pdf\">Invitation Conf\u00e9rence de Presse<\/a>\u00a0(26 juillet 2013)<\/p>\n<p><a href=\"http:\/\/www.apls.ca\/wp-content\/uploads\/2014\/09\/Invitatio...docx-ENG.docx\">Invitation press conference (english<\/a>)\u00a0(26 juillet 2013)<\/p>\n<p><a href=\"http:\/\/www.apls.ca\/wp-content\/uploads\/2014\/09\/Lettre.Domaine.des_.Peres_.Maka_.Kotto_.doc\">Lettre appui Matthew Farfan RPAQ<\/a>\u00a0(31 juillet 2013)<\/p>\n<p><a href=\"http:\/\/www.apls.ca\/wp-content\/uploads\/2014\/09\/Domaine-des-p\u00e8res-lettre-2.docx\">Lettre appui Myl\u00e8ne Freeman, d\u00e9put\u00e9e<\/a>\u00a0(5\u00a0ao\u00fbt 2013)<\/p>\n<p><a href=\"http:\/\/www.apls.ca\/wp-content\/uploads\/2014\/09\/GRAO_lettre_appui_lacsimon.pdf\">Lettre appui GRAO<\/a>\u00a0(21 ao\u00fbt\u00a02013)<\/p>\n<p><a href=\"http:\/\/www.apls.ca\/wp-content\/uploads\/2014\/09\/Appui_Caroline-Dumouchel.pdf\">Lettre appui Caroline Dumouchel<\/a>\u00a0(22\u00a0ao\u00fbt\u00a02013)<\/p>\n<p><a href=\"http:\/\/www.apls.ca\/wp-content\/uploads\/2014\/09\/appui-Vanessa-OLiver-Lloyd.pdf\">Lettre appui Vanessa OLiver-Lloyd<\/a>\u00a0(15 september 2013)<\/p>\n<p><a href=\"http:\/\/www.apls.ca\/wp-content\/uploads\/2014\/09\/Lettre-appui-Pierre-ippersiel.docx\">Lettre appui Pierre Ippersiel<\/a>\u00a0(26 novembre 2013)<\/p>\n<p><a href=\"http:\/\/www.apls.ca\/wp-content\/uploads\/2014\/09\/CPCQ_Demande-daudition.pdf\">Demande d'audition CPCQ<\/a>\u00a0(7 f\u00e9vrier 2014)<\/p>\n<p><a href=\"http:\/\/www.apls.ca\/wp-content\/uploads\/2014\/09\/FHQ-Domaine-des-Peres-Sainte-Croix_20140605.pdf\">Lettre appui F\u00e9d\u00e9ration Histoire Qu\u00e9bec<\/a> (5 juin 2014)<\/p>\n<p><a href=\"http:\/\/www.apls.ca\/wp-content\/uploads\/2014\/09\/Dossier_PresseComplet-en-date-du-31-mai-2014-11.15.39-AM-dragged.pdf\">Dossier presse Domaine des P\u00e8res Saint Croix (1\/2)<\/a>\u00a0(mai 2014)<\/p>\n<p><a href=\"http:\/\/www.apls.ca\/wp-content\/uploads\/2014\/09\/Dossier_PresseComplet-en-date-du-31-mai-2014-11.15.39-AM-dragged1.pdf\">Dossier presse Domaine des P\u00e8res Saint Croix (2\/2)<\/a><\/p>\n<p><a href=\"http:\/\/www.apls.ca\/wp-content\/uploads\/2017\/09\/plainte-concernant-le-permis-\u00e9mis-pour-les-travaux-sur-le-site-patrimonial-du-Domaine-des-p\u00e8res-juillet-2017.docx\">Plainte concernant le permis \u00e9mis pour les travaux sur le site patrimonial du Domaine des P\u00e8res<\/a> (ao\u00fbt 2017)<\/p>\n<p><strong>Municipalit\u00e9 de Lac-Simon<\/strong><\/p>\n<p><a href=\"http:\/\/www.apls.ca\/wp-content\/uploads\/2014\/09\/450-2012-Reglement_visant_a_citer_a_titre_de_site_patrimonial.pdf\">450-2012 Reglement visant a citer a titre de site patrimonial<\/a>\u00a0(11 janvier 2013)<\/p>\n<p><strong>Gouvernement de Qu\u00e9bec<\/strong><\/p>\n<p><a href=\"http:\/\/www2.publicationsduquebec.gouv.qc.ca\/dynamicSearch\/telecharge.php?type=2&amp;file=\/P_9_002\/P9_002.html\">Loi sur le patrimoine culturel<\/a><\/p>\n<p><a href=\"http:\/\/www.mcc.gouv.qc.ca\/fileadmin\/documents\/publications\/patrimoine\/archeologie\/archeologie_preventive_guide_pratique_nov_2013.pdf\">Guide pratique \u00e0 l\u2019intention des municipalit\u00e9s du Qu\u00e9bec<\/a><\/p>\n<p><a href=\"http:\/\/www.mcc.gouv.qc.ca\/fileadmin\/documents\/publications\/patrimoine\/situation-risque-municipalites.pdf\">Guide \u00e0 l'intention des municipalit\u00e9s \u2013 La protection des biens patrimoniaux en situation de risque<\/a><\/p>\n<p><a href=\"http:\/\/www.mcc.gouv.qc.ca\/fileadmin\/documents\/publications\/guide-gestion-paysage.pdf\">Guide de gestion des paysages au Qu\u00e9bec \u2013 Lire, comprendre et valoriser le paysage<\/a><\/p>\n\n\n<figure class=\"wp-block-image size-large is-resized\"><img loading=\"lazy\" decoding=\"async\" src=\"http:\/\/www.apls.ca\/wp-content\/uploads\/2021\/05\/1005626_10201011522544374_547790438_n.jpg\" alt=\"\" class=\"wp-image-5062\" width=\"584\" height=\"438\" srcset=\"https:\/\/www.apls.ca\/wp-content\/uploads\/2021\/05\/1005626_10201011522544374_547790438_n.jpg 400w, https:\/\/www.apls.ca\/wp-content\/uploads\/2021\/05\/1005626_10201011522544374_547790438_n-300x225.jpg 300w\" sizes=\"auto, (max-width: 584px) 100vw, 584px\" \/><\/figure>\n\n<!-- FB Like Button Starbit IT Solutions BEGIN -->\n<div class=\"fb-like\" data-href=\"https:\/\/www.apls.ca\/en\/dossiers\/domaine-des-peres-sainte-croix\" data-layout=\"standard\" data-action=\"like\" data-show-faces=\"true\" data-size=\"small\" data-width=\"450\" data-share=\"1\" ><\/div>\n<!-- FB Like Button Starbit IT Solutions END -->\n","protected":false},"excerpt":{"rendered":"<p>\u00c9valuation patrimoniale du domaine des P\u00e8res par Bergeron-Gagnon\u00a0(juin 2011) M\u00e9moire Domaine des P\u00e8res Saint Croix (1\/2)\u00a0(avril 2013)\u00a0 M\u00e9moire Domaine des P\u00e8res Saint Croix (2\/2) F\u00e9d\u00e9ration Histoire Qu\u00e9bec\u00a0(Volume 19-2-2013) Lettre appui Michelle T\u00e9treault\u00a0(12 juillet 2013) Lettre appui F\u00e9d\u00e9ration Histoire Qu\u00e9bec\u00a0(21 juillet &hellip; <a href=\"https:\/\/www.apls.ca\/en\/dossiers\/domaine-des-peres-sainte-croix\">Continue reading <span class=\"meta-nav\">&rarr;<\/span><\/a><\/p>\n","protected":false},"author":73,"featured_media":0,"parent":2304,"menu_order":0,"comment_status":"open","ping_status":"closed","template":"","meta":{"footnotes":""},"class_list":["post-2446","page","type-page","status-publish","hentry"],"_links":{"self":[{"href":"https:\/\/www.apls.ca\/en\/wp-json\/wp\/v2\/pages\/2446","targetHints":{"allow":["GET"]}}],"collection":[{"href":"https:\/\/www.apls.ca\/en\/wp-json\/wp\/v2\/pages"}],"about":[{"href":"https:\/\/www.apls.ca\/en\/wp-json\/wp\/v2\/types\/page"}],"author":[{"embeddable":true,"href":"https:\/\/www.apls.ca\/en\/wp-json\/wp\/v2\/users\/73"}],"replies":[{"embeddable":true,"href":"https:\/\/www.apls.ca\/en\/wp-json\/wp\/v2\/comments?post=2446"}],"version-history":[{"count":38,"href":"https:\/\/www.apls.ca\/en\/wp-json\/wp\/v2\/pages\/2446\/revisions"}],"predecessor-version":[{"id":5142,"href":"https:\/\/www.apls.ca\/en\/wp-json\/wp\/v2\/pages\/2446\/revisions\/5142"}],"up":[{"embeddable":true,"href":"https:\/\/www.apls.ca\/en\/wp-json\/wp\/v2\/pages\/2304"}],"wp:attachment":[{"href":"https:\/\/www.apls.ca\/en\/wp-json\/wp\/v2\/media?parent=2446"}],"curies":[{"name":"wp","href":"https:\/\/api.w.org\/{rel}","templated":true}]}}