{"id":2365,"date":"2014-09-16T10:57:28","date_gmt":"2014-09-16T14:57:28","guid":{"rendered":"http:\/\/www.apls.ca\/?page_id=2365"},"modified":"2023-07-06T08:21:01","modified_gmt":"2023-07-06T12:21:01","slug":"assemblee-generale-2","status":"publish","type":"page","link":"https:\/\/www.apls.ca\/en\/contacts\/assemblee-generale-2","title":{"rendered":"Assembl\u00e9e g\u00e9n\u00e9rales"},"content":{"rendered":"<p><a href=\"http:\/\/www.apls.ca\/wp-content\/uploads\/2014\/09\/Convocation200711.doc\">Assembl\u00e9e g\u00e9n\u00e9rales 2007<\/a><\/p>\n<p><a href=\"http:\/\/www.apls.ca\/wp-content\/uploads\/2014\/09\/APLSAssemGen20081.doc\">Assembl\u00e9e g\u00e9n\u00e9rales 2008<\/a><\/p>\n<p><a href=\"http:\/\/www.apls.ca\/wp-content\/uploads\/2014\/09\/Ordre-du-jour-27-mai-2011.rtf\">Assembl\u00e9e g\u00e9n\u00e9rales 2011<\/a><\/p>\n<p><a href=\"http:\/\/www.apls.ca\/wp-content\/uploads\/2014\/09\/Convocation-AG-2012.doc\">Assembl\u00e9e g\u00e9n\u00e9rales 2012<\/a><\/p>\n<p><a href=\"http:\/\/www.apls.ca\/wp-content\/uploads\/2014\/09\/Convocation-AGA-27-juillet-2014.docx\">Assembl\u00e9e g\u00e9n\u00e9rales 2014<\/a><\/p>\n<p><a href=\"http:\/\/www.apls.ca\/wp-content\/uploads\/2015\/07\/AGA-APLS-26_07_2015_odj4.pdf\" target=\"_blank\" rel=\"noopener noreferrer\">Assembl\u00e9e g\u00e9n\u00e9rales 2015<\/a><\/p>\n<p><a href=\"http:\/\/www.apls.ca\/wp-content\/uploads\/2017\/06\/AGA-APLS-odj-2016-pdf.pdf\">Assembl\u00e9e g\u00e9n\u00e9rales 2016<\/a><\/p>\n<p><a href=\"http:\/\/www.apls.ca\/wp-content\/uploads\/2017\/07\/AGA-20-08-2017-PDF.pdf\">Assembl\u00e9e g\u00e9n\u00e9rales 2017<\/a><\/p>\n<p><a href=\"http:\/\/www.apls.ca\/wp-content\/uploads\/2018\/06\/ODJ-AGA-2018.pdf\">Assembl\u00e9e g\u00e9n\u00e9rales 2018<\/a><\/p>\n<p><a href=\"http:\/\/www.apls.ca\/wp-content\/uploads\/2021\/07\/ODJ-AGA-7-7-2019.pdf\"><span data-offset-key=\"j4bn-0-0\">Assembl\u00e9e g\u00e9n\u00e9rales 2019<\/span><\/a><\/p>\n<p><span data-offset-key=\"j4bn-0-0\">Assembl\u00e9e g\u00e9n\u00e9rales 2020 (annul\u00e9 \/ covid-19)<\/span><\/p>\n<p><a href=\"http:\/\/www.apls.ca\/wp-content\/uploads\/2021\/08\/CONVOCATION-ET-ORDRE-DU-JOUR-AGA-2021.pdf\"><span data-offset-key=\"j4bn-0-0\">Assembl\u00e9e g\u00e9n\u00e9rales 2021<\/span><\/a><\/p>\n<p><a href=\"http:\/\/www.apls.ca\/wp-content\/uploads\/2023\/07\/Convocation-et-ODJ-AGA-2022.pdf\">Assembl\u00e9e g\u00e9n\u00e9rales 2022<\/a><\/p>\n<p><a href=\"https:\/\/www.apls.ca\/wp-content\/uploads\/2023\/07\/Convocation-et-ODJ-9-7-2023-PDF.pdf\">Assembl\u00e9e g\u00e9n\u00e9rales 2023<\/a><\/p>\n\n<!-- FB Like Button Starbit IT Solutions BEGIN -->\n<div class=\"fb-like\" data-href=\"https:\/\/www.apls.ca\/en\/contacts\/assemblee-generale-2\" data-layout=\"standard\" data-action=\"like\" data-show-faces=\"true\" data-size=\"small\" data-width=\"450\" data-share=\"1\" ><\/div>\n<!-- FB Like Button Starbit IT Solutions END -->\n","protected":false},"excerpt":{"rendered":"<p>Assembl\u00e9e g\u00e9n\u00e9rales 2007 Assembl\u00e9e g\u00e9n\u00e9rales 2008 Assembl\u00e9e g\u00e9n\u00e9rales 2011 Assembl\u00e9e g\u00e9n\u00e9rales 2012 Assembl\u00e9e g\u00e9n\u00e9rales 2014 Assembl\u00e9e g\u00e9n\u00e9rales 2015 Assembl\u00e9e g\u00e9n\u00e9rales 2016 Assembl\u00e9e g\u00e9n\u00e9rales 2017 Assembl\u00e9e g\u00e9n\u00e9rales 2018 Assembl\u00e9e g\u00e9n\u00e9rales 2019 Assembl\u00e9e g\u00e9n\u00e9rales 2020 (annul\u00e9 \/ covid-19) Assembl\u00e9e g\u00e9n\u00e9rales 2021 Assembl\u00e9e &hellip; <a href=\"https:\/\/www.apls.ca\/en\/contacts\/assemblee-generale-2\">Continue reading <span class=\"meta-nav\">&rarr;<\/span><\/a><\/p>\n","protected":false},"author":73,"featured_media":0,"parent":146,"menu_order":0,"comment_status":"open","ping_status":"closed","template":"","meta":{"footnotes":""},"class_list":["post-2365","page","type-page","status-publish","hentry"],"_links":{"self":[{"href":"https:\/\/www.apls.ca\/en\/wp-json\/wp\/v2\/pages\/2365","targetHints":{"allow":["GET"]}}],"collection":[{"href":"https:\/\/www.apls.ca\/en\/wp-json\/wp\/v2\/pages"}],"about":[{"href":"https:\/\/www.apls.ca\/en\/wp-json\/wp\/v2\/types\/page"}],"author":[{"embeddable":true,"href":"https:\/\/www.apls.ca\/en\/wp-json\/wp\/v2\/users\/73"}],"replies":[{"embeddable":true,"href":"https:\/\/www.apls.ca\/en\/wp-json\/wp\/v2\/comments?post=2365"}],"version-history":[{"count":20,"href":"https:\/\/www.apls.ca\/en\/wp-json\/wp\/v2\/pages\/2365\/revisions"}],"predecessor-version":[{"id":6238,"href":"https:\/\/www.apls.ca\/en\/wp-json\/wp\/v2\/pages\/2365\/revisions\/6238"}],"up":[{"embeddable":true,"href":"https:\/\/www.apls.ca\/en\/wp-json\/wp\/v2\/pages\/146"}],"wp:attachment":[{"href":"https:\/\/www.apls.ca\/en\/wp-json\/wp\/v2\/media?parent=2365"}],"curies":[{"name":"wp","href":"https:\/\/api.w.org\/{rel}","templated":true}]}}