{"id":2358,"date":"2014-09-16T10:54:31","date_gmt":"2014-09-16T14:54:31","guid":{"rendered":"http:\/\/www.apls.ca\/?page_id=2358"},"modified":"2026-05-17T09:23:02","modified_gmt":"2026-05-17T13:23:02","slug":"communiques","status":"publish","type":"page","link":"https:\/\/www.apls.ca\/en\/documents\/communiques","title":{"rendered":"Communiqu\u00e9s"},"content":{"rendered":"<p><a href=\"http:\/\/www.apls.ca\/wp-content\/uploads\/2014\/09\/Communiqu\u00e9\u00c9pursol.doc\">Communiqu\u00e9 \u00c9pursol<\/a>\u00a01 septembre 2008<\/p>\n<p><a href=\"http:\/\/www.apls.ca\/wp-content\/uploads\/2014\/09\/Communiqu\u00e9-de-presse-21-juin-2010.doc\">Communiqu\u00e9 Prot\u00e9ger Ile Canard Blanc<\/a>\u00a021 juin 2010<\/p>\n<p><a href=\"http:\/\/www.apls.ca\/wp-content\/uploads\/2014\/09\/Lettre-au-proprio-de-Lac-simon-dossier-ile-fr.ang_.doc\">Communiqu\u00e9 S\u00e9ance Information Ile Canard Blanc<\/a>\u00a031 mai 2010<\/p>\n<p><a href=\"http:\/\/www.apls.ca\/wp-content\/uploads\/2014\/09\/ARGUMENTAIRE-APLS-19-juin-2.doc\">Communiqu\u00e9 Municipalit\u00e9 de Lac Simon -\u00a0Ile Canard Blanc<\/a>\u00a019 juin 2010<\/p>\n<p><a href=\"http:\/\/www.apls.ca\/wp-content\/uploads\/2014\/09\/Lettre-MRC-\u00c9tude-qualit\u00e9-bande-rveraine.doc\">Communiqu\u00e9 MRC Papineau Ile Canard Blanc<\/a>\u00a02 octobre 2010<\/p>\n<p><a href=\"http:\/\/www.apls.ca\/wp-content\/uploads\/2014\/09\/Lettre-27-PAPLS.docx\">Communiqu\u00e9 Municipalit\u00e9 de Lac Simon\u00a0- Zone 27P<\/a>\u00a05\u00a0ao\u00fbt\u00a02013<\/p>\n<p><a href=\"http:\/\/www.apls.ca\/wp-content\/uploads\/2014\/09\/APLS_plainte_MAMROT_VFzone27P-ao\u00fbt2013.pdf\">Communiqu\u00e9 Plainte a MAMROT - Zone 27P<\/a>\u00a026 ao\u00fbt\u00a02013<\/p>\n<p><a href=\"http:\/\/www.apls.ca\/wp-content\/uploads\/2014\/09\/POSITION-DE-LAPLS.doc\">Position de APLS - Zone 27P<\/a>\u00a0septembre 2013<\/p>\n<p><a href=\"http:\/\/www.apls.ca\/wp-content\/uploads\/2014\/09\/lettre-aux-citoyens-consultation-publique-16-mai3.pdf\" target=\"_blank\" rel=\"noopener noreferrer\">Communiqu\u00e9 #1 sur\u00a0la r\u00e9vision du plan d\u2019urbanisme par la municipalit\u00e9 de Lac-Simon<\/a> mai 2015<\/p>\n<p><a href=\"http:\/\/www.apls.ca\/wp-content\/uploads\/2014\/09\/Protection-du-lac-Simon-virage-\u00e0-180\u00b0PLUS_2-3.pdf\" target=\"_blank\" rel=\"noopener noreferrer\">Communiqu\u00e9 #2 sur\u00a0la r\u00e9vision du plan d\u2019urbanisme par la municipalit\u00e9 de Lac-Simon<\/a> juin 2015<\/p>\n<p><a href=\"http:\/\/www.apls.ca\/wp-content\/uploads\/2015\/08\/Lettre-registre-08-2015.pdf\" target=\"_blank\" rel=\"noopener noreferrer\">Communiqu\u00e9 #3 sur la r\u00e9vision du plan d\u2019urbanisme par la municipalit\u00e9 de Lac-Simon<\/a> \u00a0ao\u00fbt 2015<\/p>\n<p><a href=\"http:\/\/www.apls.ca\/wp-content\/uploads\/2017\/11\/Mot-du-pr\u00e9sident-\u00e9lections-2017.pdf\">Mot du pr\u00e9sident \u00e9lections 2017<\/a>\u00a0octobre 2017<\/p>\n<p><a href=\"http:\/\/www.apls.ca\/wp-content\/uploads\/2019\/02\/communiqu\u00e9-R\u00e9action-\u00e0-la-date-18-01-2019-consultation-publique-du-25-janvier-2019.docx\">Communiqu\u00e9 R\u00e9action \u00e0 la date 18-01-2019 sur la consultation publique du 25 janvier 2019<\/a> janvier 2019<\/p>\n<p><a href=\"http:\/\/www.apls.ca\/wp-content\/uploads\/2019\/02\/communiqu\u00e9-citoyens-12-02-2019-1.docx\">Communiqu\u00e9 Nouvel h\u00f4tel de ville &amp; centre multi-fonctionnel 07-02-2019\u00a0au municipalit\u00e9 Lac Simon<\/a>\u00a0#1 f\u00e9vrier 2019<\/p>\n<p><a href=\"http:\/\/www.apls.ca\/wp-content\/uploads\/2019\/02\/communiqu\u00e9-citoyens-12-02-2019-finale.docx\">Communiqu\u00e9 Nouvel h\u00f4tel de ville &amp; centre multi-fonctionnel 12-02-2019\u00a0au municipalit\u00e9 Lac Simon<\/a>\u00a0#2 f\u00e9vrier 2019<\/p>\n<p><a href=\"http:\/\/www.apls.ca\/wp-content\/uploads\/2019\/05\/Duhamel-Lettre-Appui-Programme-Primada-Duhamel.pdf\">Lettre Appui Programme Primada Duhamel<\/a> 2019<\/p>\n<p><a href=\"http:\/\/www.apls.ca\/wp-content\/uploads\/2019\/05\/Lac-Simon-Appui-pr\u00e9sentation-dun-projet-programme-PRIMADA-.pdf\">Lettre Appui Programme Primada Lac-Simon<\/a> 2019<\/p>\n<p><a href=\"http:\/\/www.apls.ca\/wp-content\/uploads\/2019\/07\/Lettre-remerciement-Ugo-Lapointe.pdf\">Lettre remerciement Ugo Lapointe \/ Pour que le Qu\u00e9bec ait meilleure mine<\/a>\u00a02019<\/p>\n<p><a href=\"http:\/\/www.apls.ca\/wp-content\/uploads\/2019\/07\/Lettre-remerciement-inondations-2019-maire-de-Duhamel.pdf\">Lettre remerciement inondations 2019 maire de Duhamel<\/a> 2019<\/p>\n<p><a href=\"http:\/\/www.apls.ca\/wp-content\/uploads\/2019\/07\/Lettre-remerciement-et-strat\u00e9gie-pr\u00e9vention-maire-Lac-Simon.pdf\">Lettre remerciement et strat\u00e9gie pr\u00e9vention maire Lac Simon<\/a> 2019<\/p>\n<p><a href=\"http:\/\/www.apls.ca\/wp-content\/uploads\/2020\/12\/APLS-Lettre-annon\u00e7ant-la-cr\u00e9ation-de-la-page-Facebook_v2.pdf\">Lettre annon\u00e7ant la cr\u00e9ation de la page Facebook du Regroupement de Protection des Lacs de la Petite Nation<\/a> 2020<\/p>\n<p><a href=\"http:\/\/www.apls.ca\/wp-content\/uploads\/2021\/08\/Projet-de-Reglements-M\u00e9moire-APLS-2021.pdf\" data-wplink-edit=\"true\">Projet de Reglements -M\u00e9moire APLS<\/a> 2021<\/p>\n<p class=\"p1\"><a href=\"https:\/\/www.apls.ca\/wp-content\/uploads\/2025\/07\/Referendum-du-31-aout-copy.jpg\">R\u00e9f\u00e9rendum minier: Le 31 ao\u00fbt, je vote NON! <\/a>2025<\/p>\n\n\n<p><\/p>\n","protected":false},"excerpt":{"rendered":"<p>Communiqu\u00e9 \u00c9pursol\u00a01 septembre 2008 Communiqu\u00e9 Prot\u00e9ger Ile Canard Blanc\u00a021 juin 2010 Communiqu\u00e9 S\u00e9ance Information Ile Canard Blanc\u00a031 mai 2010 Communiqu\u00e9 Municipalit\u00e9 de Lac Simon &#8211;\u00a0Ile Canard Blanc\u00a019 juin 2010 Communiqu\u00e9 MRC Papineau Ile Canard Blanc\u00a02 octobre 2010 Communiqu\u00e9 Municipalit\u00e9 de &hellip; <a href=\"https:\/\/www.apls.ca\/en\/documents\/communiques\">Continue reading <span class=\"meta-nav\">&rarr;<\/span><\/a><\/p>\n","protected":false},"author":73,"featured_media":0,"parent":2355,"menu_order":2,"comment_status":"open","ping_status":"closed","template":"","meta":{"footnotes":""},"class_list":["post-2358","page","type-page","status-publish","hentry"],"_links":{"self":[{"href":"https:\/\/www.apls.ca\/en\/wp-json\/wp\/v2\/pages\/2358","targetHints":{"allow":["GET"]}}],"collection":[{"href":"https:\/\/www.apls.ca\/en\/wp-json\/wp\/v2\/pages"}],"about":[{"href":"https:\/\/www.apls.ca\/en\/wp-json\/wp\/v2\/types\/page"}],"author":[{"embeddable":true,"href":"https:\/\/www.apls.ca\/en\/wp-json\/wp\/v2\/users\/73"}],"replies":[{"embeddable":true,"href":"https:\/\/www.apls.ca\/en\/wp-json\/wp\/v2\/comments?post=2358"}],"version-history":[{"count":40,"href":"https:\/\/www.apls.ca\/en\/wp-json\/wp\/v2\/pages\/2358\/revisions"}],"predecessor-version":[{"id":6628,"href":"https:\/\/www.apls.ca\/en\/wp-json\/wp\/v2\/pages\/2358\/revisions\/6628"}],"up":[{"embeddable":true,"href":"https:\/\/www.apls.ca\/en\/wp-json\/wp\/v2\/pages\/2355"}],"wp:attachment":[{"href":"https:\/\/www.apls.ca\/en\/wp-json\/wp\/v2\/media?parent=2358"}],"curies":[{"name":"wp","href":"https:\/\/api.w.org\/{rel}","templated":true}]}}