{"id":2357,"date":"2014-09-16T10:54:01","date_gmt":"2014-09-16T14:54:01","guid":{"rendered":"http:\/\/www.apls.ca\/?page_id=2357"},"modified":"2021-05-10T07:35:43","modified_gmt":"2021-05-10T11:35:43","slug":"rapports-2","status":"publish","type":"page","link":"https:\/\/www.apls.ca\/en\/documents\/rapports-2","title":{"rendered":"Rapports"},"content":{"rendered":"<p><a href=\"http:\/\/www.apls.ca\/wp-content\/uploads\/2014\/09\/sondage-2004.pdf\">Sondage APLS<\/a>\u00a0(2004)<\/p>\n<p><a href=\"http:\/\/www.apls.ca\/wp-content\/uploads\/2014\/09\/HCI-\u00c9tatdesant\u00e9dulacSimon.pdf\">L'\u00c9tat de sant\u00e9 du Lac Simon<\/a>\u00a0(2005 Groupe H\u00e9misph\u00e8re)<\/p>\n<p><a href=\"http:\/\/www.apls.ca\/wp-content\/uploads\/2014\/09\/Letat-du-sante-Lac-Viceroy-part-1.pdf\">L\u2019\u00c9tat de sant\u00e9 Lac Viceroy (1\/2)<\/a>\u00a0(2005 Groupe H\u00e9misph\u00e8re)<\/p>\n<p><a href=\"http:\/\/www.apls.ca\/wp-content\/uploads\/2014\/09\/Letat-du-sante-Lac-Viceroy-part-2.pdf\">L\u2019\u00c9tat de sant\u00e9 Lac Viceroy (2\/2)<\/a>\u00a0(2005 Groupe H\u00e9misph\u00e8re)<\/p>\n<p><strong>Municipalit\u00e9 de Duhamel<\/strong><\/p>\n<p><a href=\"http:\/\/www.apls.ca\/wp-content\/uploads\/2014\/09\/Plan-Urbanisme-et-de-developpement-Duhamel.pdf\">Plan d'urbanisme et de d\u00e9veloppement durable Duhamel<\/a>\u00a0(2013 IBI\/DAA)<\/p>\n<p><a href=\"http:\/\/www.apls.ca\/wp-content\/uploads\/2021\/05\/rapport_lac_simon_2017.pdf\">Caract\u00e9risation des Herbiers de Plantes Aquatiques Lac Simon<\/a>\u00a0(2017 \/\u00a0OBV RPNS)<\/p>\n<p><a href=\"http:\/\/www.apls.ca\/wp-content\/uploads\/2021\/05\/plan_gestion_risques_myriophylle_epis.pdf\">Projet de gestion des risques d'introduction du myriophylle \u00e0 \u00e9pis dans les lacs de Duhamel<\/a> (2020 \/\u00a0OBV RPNS)<\/p>\n<p><strong>Municipalit\u00e9 de Lac Simon<\/strong><\/p>\n<p><a href=\"http:\/\/www.apls.ca\/wp-content\/uploads\/2014\/08\/MilieuxHumides_RapportHemisphere_LacSimon_2010.pdf\">Cartographie des milieux humides<\/a>\u00a0(2010 Groupe H\u00e9misph\u00e8re)<\/p>\n<p><a href=\"http:\/\/www.apls.ca\/wp-content\/uploads\/2014\/09\/rapport-Lac-Barri\u00e8re-part-1.pdf\">R\u00e9am\u00e9nagement des berges - rapport 2011<\/a>\u00a0(1\/2)\u00a0Rapport estival 2011 de l'\u00e9tat du rivage du lac Barri\u00e8re \u00e0 la concert'A.C.T.I.O.N.S<\/p>\n<p><a href=\"http:\/\/www.apls.ca\/wp-content\/uploads\/2014\/09\/rapport-Lac-Barri\u00e8re-part-2.pdf\">R\u00e9am\u00e9nagement des berges - rapport 2011<\/a> (2\/2)<\/p>\n<p><a href=\"http:\/\/www.apls.ca\/wp-content\/uploads\/2014\/09\/Vision-Strategique-dAmenagement-et-de-developpement-Lac-Simon-2035-2011-08-13-14.pdf\">Vision Strategique d'Amenagement et de developpement Lac-Simon 2035<\/a>\u00a0(2011\u00a0IBI\/DAA)<\/p>\n<p><a href=\"http:\/\/www.apls.ca\/wp-content\/uploads\/2014\/09\/Plan-durbanisme-et-de-developpement-Durable-Lac-Simon_FINAL-POUR-PUBLICATION-2012-10-04.pdf\">Plan d'urbanisme et de D\u00e9veloppement Durable Lac-Simon<\/a>\u00a0\u00a0(octobre 2012\u00a0IBI\/DAA)<\/p>\n<p><a href=\"http:\/\/www.apls.ca\/wp-content\/uploads\/2014\/09\/Plan-vert-septembre-2013.doc\">Plan vert<\/a>\u00a0(septembre 2013)<\/p>\n<p><a href=\"http:\/\/www.apls.ca\/wp-content\/uploads\/2014\/09\/UNE-POLITIQUE-ENVIRONNEMENTALEsept.-2013.doc\">Politique environnemental<\/a>\u00a0(septembre 2013)<\/p>\n<p><a href=\"http:\/\/www.apls.ca\/wp-content\/uploads\/2014\/08\/Hemis_M199-02-13_Rapport_131129_VF.pdf\">Bilan de sant\u00e9 de cinq baies des lacs Simon et Barri\u00e8re<\/a> (2013 Groupe H\u00e9misph\u00e8re)<\/p>\n<p><a href=\"http:\/\/www.apls.ca\/wp-content\/uploads\/2014\/09\/Lac-Simon_InventairePCM_final1.pdf\">Inventaire des \u00e9missions de gaz \u00e0 effet de serre<\/a>\u00a0(2013 CIMA)<\/p>\n<p><a href=\"http:\/\/www.apls.ca\/wp-content\/uploads\/2014\/09\/Lac-Simon_PlanActionPCM_final.pdf\">Plan d\u2019action visant la r\u00e9duction des \u00e9missions de gaz \u00e0 effet de serre<\/a>\u00a0(2013 CIMA)<\/p>\n<p><a href=\"http:\/\/www.apls.ca\/wp-content\/uploads\/2014\/09\/Politique-environnementale-pour-consultation-publique.pdf\">Politique environnementale pour consultation publique<\/a>\u00a0(juillet 2014 Projets Citoyens Qu\u00e9bec)<\/p>\n<p><a href=\"http:\/\/www.apls.ca\/wp-content\/uploads\/2014\/09\/Rapport-de-consultation-publique-Lac-Simon.pdf\">Rapport de consultation publique Lac-Simon<\/a>\u00a0(ao\u00fbt\u00a02014 Projets Citoyens Qu\u00e9bec)<\/p>\n<p><a href=\"http:\/\/www.apls.ca\/wp-content\/uploads\/2017\/04\/Caracterisation-des-herbiers-de-plantes-aquatiques-des-lacs-Simon-et-Barriere-ete-2016.pdf\">Caract\u00e9risation des Herbiers de Plantes Aquatiques\u00a0Lac Simon et Lac Barri\u00e8re<\/a>\u00a0(\u00e9t\u00e9 2016\u00a0L\u2019OBV RPNS)<\/p>\n<p><a href=\"http:\/\/www.apls.ca\/wp-content\/uploads\/2017\/05\/Projet20Carrefour20Communautaire.pdf\">Nouvelle Mairie &amp; Salle Communautaire<\/a> @ Municipalit\u00e9 de Lac Simon (mai 2017)<\/p>\n<p><a href=\"http:\/\/www.apls.ca\/wp-content\/uploads\/2021\/05\/Rapport-ruisseau-Raphael-Pilon.pdf\">Rapport ruisseau Raphael-Pilon<\/a> (Claudine Murray \/ Technologue professionnelle en bio\u00e9cologie 2020)<\/p>\n<p><strong>Organisme de Bassins Versants (OBV RPNS)<\/strong><\/p>\n\n\n<p>Plan directeur du bassin versant du lac Simon, \u00e0 Lac-Simon et Duhamel (30 novembre 2020) <a href=\"http:\/\/www.apls.ca\/wp-content\/uploads\/2021\/02\/rapport_complet_lac_simon_vf_0.pdf\">http:\/\/www.apls.ca\/wp-content\/uploads\/2021\/02\/rapport_complet_lac_simon_vf_0.pdf<\/a><\/p>\n\n\n\n<p>Projet de gestion des risques d'introduction du myriophylle \u00e0 \u00e9pis dans les lacs de Duhamel (2020) <a href=\"http:\/\/www.apls.ca\/wp-content\/uploads\/2021\/02\/plan_gestion_risques_myriophylle_epis.pdf\">http:\/\/www.apls.ca\/wp-content\/uploads\/2021\/02\/plan_gestion_risques_myriophylle_epis.pdf<\/a><\/p>\n\n\n<div class=\"page\" title=\"Page 1\">\n<div class=\"section\">\n<div class=\"layoutArea\">\n<div class=\"column\">\n<p><a href=\"http:\/\/www.apls.ca\/wp-content\/uploads\/2016\/07\/rapport_lac-simon_2015_vf_2_version_web_0.pdf\">Rapport de projet:\u00a0Bandes riveraines en sant\u00e9 \u00e0 Lac-Simon (Lacs Simon, Barri\u00e8re et Viceroy<\/a>)\u00a0\u00e9t\u00e9 2015<\/p>\n<\/div>\n<\/div>\n<\/div>\n<\/div>\n<p><a href=\"http:\/\/www.apls.ca\/wp-content\/uploads\/2016\/07\/br_lac_simon_2014.pdf\">Caract\u00e9risation, Am\u00e9nagement et Suivi Bandes Riveraines Lac-Simon<\/a> \u00e9t\u00e9 2014<\/p>\n<p><strong>Rapports MRC Papineau<\/strong><\/p>\n<p><a href=\"http:\/\/www.apls.ca\/wp-content\/uploads\/2014\/09\/PDI-Petite-Nation_RAPPORT-FINAL_septembre-2004.pdf\">Plan D\u00e9veloppement Int\u00e9gr\u00e9 de la rivi\u00e8re Petite-Nation<\/a>\u00a0(2004)<\/p>\n<p><a href=\"http:\/\/www.apls.ca\/wp-content\/uploads\/2014\/09\/INVENTAIRE-DES-PLANTES-RARES_ile_canard_blanc.doc\">Inventaire des plantes rares Ile Canard Blanc<\/a>\u00a0(2008\/09)<\/p>\n<p><strong>Rapports r\u00e9gionaux d'int\u00e9rets\u200f<\/strong><\/p>\n<p><a href=\"http:\/\/www.apls.ca\/wp-content\/uploads\/2014\/09\/PPW-Sensibilisation-MILIEU-HUMIDE-SUPER.pdf\">Sensibilisation Milieu Humide<\/a><\/p>\n<p><a href=\"http:\/\/www.apls.ca\/wp-content\/uploads\/2014\/09\/Portrait-COMPLET-du-bassin-versant.pdf\">Portrait Complet du Bassin Versant - OBV<\/a>\u00a0(2011)<\/p>\n<p><a href=\"http:\/\/www.apls.ca\/wp-content\/uploads\/2014\/09\/milieux_humides_dinteret_outaouais_2013.pdf\">Milieux Humides D'int\u00e9r\u00eat Outaouais<\/a>\u00a0(2013)<\/p>\n<p><a href=\"http:\/\/www.apls.ca\/wp-content\/uploads\/2014\/09\/20110530_Sites-fauniques-dinteret_Approuve.pdf\" target=\"_blank\" rel=\"noopener noreferrer\">Sites Fauniques D'int\u00e9r\u00eat Outaouais<\/a> (2011)<\/p>\n<!-- FB Like Button Starbit IT Solutions BEGIN -->\n<div class=\"fb-like\" data-href=\"https:\/\/www.apls.ca\/en\/documents\/rapports-2\" data-layout=\"standard\" data-action=\"like\" data-show-faces=\"true\" data-size=\"small\" data-width=\"450\" data-share=\"1\" ><\/div>\n<!-- FB Like Button Starbit IT Solutions END -->\n","protected":false},"excerpt":{"rendered":"<p>Sondage APLS\u00a0(2004) L&#8217;\u00c9tat de sant\u00e9 du Lac Simon\u00a0(2005 Groupe H\u00e9misph\u00e8re) L\u2019\u00c9tat de sant\u00e9 Lac Viceroy (1\/2)\u00a0(2005 Groupe H\u00e9misph\u00e8re) L\u2019\u00c9tat de sant\u00e9 Lac Viceroy (2\/2)\u00a0(2005 Groupe H\u00e9misph\u00e8re) Municipalit\u00e9 de Duhamel Plan d&#8217;urbanisme et de d\u00e9veloppement durable Duhamel\u00a0(2013 IBI\/DAA) Caract\u00e9risation des Herbiers &hellip; <a href=\"https:\/\/www.apls.ca\/en\/documents\/rapports-2\">Continue reading <span class=\"meta-nav\">&rarr;<\/span><\/a><\/p>\n","protected":false},"author":73,"featured_media":0,"parent":2355,"menu_order":0,"comment_status":"open","ping_status":"closed","template":"","meta":{"footnotes":""},"class_list":["post-2357","page","type-page","status-publish","hentry"],"_links":{"self":[{"href":"https:\/\/www.apls.ca\/en\/wp-json\/wp\/v2\/pages\/2357","targetHints":{"allow":["GET"]}}],"collection":[{"href":"https:\/\/www.apls.ca\/en\/wp-json\/wp\/v2\/pages"}],"about":[{"href":"https:\/\/www.apls.ca\/en\/wp-json\/wp\/v2\/types\/page"}],"author":[{"embeddable":true,"href":"https:\/\/www.apls.ca\/en\/wp-json\/wp\/v2\/users\/73"}],"replies":[{"embeddable":true,"href":"https:\/\/www.apls.ca\/en\/wp-json\/wp\/v2\/comments?post=2357"}],"version-history":[{"count":63,"href":"https:\/\/www.apls.ca\/en\/wp-json\/wp\/v2\/pages\/2357\/revisions"}],"predecessor-version":[{"id":4955,"href":"https:\/\/www.apls.ca\/en\/wp-json\/wp\/v2\/pages\/2357\/revisions\/4955"}],"up":[{"embeddable":true,"href":"https:\/\/www.apls.ca\/en\/wp-json\/wp\/v2\/pages\/2355"}],"wp:attachment":[{"href":"https:\/\/www.apls.ca\/en\/wp-json\/wp\/v2\/media?parent=2357"}],"curies":[{"name":"wp","href":"https:\/\/api.w.org\/{rel}","templated":true}]}}