{"id":2355,"date":"2014-09-16T10:53:17","date_gmt":"2014-09-16T14:53:17","guid":{"rendered":"http:\/\/www.apls.ca\/?page_id=2355"},"modified":"2014-09-21T19:48:55","modified_gmt":"2014-09-21T23:48:55","slug":"documents","status":"publish","type":"page","link":"https:\/\/www.apls.ca\/en\/documents","title":{"rendered":"Documents"},"content":{"rendered":"<p><strong><a href=\"https:\/\/www.apls.ca\/en\/documents\/loisirs-et-sports\">Cartes loisirs et sports<\/a><\/strong><\/p>\n<p><strong><a href=\"https:\/\/www.apls.ca\/en\/documents\/communique\">Communiqu\u00e9s<\/a><\/strong><\/p>\n<p><strong><a href=\"https:\/\/www.apls.ca\/en\/contacts\/un-bref-historique\/ligue-de-citoyens\">Ligue de Citoyens<\/a><\/strong><\/p>\n<p><strong><a href=\"https:\/\/www.apls.ca\/en\/documents\/medias\">M\u00e9dias<\/a><\/strong><\/p>\n<p><strong><a href=\"https:\/\/www.apls.ca\/en\/documents\/memoires\">M\u00e9moires<\/a><\/strong><\/p>\n<p><strong><a href=\"https:\/\/www.apls.ca\/en\/documents\/rapports-2\">Rapports<\/a><\/strong><\/p>\n\n<!-- FB Like Button Starbit IT Solutions BEGIN -->\n<div class=\"fb-like\" data-href=\"https:\/\/www.apls.ca\/en\/documents\" data-layout=\"standard\" data-action=\"like\" data-show-faces=\"true\" data-size=\"small\" data-width=\"450\" data-share=\"1\" ><\/div>\n<!-- FB Like Button Starbit IT Solutions END -->\n","protected":false},"excerpt":{"rendered":"<p>Cartes loisirs et sports Communiqu\u00e9s Ligue de Citoyens M\u00e9dias M\u00e9moires Rapports<\/p>\n","protected":false},"author":73,"featured_media":0,"parent":0,"menu_order":0,"comment_status":"open","ping_status":"open","template":"","meta":{"footnotes":""},"class_list":["post-2355","page","type-page","status-publish","hentry"],"_links":{"self":[{"href":"https:\/\/www.apls.ca\/en\/wp-json\/wp\/v2\/pages\/2355","targetHints":{"allow":["GET"]}}],"collection":[{"href":"https:\/\/www.apls.ca\/en\/wp-json\/wp\/v2\/pages"}],"about":[{"href":"https:\/\/www.apls.ca\/en\/wp-json\/wp\/v2\/types\/page"}],"author":[{"embeddable":true,"href":"https:\/\/www.apls.ca\/en\/wp-json\/wp\/v2\/users\/73"}],"replies":[{"embeddable":true,"href":"https:\/\/www.apls.ca\/en\/wp-json\/wp\/v2\/comments?post=2355"}],"version-history":[{"count":3,"href":"https:\/\/www.apls.ca\/en\/wp-json\/wp\/v2\/pages\/2355\/revisions"}],"predecessor-version":[{"id":2978,"href":"https:\/\/www.apls.ca\/en\/wp-json\/wp\/v2\/pages\/2355\/revisions\/2978"}],"wp:attachment":[{"href":"https:\/\/www.apls.ca\/en\/wp-json\/wp\/v2\/media?parent=2355"}],"curies":[{"name":"wp","href":"https:\/\/api.w.org\/{rel}","templated":true}]}}