{"id":2304,"date":"2014-09-15T14:39:36","date_gmt":"2014-09-15T18:39:36","guid":{"rendered":"http:\/\/www.apls.ca\/?page_id=2304"},"modified":"2016-08-02T18:27:17","modified_gmt":"2016-08-02T22:27:17","slug":"dossiers","status":"publish","type":"page","link":"https:\/\/www.apls.ca\/en\/dossiers","title":{"rendered":"Dossiers"},"content":{"rendered":"<p><strong><a href=\"https:\/\/www.apls.ca\/en\/dossiers\/algues-bleues\">Algues bleues<\/a><\/strong><\/p>\n<p><strong><a href=\"https:\/\/www.apls.ca\/en\/dossiers\/copepodes\">Cop\u00e9podes<\/a><\/strong><\/p>\n<p><strong><a href=\"https:\/\/www.apls.ca\/en\/dossiers\/developpement-durable\">D\u00e9veloppement Durable<\/a><\/strong><\/p>\n<p><strong><a href=\"https:\/\/www.apls.ca\/en\/dossiers\/domaine-des-peres-sainte-croix\">Domaine des P\u00e8res<\/a><\/strong><\/p>\n<p><strong><a href=\"https:\/\/www.apls.ca\/en\/dossiers\/evaluation-fonciere\">\u00c9valuation fonci\u00e8re<\/a><\/strong><\/p>\n<p><strong><a href=\"\/?page_id=2663\">Exploitation mini\u00e8re<\/a><\/strong><\/p>\n<ul>\n<li><strong><a href=\"http:\/\/www.apls.ca\/wp-content\/uploads\/2016\/08\/Etude-du-projet-La-Loutre-PDF.pdf\">Etude du projet La Loutre<\/a><\/strong><\/li>\n<\/ul>\n<p><strong><a href=\"https:\/\/www.apls.ca\/en\/dossiers\/ile-canard-blanc\">Ile Canard Blanc<\/a><\/strong><\/p>\n<p><strong><a href=\"https:\/\/www.apls.ca\/en\/dossiers\/les-chutes-oxbow\">Les Chutes Oxbow<\/a><\/strong><\/p>\n<p><strong><a href=\"https:\/\/www.apls.ca\/en\/dossiers\/milieu-humide\">Milieux Humides<\/a><\/strong><\/p>\n<p><strong><a href=\"https:\/\/www.apls.ca\/en\/dossiers\/plage-sepaq-sao\">Plage SEPAQ \/ SAO<\/a><\/strong><\/p>\n<p><strong><a href=\"https:\/\/www.apls.ca\/en\/dossiers\/qualite-de-leau-a-la-plage-municipal\">Qualit\u00e9 de l\u2019eau<\/a><\/strong><\/p>\n\n<!-- FB Like Button Starbit IT Solutions BEGIN -->\n<div class=\"fb-like\" data-href=\"https:\/\/www.apls.ca\/en\/dossiers\" data-layout=\"standard\" data-action=\"like\" data-show-faces=\"true\" data-size=\"small\" data-width=\"450\" data-share=\"1\" ><\/div>\n<!-- FB Like Button Starbit IT Solutions END -->\n","protected":false},"excerpt":{"rendered":"<p>Algues bleues Cop\u00e9podes D\u00e9veloppement Durable Domaine des P\u00e8res \u00c9valuation fonci\u00e8re Exploitation mini\u00e8re Etude du projet La Loutre Ile Canard Blanc Les Chutes Oxbow Milieux Humides Plage SEPAQ \/ SAO Qualit\u00e9 de l\u2019eau<\/p>\n","protected":false},"author":73,"featured_media":0,"parent":0,"menu_order":0,"comment_status":"open","ping_status":"closed","template":"","meta":{"footnotes":""},"class_list":["post-2304","page","type-page","status-publish","hentry"],"_links":{"self":[{"href":"https:\/\/www.apls.ca\/en\/wp-json\/wp\/v2\/pages\/2304","targetHints":{"allow":["GET"]}}],"collection":[{"href":"https:\/\/www.apls.ca\/en\/wp-json\/wp\/v2\/pages"}],"about":[{"href":"https:\/\/www.apls.ca\/en\/wp-json\/wp\/v2\/types\/page"}],"author":[{"embeddable":true,"href":"https:\/\/www.apls.ca\/en\/wp-json\/wp\/v2\/users\/73"}],"replies":[{"embeddable":true,"href":"https:\/\/www.apls.ca\/en\/wp-json\/wp\/v2\/comments?post=2304"}],"version-history":[{"count":11,"href":"https:\/\/www.apls.ca\/en\/wp-json\/wp\/v2\/pages\/2304\/revisions"}],"predecessor-version":[{"id":3547,"href":"https:\/\/www.apls.ca\/en\/wp-json\/wp\/v2\/pages\/2304\/revisions\/3547"}],"wp:attachment":[{"href":"https:\/\/www.apls.ca\/en\/wp-json\/wp\/v2\/media?parent=2304"}],"curies":[{"name":"wp","href":"https:\/\/api.w.org\/{rel}","templated":true}]}}